{"id":67,"date":"2022-05-30T10:06:46","date_gmt":"2022-05-30T02:06:46","guid":{"rendered":"https:\/\/www.konmison.com\/?page_id=67"},"modified":"2022-08-17T14:52:27","modified_gmt":"2022-08-17T06:52:27","slug":"leistungsstarke-serviceunterstutzung","status":"publish","type":"page","link":"https:\/\/www.konmison.com\/de\/leistungsstarke-serviceunterstutzung\/","title":{"rendered":"Leistungsstarker Service-Support"},"content":{"rendered":"<div data-elementor-type=\"wp-page\" data-elementor-id=\"67\" class=\"elementor elementor-67\" data-elementor-post-type=\"page\">\n\t\t\t\t\t\t<section class=\"elementor-section elementor-top-section elementor-element elementor-element-7cde6a7 elementor-section-full_width elementor-section-height-default elementor-section-height-default\" data-id=\"7cde6a7\" data-element_type=\"section\">\n\t\t\t\t\t\t<div class=\"elementor-container elementor-column-gap-default\">\n\t\t\t\t\t<div class=\"elementor-column elementor-col-100 elementor-top-column elementor-element elementor-element-4928ff6\" data-id=\"4928ff6\" data-element_type=\"column\">\n\t\t\t<div class=\"elementor-widget-wrap elementor-element-populated\">\n\t\t\t\t\t\t<div class=\"elementor-element elementor-element-74794ef elementor-widget elementor-widget-template\" data-id=\"74794ef\" data-element_type=\"widget\" data-widget_type=\"template.default\">\n\t\t\t\t<div class=\"elementor-widget-container\">\n\t\t\t\t\t<div class=\"elementor-template\">\n\t\t\t\t\t<div data-elementor-type=\"section\" data-elementor-id=\"295\" class=\"elementor elementor-295\" data-elementor-post-type=\"elementor_library\">\n\t\t\t\t\t<section class=\"elementor-section elementor-top-section elementor-element elementor-element-32659aa7 elementor-section-height-min-height elementor-section-boxed elementor-section-height-default elementor-section-items-middle\" data-id=\"32659aa7\" data-element_type=\"section\" data-settings=\"{&quot;background_background&quot;:&quot;classic&quot;,&quot;background_motion_fx_motion_fx_scrolling&quot;:&quot;yes&quot;,&quot;background_motion_fx_translateY_effect&quot;:&quot;yes&quot;,&quot;background_motion_fx_translateY_speed&quot;:{&quot;unit&quot;:&quot;px&quot;,&quot;size&quot;:3.6,&quot;sizes&quot;:[]},&quot;background_motion_fx_translateY_affectedRange&quot;:{&quot;unit&quot;:&quot;%&quot;,&quot;size&quot;:&quot;&quot;,&quot;sizes&quot;:{&quot;start&quot;:0,&quot;end&quot;:100}},&quot;background_motion_fx_devices&quot;:[&quot;desktop&quot;,&quot;tablet&quot;,&quot;mobile&quot;]}\">\n\t\t\t\t\t\t\t<div class=\"elementor-background-overlay\"><\/div>\n\t\t\t\t\t\t\t<div class=\"elementor-container elementor-column-gap-default\">\n\t\t\t\t\t<div class=\"elementor-column elementor-col-100 elementor-top-column elementor-element elementor-element-3733c9a8\" data-id=\"3733c9a8\" data-element_type=\"column\">\n\t\t\t<div class=\"elementor-widget-wrap elementor-element-populated\">\n\t\t\t\t\t\t<div class=\"elementor-element elementor-element-9702255 elementor-widget elementor-widget-pp-breadcrumbs\" data-id=\"9702255\" data-element_type=\"widget\" data-settings=\"{&quot;breadcrumbs_type&quot;:&quot;powerpack&quot;}\" data-widget_type=\"pp-breadcrumbs.default\">\n\t\t\t\t<div class=\"elementor-widget-container\">\n\t\t\t<ul class=\"pp-breadcrumbs pp-breadcrumbs-powerpack\">\t\t<li class=\"pp-breadcrumbs-item pp-breadcrumbs-item-home\">\n\t\t\t<a class=\"pp-breadcrumbs-crumb pp-breadcrumbs-crumb-link pp-breadcrumbs-crumb-home\" href=\"https:\/\/www.konmison.com\/de\" title=\"Startseite\">\n\t\t\t\t<span class=\"pp-breadcrumbs-text\">\n\t\t\t\t\t\t\t\t\t\tStartseite\t\t\t\t<\/span>\n\t\t\t<\/a>\n\t\t<\/li>\n\t\t<li class=\"pp-breadcrumbs-separator\">\t\t\t\t<span class='pp-separator-icon pp-icon'>\n\t\t\t\t\t<i aria-hidden=\"true\" class=\"fas fa-angle-right\"><\/i>\t\t\t\t<\/span>\n\t\t\t\t<\/li><\/ul>\t\t<\/div>\n\t\t\t\t<\/div>\n\t\t\t\t\t<\/div>\n\t\t<\/div>\n\t\t\t\t\t<\/div>\n\t\t<\/section>\n\t\t\t\t<\/div>\n\t\t\t\t<\/div>\n\t\t\t\t<\/div>\n\t\t\t\t<\/div>\n\t\t\t\t\t<\/div>\n\t\t<\/div>\n\t\t\t\t\t<\/div>\n\t\t<\/section>\n\t\t\t\t<section class=\"elementor-section elementor-top-section elementor-element elementor-element-07702d3 elementor-reverse-tablet elementor-reverse-mobile elementor-section-boxed elementor-section-height-default elementor-section-height-default\" data-id=\"07702d3\" data-element_type=\"section\">\n\t\t\t\t\t\t<div class=\"elementor-container elementor-column-gap-default\">\n\t\t\t\t\t<div class=\"elementor-column elementor-col-50 elementor-top-column elementor-element elementor-element-7a5a9d7\" data-id=\"7a5a9d7\" data-element_type=\"column\">\n\t\t\t<div class=\"elementor-widget-wrap elementor-element-populated\">\n\t\t\t\t\t\t<div class=\"elementor-element elementor-element-584efd3 elementor-widget elementor-widget-heading\" data-id=\"584efd3\" data-element_type=\"widget\" data-widget_type=\"heading.default\">\n\t\t\t\t<div class=\"elementor-widget-container\">\n\t\t\t<h2 class=\"elementor-heading-title elementor-size-default\">Reaktionsschnelle und professionelle Beratung<\/h2>\t\t<\/div>\n\t\t\t\t<\/div>\n\t\t\t\t<div class=\"elementor-element elementor-element-0d753ff elementor-widget elementor-widget-text-editor\" data-id=\"0d753ff\" data-element_type=\"widget\" data-widget_type=\"text-editor.default\">\n\t\t\t\t<div class=\"elementor-widget-container\">\n\t\t\t\t\t\t\t<div id=\"u4562\" class=\"ax_default\" data-left=\"1\" data-top=\"561\" data-width=\"1399\" data-height=\"580\"><div id=\"u4566\" class=\"ax_default shape\"><div id=\"u4566_text\" class=\"text\"><p data-pm-slice=\"1 1 []\">Wir sind rund um die Uhr erreichbar und beantworten Ihre Anrufe. Unsere kostenlose Beratung basiert auf unserer Erfahrung mit verschiedenen Projekten im Bereich der Sch\u00f6nheitspflege und bietet Ihnen wertvolle Ratschl\u00e4ge und Hilfe, die Ihre Marke oder Ihr Unternehmen auf den Weg zu Wachstum und Erfolg bringen. Wir geben Ihnen professionelle Empfehlungen zu den richtigen Ger\u00e4ten f\u00fcr Ihre spezifischen Anwendungen, basierend auf den gew\u00fcnschten Behandlungseffekten, der Verkaufsplattform, den Zielkundengruppen und dem Budget<\/p><\/div><\/div><\/div>\t\t\t\t\t\t<\/div>\n\t\t\t\t<\/div>\n\t\t\t\t\t<\/div>\n\t\t<\/div>\n\t\t\t\t<div class=\"elementor-column elementor-col-50 elementor-top-column elementor-element elementor-element-8536e49\" data-id=\"8536e49\" data-element_type=\"column\">\n\t\t\t<div class=\"elementor-widget-wrap elementor-element-populated\">\n\t\t\t\t\t\t<div class=\"elementor-element elementor-element-687f6a4 elementor-widget elementor-widget-image\" data-id=\"687f6a4\" data-element_type=\"widget\" data-widget_type=\"image.default\">\n\t\t\t\t<div class=\"elementor-widget-container\">\n\t\t\t\t\t\t\t\t\t\t\t\t\t<img fetchpriority=\"high\" decoding=\"async\" width=\"1280\" height=\"720\" src=\"https:\/\/www.konmison.com\/wp-content\/uploads\/2022\/06\/\u670d\u52a1\u56e2\u961f.jpg\" class=\"attachment-large size-large wp-image-467\" alt=\"konmison&#039;s Serviceteam\" \/>\t\t\t\t\t\t\t\t\t\t\t\t\t<\/div>\n\t\t\t\t<\/div>\n\t\t\t\t\t<\/div>\n\t\t<\/div>\n\t\t\t\t\t<\/div>\n\t\t<\/section>\n\t\t\t\t<section class=\"elementor-section elementor-top-section elementor-element elementor-element-cc9dc04 elementor-section-boxed elementor-section-height-default elementor-section-height-default\" data-id=\"cc9dc04\" data-element_type=\"section\">\n\t\t\t\t\t\t<div class=\"elementor-container elementor-column-gap-default\">\n\t\t\t\t\t<div class=\"elementor-column elementor-col-50 elementor-top-column elementor-element elementor-element-dd2559d\" data-id=\"dd2559d\" data-element_type=\"column\">\n\t\t\t<div class=\"elementor-widget-wrap elementor-element-populated\">\n\t\t\t\t\t\t<div class=\"elementor-element elementor-element-ba1e999 elementor-widget elementor-widget-image\" data-id=\"ba1e999\" data-element_type=\"widget\" data-widget_type=\"image.default\">\n\t\t\t\t<div class=\"elementor-widget-container\">\n\t\t\t\t\t\t\t\t\t\t\t\t\t<img decoding=\"async\" width=\"1000\" height=\"667\" src=\"https:\/\/www.konmison.com\/wp-content\/uploads\/2022\/07\/P03-S02-\u4e24\u4f4d\u5de5\u4f5c\u4eba\u5458\u5728\u8ba8\u8bba\u5ba2\u6237\u7684\u8349\u56fe.jpg\" class=\"attachment-large size-large wp-image-1232\" alt=\"Zwei Mitarbeiter besprechen die Skizze des Kunden&amp;#039\" \/>\t\t\t\t\t\t\t\t\t\t\t\t\t<\/div>\n\t\t\t\t<\/div>\n\t\t\t\t\t<\/div>\n\t\t<\/div>\n\t\t\t\t<div class=\"elementor-column elementor-col-50 elementor-top-column elementor-element elementor-element-7b58f9d\" data-id=\"7b58f9d\" data-element_type=\"column\">\n\t\t\t<div class=\"elementor-widget-wrap elementor-element-populated\">\n\t\t\t\t\t\t<div class=\"elementor-element elementor-element-99b1a25 elementor-widget elementor-widget-heading\" data-id=\"99b1a25\" data-element_type=\"widget\" data-widget_type=\"heading.default\">\n\t\t\t\t<div class=\"elementor-widget-container\">\n\t\t\t<h2 class=\"elementor-heading-title elementor-size-default\">Intensive Unterst\u00fctzung f\u00fcr Ihre individuellen Projekte<\/h2>\t\t<\/div>\n\t\t\t\t<\/div>\n\t\t\t\t<div class=\"elementor-element elementor-element-ad754c9 elementor-widget elementor-widget-text-editor\" data-id=\"ad754c9\" data-element_type=\"widget\" data-widget_type=\"text-editor.default\">\n\t\t\t\t<div class=\"elementor-widget-container\">\n\t\t\t\t\t\t\t<div id=\"u4562\" class=\"ax_default\" data-left=\"1\" data-top=\"561\" data-width=\"1399\" data-height=\"580\"><div id=\"u4566\" class=\"ax_default shape\"><div id=\"u4566_text\" class=\"text\"><div id=\"u4571\" class=\"ax_default shape\"><div id=\"u4571_text\" class=\"text\"><p data-pm-slice=\"1 1 []\">Da wir bereits mit vielen Marken zusammengearbeitet haben, wissen unsere professionellen Forschungs- und Entwicklungsteams, wie man neue Sch\u00f6nheitsger\u00e4te von Grund auf entwickelt oder Ihre bestehenden Markendesigns in Produkte umsetzt. Zusammen mit unseren starken Produktionskapazit\u00e4ten und unserer robusten Lieferkette bieten wir Ihnen eine L\u00f6sung aus einer Hand f\u00fcr die Anpassung und Produktion von High-End-Sch\u00f6nheitsger\u00e4ten.<\/p><\/div><\/div><\/div><\/div><\/div>\t\t\t\t\t\t<\/div>\n\t\t\t\t<\/div>\n\t\t\t\t<div class=\"elementor-element elementor-element-422d481 elementor-widget elementor-widget-button\" data-id=\"422d481\" data-element_type=\"widget\" data-widget_type=\"button.default\">\n\t\t\t\t<div class=\"elementor-widget-container\">\n\t\t\t\t\t<div class=\"elementor-button-wrapper\">\n\t\t\t<a class=\"elementor-button elementor-button-link elementor-size-md\" href=\"https:\/\/www.konmison.com\/de\/oem-odm\/\">\n\t\t\t\t\t\t<span class=\"elementor-button-content-wrapper\">\n\t\t\t\t\t\t\t\t\t<span class=\"elementor-button-text\">Mehr \u00fcber OEM &amp; ODM<\/span>\n\t\t\t\t\t<\/span>\n\t\t\t\t\t<\/a>\n\t\t<\/div>\n\t\t\t\t<\/div>\n\t\t\t\t<\/div>\n\t\t\t\t\t<\/div>\n\t\t<\/div>\n\t\t\t\t\t<\/div>\n\t\t<\/section>\n\t\t\t\t<section class=\"elementor-section elementor-top-section elementor-element elementor-element-f3445ca elementor-reverse-tablet elementor-reverse-mobile elementor-section-boxed elementor-section-height-default elementor-section-height-default\" data-id=\"f3445ca\" data-element_type=\"section\">\n\t\t\t\t\t\t<div class=\"elementor-container elementor-column-gap-default\">\n\t\t\t\t\t<div class=\"elementor-column elementor-col-50 elementor-top-column elementor-element elementor-element-20fc64b\" data-id=\"20fc64b\" data-element_type=\"column\">\n\t\t\t<div class=\"elementor-widget-wrap elementor-element-populated\">\n\t\t\t\t\t\t<div class=\"elementor-element elementor-element-3eefa7d elementor-widget elementor-widget-heading\" data-id=\"3eefa7d\" data-element_type=\"widget\" data-widget_type=\"heading.default\">\n\t\t\t\t<div class=\"elementor-widget-container\">\n\t\t\t<h2 class=\"elementor-heading-title elementor-size-default\">Gr\u00fcndlicher Kundendienst<\/h2>\t\t<\/div>\n\t\t\t\t<\/div>\n\t\t\t\t<div class=\"elementor-element elementor-element-86d98d3 elementor-widget elementor-widget-text-editor\" data-id=\"86d98d3\" data-element_type=\"widget\" data-widget_type=\"text-editor.default\">\n\t\t\t\t<div class=\"elementor-widget-container\">\n\t\t\t\t\t\t\t<div id=\"u4562\" class=\"ax_default\" data-left=\"1\" data-top=\"561\" data-width=\"1399\" data-height=\"580\"><div id=\"u4566\" class=\"ax_default shape\"><div id=\"u4566_text\" class=\"text\"><div id=\"u4577\" class=\"ax_default shape\"><div id=\"u4577_text\" class=\"text\"><p>Unser Service h\u00f6rt nicht mit der Lieferung auf. Nachdem wir Ihre Frage erhalten haben, k\u00fcmmert sich unser engagiertes technisches Team um die Behebung des Problems. Wir versprechen, sofort zu reagieren und Ihr Problem innerhalb von 12 Stunden zu l\u00f6sen.<\/p><\/div><\/div><\/div><\/div><\/div>\t\t\t\t\t\t<\/div>\n\t\t\t\t<\/div>\n\t\t\t\t<div class=\"elementor-element elementor-element-e33f5c5 elementor-icon-list--layout-traditional elementor-list-item-link-full_width elementor-widget elementor-widget-icon-list\" data-id=\"e33f5c5\" data-element_type=\"widget\" data-widget_type=\"icon-list.default\">\n\t\t\t\t<div class=\"elementor-widget-container\">\n\t\t\t\t\t<ul class=\"elementor-icon-list-items\">\n\t\t\t\t\t\t\t<li class=\"elementor-icon-list-item\">\n\t\t\t\t\t\t\t\t\t\t\t<span class=\"elementor-icon-list-icon\">\n\t\t\t\t\t\t\t<i aria-hidden=\"true\" class=\"fas fa-dot-circle\"><\/i>\t\t\t\t\t\t<\/span>\n\t\t\t\t\t\t\t\t\t\t<span class=\"elementor-icon-list-text\">Ausreichendes Ersatzteillager behebt Verschlei\u00dfprobleme oder Ausf\u00e4lle in k\u00fcrzester Zeit<\/span>\n\t\t\t\t\t\t\t\t\t<\/li>\n\t\t\t\t\t\t\t\t<li class=\"elementor-icon-list-item\">\n\t\t\t\t\t\t\t\t\t\t\t<span class=\"elementor-icon-list-icon\">\n\t\t\t\t\t\t\t<i aria-hidden=\"true\" class=\"fas fa-dot-circle\"><\/i>\t\t\t\t\t\t<\/span>\n\t\t\t\t\t\t\t\t\t\t<span class=\"elementor-icon-list-text\">1 Jahr Garantie auf die gesamte Maschine, 3 Monate Garantie auf Teile<\/span>\n\t\t\t\t\t\t\t\t\t<\/li>\n\t\t\t\t\t\t\t\t<li class=\"elementor-icon-list-item\">\n\t\t\t\t\t\t\t\t\t\t\t<span class=\"elementor-icon-list-icon\">\n\t\t\t\t\t\t\t<i aria-hidden=\"true\" class=\"fas fa-dot-circle\"><\/i>\t\t\t\t\t\t<\/span>\n\t\t\t\t\t\t\t\t\t\t<span class=\"elementor-icon-list-text\">Bew\u00e4hrte Lehrvideos und Bedienungsanleitungen f\u00fcr Ihr Personal<\/span>\n\t\t\t\t\t\t\t\t\t<\/li>\n\t\t\t\t\t\t<\/ul>\n\t\t\t\t<\/div>\n\t\t\t\t<\/div>\n\t\t\t\t\t<\/div>\n\t\t<\/div>\n\t\t\t\t<div class=\"elementor-column elementor-col-50 elementor-top-column elementor-element elementor-element-9049c45\" data-id=\"9049c45\" data-element_type=\"column\">\n\t\t\t<div class=\"elementor-widget-wrap elementor-element-populated\">\n\t\t\t\t\t\t<div class=\"elementor-element elementor-element-134fca0 elementor-widget elementor-widget-image\" data-id=\"134fca0\" data-element_type=\"widget\" data-widget_type=\"image.default\">\n\t\t\t\t<div class=\"elementor-widget-container\">\n\t\t\t\t\t\t\t\t\t\t\t\t\t<img decoding=\"async\" width=\"1000\" height=\"667\" src=\"https:\/\/www.konmison.com\/wp-content\/uploads\/2022\/07\/P03-1-S03-\u552e\u540e\u56e2\u961f\u5728\u5de5\u4f4d\u56de\u590d\u5ba2\u6237\u7684\u95ee\u9898.jpg\" class=\"attachment-large size-large wp-image-1241\" alt=\"Das After-Sales-Team beantwortet die Fragen der Kunden am Arbeitsplatz\" \/>\t\t\t\t\t\t\t\t\t\t\t\t\t<\/div>\n\t\t\t\t<\/div>\n\t\t\t\t\t<\/div>\n\t\t<\/div>\n\t\t\t\t\t<\/div>\n\t\t<\/section>\n\t\t\t\t<section class=\"elementor-section elementor-top-section elementor-element elementor-element-ce18bbe elementor-section-boxed elementor-section-height-default elementor-section-height-default\" data-id=\"ce18bbe\" data-element_type=\"section\">\n\t\t\t\t\t\t<div class=\"elementor-container elementor-column-gap-default\">\n\t\t\t\t\t<div class=\"elementor-column elementor-col-100 elementor-top-column elementor-element elementor-element-e93cb93\" data-id=\"e93cb93\" data-element_type=\"column\">\n\t\t\t<div class=\"elementor-widget-wrap elementor-element-populated\">\n\t\t\t\t\t\t<div class=\"elementor-element elementor-element-a4ed088 elementor-widget elementor-widget-heading\" data-id=\"a4ed088\" data-element_type=\"widget\" data-widget_type=\"heading.default\">\n\t\t\t\t<div class=\"elementor-widget-container\">\n\t\t\t<h2 class=\"elementor-heading-title elementor-size-default\">Mehrere gesch\u00e4ftsspezifische Unterst\u00fctzungsdienste<\/h2>\t\t<\/div>\n\t\t\t\t<\/div>\n\t\t\t\t\t<\/div>\n\t\t<\/div>\n\t\t\t\t\t<\/div>\n\t\t<\/section>\n\t\t\t\t<section class=\"elementor-section elementor-top-section elementor-element elementor-element-1ac7300 elementor-section-boxed elementor-section-height-default elementor-section-height-default\" data-id=\"1ac7300\" data-element_type=\"section\">\n\t\t\t\t\t\t<div class=\"elementor-container elementor-column-gap-default\">\n\t\t\t\t\t<div class=\"elementor-column elementor-col-33 elementor-top-column elementor-element elementor-element-b42a4db\" data-id=\"b42a4db\" data-element_type=\"column\">\n\t\t\t<div class=\"elementor-widget-wrap elementor-element-populated\">\n\t\t\t\t\t\t<div class=\"elementor-element elementor-element-3e0f56a elementor-widget elementor-widget-heading\" data-id=\"3e0f56a\" data-element_type=\"widget\" data-widget_type=\"heading.default\">\n\t\t\t\t<div class=\"elementor-widget-container\">\n\t\t\t<h3 class=\"elementor-heading-title elementor-size-default\">F\u00fcr Marken und Gro\u00dfh\u00e4ndler<\/h3>\t\t<\/div>\n\t\t\t\t<\/div>\n\t\t\t\t<div class=\"elementor-element elementor-element-767421e elementor-widget elementor-widget-text-editor\" data-id=\"767421e\" data-element_type=\"widget\" data-widget_type=\"text-editor.default\">\n\t\t\t\t<div class=\"elementor-widget-container\">\n\t\t\t\t\t\t\t<div id=\"u4589\" class=\"ax_default\" data-left=\"146\" data-top=\"2530\" data-width=\"332\" data-height=\"227\"><div id=\"u4591\" class=\"ax_default shape\"><div id=\"u4591_text\" class=\"text\"><p>Wir haben eine Reihe von Multieffekt-Sch\u00f6nheitsger\u00e4ten entwickelt und bieten profitable OEM-Programme an, um die Bed\u00fcrfnisse von Kosmetikmarken und Gro\u00dfh\u00e4ndlern zu erf\u00fcllen. Dank unserer soliden Beziehungen zu Vorlieferanten und unserer eigenen Fabrik sind wir in der Lage, Sie kontinuierlich mit hochwertigen Sch\u00f6nheitsger\u00e4ten zu versorgen.<\/p><\/div><\/div><\/div>\t\t\t\t\t\t<\/div>\n\t\t\t\t<\/div>\n\t\t\t\t\t<\/div>\n\t\t<\/div>\n\t\t\t\t<div class=\"elementor-column elementor-col-33 elementor-top-column elementor-element elementor-element-97d85b0\" data-id=\"97d85b0\" data-element_type=\"column\">\n\t\t\t<div class=\"elementor-widget-wrap elementor-element-populated\">\n\t\t\t\t\t\t<div class=\"elementor-element elementor-element-d7da7a6 elementor-widget elementor-widget-heading\" data-id=\"d7da7a6\" data-element_type=\"widget\" data-widget_type=\"heading.default\">\n\t\t\t\t<div class=\"elementor-widget-container\">\n\t\t\t<h3 class=\"elementor-heading-title elementor-size-default\">F\u00fcr Hautprodukt inc<\/h3>\t\t<\/div>\n\t\t\t\t<\/div>\n\t\t\t\t<div class=\"elementor-element elementor-element-992779b elementor-widget elementor-widget-text-editor\" data-id=\"992779b\" data-element_type=\"widget\" data-widget_type=\"text-editor.default\">\n\t\t\t\t<div class=\"elementor-widget-container\">\n\t\t\t\t\t\t\t<div id=\"u4589\" class=\"ax_default\" data-left=\"146\" data-top=\"2530\" data-width=\"332\" data-height=\"227\"><div id=\"u4591\" class=\"ax_default shape\"><div id=\"u4591_text\" class=\"text\"><div id=\"u4592\" class=\"ax_default\" data-left=\"542\" data-top=\"2530\" data-width=\"340\" data-height=\"179\"><div id=\"u4594\" class=\"ax_default shape\"><div id=\"u4594_text\" class=\"text\"><p>Konmison arbeitet eng mit Ihnen zusammen, um unsere Ger\u00e4te auf Ihre Hautpflegeprodukte abzustimmen und die Hautpflegeergebnisse zu maximieren. Mit unserer umfangreichen Erfahrung schaffen wir eine umfassende Hautpflegel\u00f6sung, die Ihr Gesch\u00e4ft befl\u00fcgelt.<\/p><\/div><\/div><\/div><\/div><\/div><\/div>\t\t\t\t\t\t<\/div>\n\t\t\t\t<\/div>\n\t\t\t\t\t<\/div>\n\t\t<\/div>\n\t\t\t\t<div class=\"elementor-column elementor-col-33 elementor-top-column elementor-element elementor-element-494d7fe\" data-id=\"494d7fe\" data-element_type=\"column\">\n\t\t\t<div class=\"elementor-widget-wrap elementor-element-populated\">\n\t\t\t\t\t\t<div class=\"elementor-element elementor-element-35467ab elementor-widget elementor-widget-heading\" data-id=\"35467ab\" data-element_type=\"widget\" data-widget_type=\"heading.default\">\n\t\t\t\t<div class=\"elementor-widget-container\">\n\t\t\t<h3 class=\"elementor-heading-title elementor-size-default\">F\u00fcr Sch\u00f6nheitssalons<\/h3>\t\t<\/div>\n\t\t\t\t<\/div>\n\t\t\t\t<div class=\"elementor-element elementor-element-e89acb2 elementor-widget elementor-widget-text-editor\" data-id=\"e89acb2\" data-element_type=\"widget\" data-widget_type=\"text-editor.default\">\n\t\t\t\t<div class=\"elementor-widget-container\">\n\t\t\t\t\t\t\t<div id=\"u4589\" class=\"ax_default\" data-left=\"146\" data-top=\"2530\" data-width=\"332\" data-height=\"227\"><div id=\"u4591\" class=\"ax_default shape\"><div id=\"u4591_text\" class=\"text\"><div id=\"u4584\" class=\"ax_default\" data-left=\"122\" data-top=\"2374\" data-width=\"1178\" data-height=\"482\"><div id=\"u4595\" class=\"ax_default\" data-left=\"947\" data-top=\"2530\" data-width=\"326\" data-height=\"228\"><div id=\"u4597\" class=\"ax_default shape\"><div id=\"u4597_text\" class=\"text\"><p>Unsere leistungsstarken und wartungsarmen Ger\u00e4te verhelfen Ihrem Sch\u00f6nheitssalon oder Ihrer Sch\u00f6nheitsklinik zu einem schnellen Return on Investment. Dar\u00fcber hinaus k\u00f6nnen Sie unseren zuverl\u00e4ssigen Kundendienst in Anspruch nehmen, von der Bedienerschulung bis zum technischen Support.<\/p><\/div><\/div><\/div><\/div><\/div><\/div><\/div>\t\t\t\t\t\t<\/div>\n\t\t\t\t<\/div>\n\t\t\t\t\t<\/div>\n\t\t<\/div>\n\t\t\t\t\t<\/div>\n\t\t<\/section>\n\t\t\t\t<\/div>","protected":false},"excerpt":{"rendered":"<p>Reaktionsschnelle und professionelle Beratung Wir stehen Ihnen rund um die Uhr zur Verf\u00fcgung und nehmen Ihre Anrufe entgegen. Unsere kostenlose Beratung basiert auf unserer Erfahrung mit verschiedenen Projekten im Bereich der Sch\u00f6nheitspflege und bietet Ihnen wertvolle Ratschl\u00e4ge und Hilfe, die Ihre Marke oder Ihr Unternehmen auf den Weg zu Wachstum und Erfolg bringen. Wir geben professionelle Empfehlungen zu den richtigen Maschinen [...]<\/p>","protected":false},"author":2,"featured_media":0,"parent":0,"menu_order":0,"comment_status":"closed","ping_status":"closed","template":"","meta":{"_seopress_robots_primary_cat":"","_seopress_titles_title":"Powerful Support | Konmison","_seopress_titles_desc":"We review your ideas in depth to create feasible beauty machinery customized for various brands. After the sale, our technical support remains to address any quality issues.","_seopress_robots_index":"","footnotes":""},"class_list":["post-67","page","type-page","status-publish","hentry"],"acf":[],"_links":{"self":[{"href":"https:\/\/www.konmison.com\/de\/wp-json\/wp\/v2\/pages\/67","targetHints":{"allow":["GET"]}}],"collection":[{"href":"https:\/\/www.konmison.com\/de\/wp-json\/wp\/v2\/pages"}],"about":[{"href":"https:\/\/www.konmison.com\/de\/wp-json\/wp\/v2\/types\/page"}],"author":[{"embeddable":true,"href":"https:\/\/www.konmison.com\/de\/wp-json\/wp\/v2\/users\/2"}],"replies":[{"embeddable":true,"href":"https:\/\/www.konmison.com\/de\/wp-json\/wp\/v2\/comments?post=67"}],"version-history":[{"count":26,"href":"https:\/\/www.konmison.com\/de\/wp-json\/wp\/v2\/pages\/67\/revisions"}],"predecessor-version":[{"id":3283,"href":"https:\/\/www.konmison.com\/de\/wp-json\/wp\/v2\/pages\/67\/revisions\/3283"}],"wp:attachment":[{"href":"https:\/\/www.konmison.com\/de\/wp-json\/wp\/v2\/media?parent=67"}],"curies":[{"name":"wp","href":"https:\/\/api.w.org\/{rel}","templated":true}]}}