{"id":70113,"date":"2025-07-08T10:30:23","date_gmt":"2025-07-08T02:30:23","guid":{"rendered":"https:\/\/www.konmison.com\/?page_id=70113"},"modified":"2025-07-08T10:33:55","modified_gmt":"2025-07-08T02:33:55","slug":"fraktionslaser","status":"publish","type":"page","link":"https:\/\/www.konmison.com\/de\/schonheitsgerate\/gesichtsbehandlungsgerat\/fraktionslaser\/","title":{"rendered":"Fractional Laser"},"content":{"rendered":"<div data-elementor-type=\"wp-page\" data-elementor-id=\"70113\" class=\"elementor elementor-70113\" data-elementor-post-type=\"page\">\n\t\t\t\t\t\t<section class=\"elementor-section elementor-top-section elementor-element elementor-element-7b75b235 elementor-section-full_width elementor-section-height-default elementor-section-height-default\" data-id=\"7b75b235\" data-element_type=\"section\">\n\t\t\t\t\t\t<div class=\"elementor-container elementor-column-gap-default\">\n\t\t\t\t\t<div class=\"elementor-column elementor-col-100 elementor-top-column elementor-element elementor-element-4c920375\" data-id=\"4c920375\" data-element_type=\"column\">\n\t\t\t<div class=\"elementor-widget-wrap elementor-element-populated\">\n\t\t\t\t\t\t<div class=\"elementor-element elementor-element-6a566f88 elementor-widget elementor-widget-template\" data-id=\"6a566f88\" data-element_type=\"widget\" data-widget_type=\"template.default\">\n\t\t\t\t<div class=\"elementor-widget-container\">\n\t\t\t\t\t<div class=\"elementor-template\">\n\t\t\t\t\t<div data-elementor-type=\"section\" data-elementor-id=\"295\" class=\"elementor elementor-295\" data-elementor-post-type=\"elementor_library\">\n\t\t\t\t\t<section class=\"elementor-section elementor-top-section elementor-element elementor-element-32659aa7 elementor-section-height-min-height elementor-section-boxed elementor-section-height-default elementor-section-items-middle\" data-id=\"32659aa7\" data-element_type=\"section\" data-settings=\"{&quot;background_background&quot;:&quot;classic&quot;,&quot;background_motion_fx_motion_fx_scrolling&quot;:&quot;yes&quot;,&quot;background_motion_fx_translateY_effect&quot;:&quot;yes&quot;,&quot;background_motion_fx_translateY_speed&quot;:{&quot;unit&quot;:&quot;px&quot;,&quot;size&quot;:3.6,&quot;sizes&quot;:[]},&quot;background_motion_fx_translateY_affectedRange&quot;:{&quot;unit&quot;:&quot;%&quot;,&quot;size&quot;:&quot;&quot;,&quot;sizes&quot;:{&quot;start&quot;:0,&quot;end&quot;:100}},&quot;background_motion_fx_devices&quot;:[&quot;desktop&quot;,&quot;tablet&quot;,&quot;mobile&quot;]}\">\n\t\t\t\t\t\t\t<div class=\"elementor-background-overlay\"><\/div>\n\t\t\t\t\t\t\t<div class=\"elementor-container elementor-column-gap-default\">\n\t\t\t\t\t<div class=\"elementor-column elementor-col-100 elementor-top-column elementor-element elementor-element-3733c9a8\" data-id=\"3733c9a8\" data-element_type=\"column\">\n\t\t\t<div class=\"elementor-widget-wrap elementor-element-populated\">\n\t\t\t\t\t\t<div class=\"elementor-element elementor-element-9702255 elementor-widget elementor-widget-pp-breadcrumbs\" data-id=\"9702255\" data-element_type=\"widget\" data-settings=\"{&quot;breadcrumbs_type&quot;:&quot;powerpack&quot;}\" data-widget_type=\"pp-breadcrumbs.default\">\n\t\t\t\t<div class=\"elementor-widget-container\">\n\t\t\t<ul class=\"pp-breadcrumbs pp-breadcrumbs-powerpack\">\t\t<li class=\"pp-breadcrumbs-item pp-breadcrumbs-item-home\">\n\t\t\t<a class=\"pp-breadcrumbs-crumb pp-breadcrumbs-crumb-link pp-breadcrumbs-crumb-home\" href=\"https:\/\/www.konmison.com\/de\" title=\"Startseite\">\n\t\t\t\t<span class=\"pp-breadcrumbs-text\">\n\t\t\t\t\t\t\t\t\t\tStartseite\t\t\t\t<\/span>\n\t\t\t<\/a>\n\t\t<\/li>\n\t\t<li class=\"pp-breadcrumbs-separator\">\t\t\t\t<span class='pp-separator-icon pp-icon'>\n\t\t\t\t\t<i aria-hidden=\"true\" class=\"fas fa-angle-right\"><\/i>\t\t\t\t<\/span>\n\t\t\t\t<\/li><\/ul>\t\t<\/div>\n\t\t\t\t<\/div>\n\t\t\t\t\t<\/div>\n\t\t<\/div>\n\t\t\t\t\t<\/div>\n\t\t<\/section>\n\t\t\t\t<\/div>\n\t\t\t\t<\/div>\n\t\t\t\t<\/div>\n\t\t\t\t<\/div>\n\t\t\t\t\t<\/div>\n\t\t<\/div>\n\t\t\t\t\t<\/div>\n\t\t<\/section>\n\t\t\t\t<section class=\"elementor-section elementor-top-section elementor-element elementor-element-450246c4 elementor-section-boxed elementor-section-height-default elementor-section-height-default\" data-id=\"450246c4\" data-element_type=\"section\">\n\t\t\t\t\t\t<div class=\"elementor-container elementor-column-gap-default\">\n\t\t\t\t\t<div class=\"elementor-column elementor-col-50 elementor-top-column elementor-element elementor-element-726893ee\" data-id=\"726893ee\" data-element_type=\"column\">\n\t\t\t<div class=\"elementor-widget-wrap elementor-element-populated\">\n\t\t\t\t\t\t<div class=\"elementor-element elementor-element-66ef8261 elementor-widget elementor-widget-image\" data-id=\"66ef8261\" data-element_type=\"widget\" data-widget_type=\"image.default\">\n\t\t\t\t<div class=\"elementor-widget-container\">\n\t\t\t\t\t\t\t\t\t\t\t\t\t<img fetchpriority=\"high\" decoding=\"async\" width=\"1000\" height=\"1000\" src=\"https:\/\/www.konmison.com\/wp-content\/uploads\/2025\/03\/EN192-2.webp\" class=\"attachment-large size-large wp-image-63747\" alt=\"EN192 2\" srcset=\"https:\/\/www.konmison.com\/wp-content\/uploads\/2025\/03\/EN192-2.webp 1000w, https:\/\/www.konmison.com\/wp-content\/uploads\/2025\/03\/EN192-2-150x150.webp 150w, https:\/\/www.konmison.com\/wp-content\/uploads\/2025\/03\/EN192-2-12x12.webp 12w\" sizes=\"(max-width: 1000px) 100vw, 1000px\" \/>\t\t\t\t\t\t\t\t\t\t\t\t\t<\/div>\n\t\t\t\t<\/div>\n\t\t\t\t\t<\/div>\n\t\t<\/div>\n\t\t\t\t<div class=\"elementor-column elementor-col-50 elementor-top-column elementor-element elementor-element-251e5d41\" data-id=\"251e5d41\" data-element_type=\"column\">\n\t\t\t<div class=\"elementor-widget-wrap elementor-element-populated\">\n\t\t\t\t\t\t<div class=\"elementor-element elementor-element-4e8c86b6 elementor-widget elementor-widget-heading\" data-id=\"4e8c86b6\" data-element_type=\"widget\" data-widget_type=\"heading.default\">\n\t\t\t\t<div class=\"elementor-widget-container\">\n\t\t\t<h2 class=\"elementor-heading-title elementor-size-default\">Fractional Laser<\/h2>\t\t<\/div>\n\t\t\t\t<\/div>\n\t\t\t\t<div class=\"elementor-element elementor-element-1992dbd2 elementor-widget elementor-widget-text-editor\" data-id=\"1992dbd2\" data-element_type=\"widget\" data-widget_type=\"text-editor.default\">\n\t\t\t\t<div class=\"elementor-widget-container\">\n\t\t\t\t\t\t\t<p>Mit dem Kohlendioxid (CO\u2082)-Laser und dem Thulium-Laser liefert das fraktionierte Laserger\u00e4t von Konmison bemerkenswerte Ergebnisse bei der Hautstraffung und Narbenentfernung. Der CO\u2082-Laser mit seiner Goldstandard-Wellenl\u00e4nge von 10600nm ist aufgrund seiner starken Wasserabsorption hochwirksam. Er eignet sich hervorragend zur Hautstraffung, Narbenentfernung und Vaginalpflege. Der Thulium-Laser mit einer Wellenl\u00e4nge von 1927nm bis 1940nm arbeitet sowohl ablativ als auch nicht-ablativ. Dank dieser einzigartigen Eigenschaft eignet er sich f\u00fcr die Verbesserung des Hauttons, die Entfernung von Narben und die Verbesserung der Aufnahme von Hautpflegeprodukten.<\/p>\t\t\t\t\t\t<\/div>\n\t\t\t\t<\/div>\n\t\t\t\t\t<\/div>\n\t\t<\/div>\n\t\t\t\t\t<\/div>\n\t\t<\/section>\n\t\t\t\t<section class=\"elementor-section elementor-top-section elementor-element elementor-element-70247ff9 elementor-section-boxed elementor-section-height-default elementor-section-height-default\" data-id=\"70247ff9\" data-element_type=\"section\">\n\t\t\t\t\t\t<div class=\"elementor-container elementor-column-gap-default\">\n\t\t\t\t\t<div class=\"elementor-column elementor-col-100 elementor-top-column elementor-element elementor-element-31475ce3\" data-id=\"31475ce3\" data-element_type=\"column\">\n\t\t\t<div class=\"elementor-widget-wrap elementor-element-populated\">\n\t\t\t\t\t\t<div class=\"elementor-element elementor-element-179e1668 elementor-widget elementor-widget-heading\" data-id=\"179e1668\" data-element_type=\"widget\" data-widget_type=\"heading.default\">\n\t\t\t\t<div class=\"elementor-widget-container\">\n\t\t\t<h2 class=\"elementor-heading-title elementor-size-default\">Verschiedene hocheffiziente fraktionierte Lasermaschinen zur Befriedigung Ihrer Bed\u00fcrfnisse<\/h2>\t\t<\/div>\n\t\t\t\t<\/div>\n\t\t\t\t\t<\/div>\n\t\t<\/div>\n\t\t\t\t\t<\/div>\n\t\t<\/section>\n\t\t\t\t<section class=\"elementor-section elementor-top-section elementor-element elementor-element-19e1bdd3 elementor-section-boxed elementor-section-height-default elementor-section-height-default\" data-id=\"19e1bdd3\" data-element_type=\"section\">\n\t\t\t\t\t\t<div class=\"elementor-container elementor-column-gap-default\">\n\t\t\t\t\t<div class=\"elementor-column elementor-col-100 elementor-top-column elementor-element elementor-element-78d4bac5\" data-id=\"78d4bac5\" data-element_type=\"column\">\n\t\t\t<div class=\"elementor-widget-wrap elementor-element-populated\">\n\t\t\t\t\t\t<div class=\"elementor-element elementor-element-5413dcc9 elementor-widget elementor-widget-shortcode\" data-id=\"5413dcc9\" data-element_type=\"widget\" data-widget_type=\"shortcode.default\">\n\t\t\t\t<div class=\"elementor-widget-container\">\n\t\t\t\t\t<div class=\"elementor-shortcode\">\n<style>\n    .pagination{\n        margin-top: 50px;\n        text-align: center;\n    }\n    .mml-page {\n        cursor: pointer;\n        font-size: 16px;\n        font-weight: 500;\n        \/*border-style: solid;*\/\n        border-width: 1px 1px 1px 1px;\n        \/*border-color: #7C7F8545;*\/\n        padding: 12px 8px 12px 8px;\n        margin: 0 12px;\n    }\n    .mml-page.active{\n        color: var( --e-global-color-4a8fecd );\n    }\n<\/style>\n\n<div class=\"product-categories\">\n    <div class=\"product-list\">\n        <div class=\"product-item\" style=\"display: none\">\n            <div class=\"img-wrap\">\n                <a href=\"javascript:;\">\n                    <img decoding=\"async\" src=\"\/wp-content\/uploads\/2022\/06\/Skin-rejuvenation-machine-3.jpg\" alt=\"\">\n                <\/a>\n            <\/div>\n            <div class=\"text-wrap\">\n                <h4><a href=\"javascript:;\">5 in 1 Vakuum RF Kavitation Schlankheitsmaschine<\/a><\/h4>\n                <ul class=\"product-desc-list\">\n                    <li class=\"product-desc-item\">\n                        <i class=\"fas fa-dot-circle\"><\/i><p>40K Kavitation+RF+Vakuum RF+Rote LED<\/p>\n                    <\/li>\n                    <li class=\"product-desc-item\">\n                        <i class=\"fas fa-dot-circle\"><\/i><p>40K Kavitation+RF+Vakuum RF+Rote LED<\/p>\n                    <\/li>\n                    <li class=\"product-desc-item\">\n                        <i class=\"fas fa-dot-circle\"><\/i><p>40K Kavitation+RF+Vakuum RF+Rote LED<\/p>\n                    <\/li>\n                    <li class=\"product-desc-item\">\n                        <i class=\"fas fa-dot-circle\"><\/i><p>40K Kavitation+RF+Vakuum RF+Rote LED<\/p>\n                    <\/li>\n                    <li class=\"product-desc-item\">\n                        <i class=\"fas fa-dot-circle\"><\/i><p>40K Kavitation+RF+Vakuum RF+Rote LED<\/p>\n                    <\/li>\n                <\/ul>\n            <\/div>\n        <\/div>\n    <\/div>\n    <div class=\"pagination\"><\/div>\n<\/div>\n<script>\n    var $ = jQuery;\n    var term = '';\n    $(document).ready(function() {\n        get_search_datas()\n        function get_search_datas(page=1) {\n            \/\/ return;\n            post_type = $('.option-list .option-item.active').eq(0).attr('post-type');\n            $.ajax({\n                url: \"\/wp-admin\/admin-ajax.php\",\n                dataType : 'json',\n                type:'get',\n                data:{\n                    'term_id': term,\n                    'page':page,\n                    'action': 'products_list',\n                    \/\/ 'per_page':per_page\n                },\n                success:function (data) {\n                    var html = '';\n                    if (data.data.length >0){\n                        var arr = data.data;\n                        for (var i=0;i<data.data.length;i++){\n                            \/\/ ${arr[i].}\n                            html +=`<div class=\"product-item\">\n\t\t\t\t\t\t\t\t<div class=\"img-wrap\">\n\t\t\t\t\t\t\t\t\t<a href=\"${arr[i].jump_url}\">\n\t\t\t\t\t\t\t\t\t\t<img decoding=\"async\" src=\"${arr[i].img}\" alt=\"${arr[i].alt}\">\n\t\t\t\t\t\t\t\t\t<\/a>\n\t\t\t\t\t\t\t\t<\/div>\n\t\t\t\t\t\t\t\t<div class=\"text-wrap\">\n\t\t\t\t\t\t\t\t\t<h4><a href=\"${arr[i].jump_url}\">${arr[i].name}<\/a><\/h4>\n\t\t\t\t\t\t\t\t\t${arr[i].infos_html}\n\t\t\t\t\t\t\t\t<\/div>\n\t\t\t\t\t\t\t<\/div> `\n                        }\n                    }\n                    $('.product-list').html(html)\n                    $('.content p').html(data.count_html)\n                    \/\/ $('.content mml-shopcart-items').html(html)\n\n                    if (data.page_num ==1 || data.page_num == 0){\n                        $('.pagination').html('');\n                    }else{\n                        $('.pagination').mmlpage(data.page, data.page_num, {\n                            prev: '\u00ab Previous',\n                            next: 'Next \u00bb',\n                            pageClass:'mml-page',\n                            activeClass:'active',\n                            \/\/ href: '?page='\n                            click:function (page) {\n                                get_search_datas(page);\n                            }\n                        });\n\n                    }\n                    jQuery(\"a.vp-a\").YouTubePopUp();\n\n                    $('.loading').hide();\n                },\n            });\n\n        }\n\n        $('.option-list .option-item').on('click',function (){\n            $(this).addClass('active').siblings().removeClass('active')\n            get_search_datas()\n\n        })\n    })\n<\/script><\/div>\n\t\t\t\t<\/div>\n\t\t\t\t<\/div>\n\t\t\t\t\t<\/div>\n\t\t<\/div>\n\t\t\t\t\t<\/div>\n\t\t<\/section>\n\t\t\t\t<section class=\"elementor-section elementor-top-section elementor-element elementor-element-334318d9 elementor-section-full_width elementor-section-height-default elementor-section-height-default\" data-id=\"334318d9\" data-element_type=\"section\">\n\t\t\t\t\t\t<div class=\"elementor-container elementor-column-gap-default\">\n\t\t\t\t\t<div class=\"elementor-column elementor-col-100 elementor-top-column elementor-element elementor-element-7104aa5b\" data-id=\"7104aa5b\" data-element_type=\"column\">\n\t\t\t<div class=\"elementor-widget-wrap elementor-element-populated\">\n\t\t\t\t\t\t<div class=\"elementor-element elementor-element-43bdb87 elementor-widget elementor-widget-template\" data-id=\"43bdb87\" data-element_type=\"widget\" data-widget_type=\"template.default\">\n\t\t\t\t<div class=\"elementor-widget-container\">\n\t\t\t\t\t<div class=\"elementor-template\">\n\t\t\t\t\t<div data-elementor-type=\"section\" data-elementor-id=\"409\" class=\"elementor elementor-409\" data-elementor-post-type=\"elementor_library\">\n\t\t\t\t\t<section class=\"elementor-section elementor-top-section elementor-element elementor-element-76a2c331 elementor-section-boxed elementor-section-height-default elementor-section-height-default\" data-id=\"76a2c331\" data-element_type=\"section\" data-settings=\"{&quot;background_background&quot;:&quot;gradient&quot;}\">\n\t\t\t\t\t\t<div class=\"elementor-container elementor-column-gap-default\">\n\t\t\t\t\t<div class=\"elementor-column elementor-col-100 elementor-top-column elementor-element elementor-element-28a0d243\" data-id=\"28a0d243\" data-element_type=\"column\">\n\t\t\t<div class=\"elementor-widget-wrap elementor-element-populated\">\n\t\t\t\t\t\t<div class=\"elementor-element elementor-element-75afcfbb elementor-widget elementor-widget-heading\" data-id=\"75afcfbb\" data-element_type=\"widget\" data-widget_type=\"heading.default\">\n\t\t\t\t<div class=\"elementor-widget-container\">\n\t\t\t<h2 class=\"elementor-heading-title elementor-size-default\">F\u00f6rdern Sie Ihr Sch\u00f6nheitsgesch\u00e4ft mit Konmison Technology<\/h2>\t\t<\/div>\n\t\t\t\t<\/div>\n\t\t\t\t<div class=\"elementor-element elementor-element-79548be4 elementor-icon-list--layout-inline elementor-align-center elementor-list-item-link-full_width elementor-widget elementor-widget-icon-list\" data-id=\"79548be4\" data-element_type=\"widget\" data-widget_type=\"icon-list.default\">\n\t\t\t\t<div class=\"elementor-widget-container\">\n\t\t\t\t\t<ul class=\"elementor-icon-list-items elementor-inline-items\">\n\t\t\t\t\t\t\t<li class=\"elementor-icon-list-item elementor-inline-item\">\n\t\t\t\t\t\t\t\t\t\t<span class=\"elementor-icon-list-text\">F\u00fcr Markeneigent\u00fcmer\/Gro\u00dfh\u00e4ndler\/H\u00e4ndler<\/span>\n\t\t\t\t\t\t\t\t\t<\/li>\n\t\t\t\t\t\t\t\t<li class=\"elementor-icon-list-item elementor-inline-item\">\n\t\t\t\t\t\t\t\t\t\t<span class=\"elementor-icon-list-text\">F\u00fcr Hautproduktunternehmen<\/span>\n\t\t\t\t\t\t\t\t\t<\/li>\n\t\t\t\t\t\t\t\t<li class=\"elementor-icon-list-item elementor-inline-item\">\n\t\t\t\t\t\t\t\t\t\t<span class=\"elementor-icon-list-text\">F\u00fcr Sch\u00f6nheitssalons\/Kliniken\/Spas<\/span>\n\t\t\t\t\t\t\t\t\t<\/li>\n\t\t\t\t\t\t<\/ul>\n\t\t\t\t<\/div>\n\t\t\t\t<\/div>\n\t\t\t\t<div class=\"elementor-element elementor-element-4da3b52f elementor-align-center elementor-widget elementor-widget-button\" data-id=\"4da3b52f\" data-element_type=\"widget\" data-widget_type=\"button.default\">\n\t\t\t\t<div class=\"elementor-widget-container\">\n\t\t\t\t\t<div class=\"elementor-button-wrapper\">\n\t\t\t<a class=\"elementor-button elementor-button-link elementor-size-md\" href=\"#elementor-action%3Aaction%3Dpopup%3Aopen%26settings%3DeyJpZCI6IjM0NCIsInRvZ2dsZSI6ZmFsc2V9\">\n\t\t\t\t\t\t<span class=\"elementor-button-content-wrapper\">\n\t\t\t\t\t\t\t\t\t<span class=\"elementor-button-text\">Kontakt<\/span>\n\t\t\t\t\t<\/span>\n\t\t\t\t\t<\/a>\n\t\t<\/div>\n\t\t\t\t<\/div>\n\t\t\t\t<\/div>\n\t\t\t\t\t<\/div>\n\t\t<\/div>\n\t\t\t\t\t<\/div>\n\t\t<\/section>\n\t\t\t\t<\/div>\n\t\t\t\t<\/div>\n\t\t\t\t<\/div>\n\t\t\t\t<\/div>\n\t\t\t\t\t<\/div>\n\t\t<\/div>\n\t\t\t\t\t<\/div>\n\t\t<\/section>\n\t\t\t\t<\/div>","protected":false},"excerpt":{"rendered":"<p>Fractional Laser Mit dem Kohlendioxid (CO\u2082)-Laser und dem Thulium-Laser liefert das fraktionierte Laserger\u00e4t von Konmison bemerkenswerte Ergebnisse bei der Hautstraffung und Narbenentfernung. Der CO\u2082-Laser mit seiner Goldstandard-Wellenl\u00e4nge von 10600nm ist aufgrund seiner starken Wasserabsorption hochwirksam. Er eignet sich hervorragend zur Hautstraffung, Narbenentfernung und Vaginalpflege. Der Thulium-Laser, mit einer [...]<\/p>","protected":false},"author":1,"featured_media":0,"parent":42,"menu_order":0,"comment_status":"closed","ping_status":"closed","template":"","meta":{"_seopress_robots_primary_cat":"","_seopress_titles_title":"","_seopress_titles_desc":"","_seopress_robots_index":"","footnotes":""},"class_list":["post-70113","page","type-page","status-publish","hentry"],"acf":[],"_links":{"self":[{"href":"https:\/\/www.konmison.com\/de\/wp-json\/wp\/v2\/pages\/70113","targetHints":{"allow":["GET"]}}],"collection":[{"href":"https:\/\/www.konmison.com\/de\/wp-json\/wp\/v2\/pages"}],"about":[{"href":"https:\/\/www.konmison.com\/de\/wp-json\/wp\/v2\/types\/page"}],"author":[{"embeddable":true,"href":"https:\/\/www.konmison.com\/de\/wp-json\/wp\/v2\/users\/1"}],"replies":[{"embeddable":true,"href":"https:\/\/www.konmison.com\/de\/wp-json\/wp\/v2\/comments?post=70113"}],"version-history":[{"count":3,"href":"https:\/\/www.konmison.com\/de\/wp-json\/wp\/v2\/pages\/70113\/revisions"}],"predecessor-version":[{"id":71306,"href":"https:\/\/www.konmison.com\/de\/wp-json\/wp\/v2\/pages\/70113\/revisions\/71306"}],"up":[{"embeddable":true,"href":"https:\/\/www.konmison.com\/de\/wp-json\/wp\/v2\/pages\/42"}],"wp:attachment":[{"href":"https:\/\/www.konmison.com\/de\/wp-json\/wp\/v2\/media?parent=70113"}],"curies":[{"name":"wp","href":"https:\/\/api.w.org\/{rel}","templated":true}]}}