{"id":71,"date":"2022-05-30T10:06:53","date_gmt":"2022-05-30T02:06:53","guid":{"rendered":"https:\/\/www.konmison.com\/?page_id=71"},"modified":"2022-06-23T22:28:44","modified_gmt":"2022-06-23T14:28:44","slug":"erfolgreiche-falle","status":"publish","type":"page","link":"https:\/\/www.konmison.com\/de\/erfolgreiche-falle\/","title":{"rendered":"Erfolgreiche F\u00e4lle"},"content":{"rendered":"<div data-elementor-type=\"wp-page\" data-elementor-id=\"71\" class=\"elementor elementor-71\" data-elementor-post-type=\"page\">\n\t\t\t\t\t\t<section class=\"elementor-section elementor-top-section elementor-element elementor-element-03f6e5c elementor-section-full_width elementor-section-height-default elementor-section-height-default\" data-id=\"03f6e5c\" data-element_type=\"section\">\n\t\t\t\t\t\t<div class=\"elementor-container elementor-column-gap-default\">\n\t\t\t\t\t<div class=\"elementor-column elementor-col-100 elementor-top-column elementor-element elementor-element-7f5281e\" data-id=\"7f5281e\" data-element_type=\"column\">\n\t\t\t<div class=\"elementor-widget-wrap elementor-element-populated\">\n\t\t\t\t\t\t<div class=\"elementor-element elementor-element-ab69302 elementor-widget elementor-widget-template\" data-id=\"ab69302\" data-element_type=\"widget\" data-widget_type=\"template.default\">\n\t\t\t\t<div class=\"elementor-widget-container\">\n\t\t\t\t\t<div class=\"elementor-template\">\n\t\t\t\t\t<div data-elementor-type=\"section\" data-elementor-id=\"295\" class=\"elementor elementor-295\" data-elementor-post-type=\"elementor_library\">\n\t\t\t\t\t<section class=\"elementor-section elementor-top-section elementor-element elementor-element-32659aa7 elementor-section-height-min-height elementor-section-boxed elementor-section-height-default elementor-section-items-middle\" data-id=\"32659aa7\" data-element_type=\"section\" data-settings=\"{&quot;background_background&quot;:&quot;classic&quot;,&quot;background_motion_fx_motion_fx_scrolling&quot;:&quot;yes&quot;,&quot;background_motion_fx_translateY_effect&quot;:&quot;yes&quot;,&quot;background_motion_fx_translateY_speed&quot;:{&quot;unit&quot;:&quot;px&quot;,&quot;size&quot;:3.6,&quot;sizes&quot;:[]},&quot;background_motion_fx_translateY_affectedRange&quot;:{&quot;unit&quot;:&quot;%&quot;,&quot;size&quot;:&quot;&quot;,&quot;sizes&quot;:{&quot;start&quot;:0,&quot;end&quot;:100}},&quot;background_motion_fx_devices&quot;:[&quot;desktop&quot;,&quot;tablet&quot;,&quot;mobile&quot;]}\">\n\t\t\t\t\t\t\t<div class=\"elementor-background-overlay\"><\/div>\n\t\t\t\t\t\t\t<div class=\"elementor-container elementor-column-gap-default\">\n\t\t\t\t\t<div class=\"elementor-column elementor-col-100 elementor-top-column elementor-element elementor-element-3733c9a8\" data-id=\"3733c9a8\" data-element_type=\"column\">\n\t\t\t<div class=\"elementor-widget-wrap elementor-element-populated\">\n\t\t\t\t\t\t<div class=\"elementor-element elementor-element-9702255 elementor-widget elementor-widget-pp-breadcrumbs\" data-id=\"9702255\" data-element_type=\"widget\" data-settings=\"{&quot;breadcrumbs_type&quot;:&quot;powerpack&quot;}\" data-widget_type=\"pp-breadcrumbs.default\">\n\t\t\t\t<div class=\"elementor-widget-container\">\n\t\t\t<ul class=\"pp-breadcrumbs pp-breadcrumbs-powerpack\">\t\t<li class=\"pp-breadcrumbs-item pp-breadcrumbs-item-home\">\n\t\t\t<a class=\"pp-breadcrumbs-crumb pp-breadcrumbs-crumb-link pp-breadcrumbs-crumb-home\" href=\"https:\/\/www.konmison.com\/de\" title=\"Startseite\">\n\t\t\t\t<span class=\"pp-breadcrumbs-text\">\n\t\t\t\t\t\t\t\t\t\tStartseite\t\t\t\t<\/span>\n\t\t\t<\/a>\n\t\t<\/li>\n\t\t<li class=\"pp-breadcrumbs-separator\">\t\t\t\t<span class='pp-separator-icon pp-icon'>\n\t\t\t\t\t<i aria-hidden=\"true\" class=\"fas fa-angle-right\"><\/i>\t\t\t\t<\/span>\n\t\t\t\t<\/li><\/ul>\t\t<\/div>\n\t\t\t\t<\/div>\n\t\t\t\t\t<\/div>\n\t\t<\/div>\n\t\t\t\t\t<\/div>\n\t\t<\/section>\n\t\t\t\t<\/div>\n\t\t\t\t<\/div>\n\t\t\t\t<\/div>\n\t\t\t\t<\/div>\n\t\t\t\t\t<\/div>\n\t\t<\/div>\n\t\t\t\t\t<\/div>\n\t\t<\/section>\n\t\t\t\t<section class=\"elementor-section elementor-top-section elementor-element elementor-element-bc992d4 elementor-section-boxed elementor-section-height-default elementor-section-height-default\" data-id=\"bc992d4\" data-element_type=\"section\">\n\t\t\t\t\t\t<div class=\"elementor-container elementor-column-gap-default\">\n\t\t\t\t\t<div class=\"elementor-column elementor-col-100 elementor-top-column elementor-element elementor-element-e6df60b\" data-id=\"e6df60b\" data-element_type=\"column\">\n\t\t\t<div class=\"elementor-widget-wrap elementor-element-populated\">\n\t\t\t\t\t\t<div class=\"elementor-element elementor-element-ef2d7da elementor-grid-1 elementor-grid-tablet-1 elementor-grid-mobile-1 pp-posts-image-stack-mobile pp-post-thumbnail-align-left elementor-widget elementor-widget-pp-posts\" data-id=\"ef2d7da\" data-element_type=\"widget\" data-settings=\"{&quot;news_columns&quot;:&quot;1&quot;,&quot;news_columns_tablet&quot;:&quot;1&quot;,&quot;news_columns_mobile&quot;:&quot;1&quot;}\" data-widget_type=\"pp-posts.news\">\n\t\t\t\t<div class=\"elementor-widget-container\">\n\t\t\t\t\t<div class=\"pp-posts-container\">\n\t\t\t\n\t\t\t\t\t\t\t\t\t\t\n\t\t\t<div class=\"pp-posts pp-posts-skin-news pp-elementor-grid pp-posts-grid\" data-query-type=\"custom\" data-layout=\"grid\" data-page=\"71\" data-skin=\"news\">\n\t\t\t\t\t\t\t\t\t\t\t<div class=\"pp-post-wrap pp-grid-item-wrap\">\n\t\t\t\t\t\t<div class=\"pp-post pp-grid-item\">\n\t\t\t\t\t\t<div class=\"pp-post-thumbnail\">\n\t\t\t<div class=\"pp-post-thumbnail-wrap\">\n\t\t\t\t<a href=\"https:\/\/www.konmison.com\/de\/fall\/was-ist-mit-der-anpassung-der-sprache-im-maschinensystem\/\"><img fetchpriority=\"high\" decoding=\"async\" width=\"1000\" height=\"667\" src=\"https:\/\/www.konmison.com\/wp-content\/uploads\/2023\/02\/JF238-slimming-machine.jpg\" class=\"attachment-large size-large wp-image-14108\" alt=\"JF238 Schlankheitsmaschine\" srcset=\"https:\/\/www.konmison.com\/wp-content\/uploads\/2023\/02\/JF238-slimming-machine.jpg 1000w, https:\/\/www.konmison.com\/wp-content\/uploads\/2023\/02\/JF238-slimming-machine-600x400.jpg 600w, https:\/\/www.konmison.com\/wp-content\/uploads\/2023\/02\/JF238-slimming-machine-768x512.jpg 768w\" sizes=\"(max-width: 1000px) 100vw, 1000px\" \/><\/a>\t\t\t<\/div>\n\t\t<\/div>\n\t\t\t\t\t\t<div class=\"pp-post-content\">\n\t\t\t\t\t\t\t\t\t\t\t<h2 class=\"pp-post-title\">\n\t\t\t\t<a href=\"https:\/\/www.konmison.com\/de\/fall\/was-ist-mit-der-anpassung-der-sprache-im-maschinensystem\/\">Wie k\u00f6nnen Sie Ihre Sprache im Maschinensystem anpassen?<\/a>\t\t\t<\/h2>\n\t\t\t\t\t\t\t\t\t<div class=\"pp-post-meta\">\n\t\t\t\t\t\t\t\t<span class=\"pp-post-date\">\n\t\t\t\t\t\t<span class=\"pp-meta-text\">\n\t\t\t\t10. Februar 2023\t\t\t<\/span>\n\t\t<\/span>\n\t\t<span class=\"pp-meta-separator\"><\/span>\n\t\t\t\t\t\t\t\t<span class=\"pp-post-comments\">\n\t\t\t\t\t\t<span class=\"pp-meta-text\">\n\t\t\t\tKeine Kommentare\t\t\t<\/span>\n\t\t<\/span>\n\t\t<span class=\"pp-meta-separator\"><\/span>\n\t\t\t\t\t\t\t<\/div>\n\t\t\t\t\t\t\t<div class=\"pp-post-excerpt\">\n\t\t\t<p>Viele Kunden entscheiden sich nach einer Bestellung erneut f\u00fcr uns, was die St\u00e4rke von KONMISON beweist. Wenn Sie sich f\u00fcr uns entscheiden, erhalten Sie einen Service aus einer Hand.<\/p>\n\t\t<\/div>\n\t\t\t\t\t\t\t\t<a class=\"pp-posts-button elementor-button elementor-size-md\" href=\"https:\/\/www.konmison.com\/de\/fall\/was-ist-mit-der-anpassung-der-sprache-im-maschinensystem\/\">\n\t\t\t\t\t\t\t\t\t\t<span class=\"pp-button-text\">\n\t\t\t\t\tMehr lesen\t\t\t\t<\/span>\n\t\t\t\t\t\t\t\t\t<span class=\"pp-button-icon elementor-button-icon elementor-align-icon-right\">\n\t\t\t\t\t\t\t<\/span>\n\t\t\t\t\t<\/a>\n\t\t\t\t\t\t\t\t<\/div>\n\t\t\t<\/div>\n\t\t\t\t\t<\/div>\n\t\t\t\t\t\t\t\t\t<\/div>\n\t\t\t\n\t\t\t\n\t\t\t\n\t\t\t\n\t\t\t\t\t\t\t\t\t\t\t\t<\/div>\n\n\t\t\n\t\t\t\t<\/div>\n\t\t\t\t<\/div>\n\t\t\t\t\t<\/div>\n\t\t<\/div>\n\t\t\t\t\t<\/div>\n\t\t<\/section>\n\t\t\t\t<section class=\"elementor-section elementor-top-section elementor-element elementor-element-6c5858d elementor-section-boxed elementor-section-height-default elementor-section-height-default\" data-id=\"6c5858d\" data-element_type=\"section\">\n\t\t\t\t\t\t<div class=\"elementor-container elementor-column-gap-default\">\n\t\t\t\t\t<div class=\"elementor-column elementor-col-100 elementor-top-column elementor-element elementor-element-c20b06f\" data-id=\"c20b06f\" data-element_type=\"column\">\n\t\t\t<div class=\"elementor-widget-wrap elementor-element-populated\">\n\t\t\t\t\t\t<div class=\"elementor-element elementor-element-11fa1d7 elementor-grid-3 elementor-grid-tablet-2 elementor-grid-mobile-1 elementor-widget elementor-widget-pp-posts\" data-id=\"11fa1d7\" data-element_type=\"widget\" data-widget_type=\"pp-posts.card\">\n\t\t\t\t<div class=\"elementor-widget-container\">\n\t\t\t\t\t<div class=\"pp-posts-container\">\n\t\t\t\n\t\t\t\t\t\t\t\t\t\t\n\t\t\t<div class=\"pp-posts pp-posts-skin-card pp-elementor-grid pp-posts-grid\" data-query-type=\"custom\" data-layout=\"grid\" data-page=\"71\" data-skin=\"card\">\n\t\t\t\t\t\t\t\t\t\t\t<div class=\"pp-post-wrap pp-grid-item-wrap\">\n\t\t\t\t\t\t<div class=\"pp-post pp-grid-item\">\n\t\t\t\t\t\t<div class=\"pp-post-thumbnail\">\n\t\t\t<div class=\"pp-post-thumbnail-wrap\">\n\t\t\t\t<a href=\"https:\/\/www.konmison.com\/de\/fall\/was-ist-mit-der-anpassung-der-sprache-im-maschinensystem\/\"><img fetchpriority=\"high\" decoding=\"async\" width=\"1000\" height=\"667\" src=\"https:\/\/www.konmison.com\/wp-content\/uploads\/2023\/02\/JF238-slimming-machine.jpg\" class=\"attachment-large size-large wp-image-14108\" alt=\"JF238 Schlankheitsmaschine\" srcset=\"https:\/\/www.konmison.com\/wp-content\/uploads\/2023\/02\/JF238-slimming-machine.jpg 1000w, https:\/\/www.konmison.com\/wp-content\/uploads\/2023\/02\/JF238-slimming-machine-600x400.jpg 600w, https:\/\/www.konmison.com\/wp-content\/uploads\/2023\/02\/JF238-slimming-machine-768x512.jpg 768w\" sizes=\"(max-width: 1000px) 100vw, 1000px\" \/><\/a>\t\t\t<\/div>\n\t\t<\/div>\n\t\t\n\t\t\t\t<div class=\"pp-post-content\">\n\t\t\t\t\t\t\t\t\t\t\t<h3 class=\"pp-post-title\">\n\t\t\t\t<a href=\"https:\/\/www.konmison.com\/de\/fall\/was-ist-mit-der-anpassung-der-sprache-im-maschinensystem\/\">Wie k\u00f6nnen Sie Ihre Sprache im Maschinensystem anpassen?<\/a>\t\t\t<\/h3>\n\t\t\t\t\t\t\t<div class=\"pp-post-excerpt\">\n\t\t\t<p>Viele Kunden entscheiden sich nach einer Bestellung erneut f\u00fcr uns, was die St\u00e4rke von KONMISON beweist. Wenn Sie sich f\u00fcr uns entscheiden, erhalten Sie einen Service aus einer Hand.<\/p>\n\t\t<\/div>\n\t\t\t\t\t\t\t\t<\/div>\n\n\t\t\t\t\t\t\t<\/div>\n\t\t\t\t\t<\/div>\n\t\t\t\t<div class=\"pp-post-wrap pp-grid-item-wrap\">\n\t\t\t\t\t\t<div class=\"pp-post pp-grid-item\">\n\t\t\t\t\t\t<div class=\"pp-post-thumbnail\">\n\t\t\t<div class=\"pp-post-thumbnail-wrap\">\n\t\t\t\t<a href=\"https:\/\/www.konmison.com\/de\/fall\/wie-man-mit-einem-ausfall-der-maschine-umgeht\/\"><img decoding=\"async\" width=\"1000\" height=\"667\" src=\"https:\/\/www.konmison.com\/wp-content\/uploads\/2023\/02\/Hair-removal.jpg\" class=\"attachment-large size-large wp-image-13877\" alt=\"Haarentfernung\" srcset=\"https:\/\/www.konmison.com\/wp-content\/uploads\/2023\/02\/Hair-removal.jpg 1000w, https:\/\/www.konmison.com\/wp-content\/uploads\/2023\/02\/Hair-removal-600x400.jpg 600w, https:\/\/www.konmison.com\/wp-content\/uploads\/2023\/02\/Hair-removal-768x512.jpg 768w\" sizes=\"(max-width: 1000px) 100vw, 1000px\" \/><\/a>\t\t\t<\/div>\n\t\t<\/div>\n\t\t\n\t\t\t\t<div class=\"pp-post-content\">\n\t\t\t\t\t\t\t\t\t\t\t<h3 class=\"pp-post-title\">\n\t\t\t\t<a href=\"https:\/\/www.konmison.com\/de\/fall\/wie-man-mit-einem-ausfall-der-maschine-umgeht\/\">Wie man mit dem Ausfall der Maschine umgeht<\/a>\t\t\t<\/h3>\n\t\t\t\t\t\t\t<div class=\"pp-post-excerpt\">\n\t\t\t<p>Bei jedem Produkt kann es Probleme mit dem Kundendienst geben, selbst bei hochwertigen Produkten. Wie man ein Qualit\u00e4tsanbieter wird, zeigt sich nicht nur am Preis und an den Produkten, sondern auch am Kundendienst. <\/p>\n\t\t<\/div>\n\t\t\t\t\t\t\t\t<\/div>\n\n\t\t\t\t\t\t\t<\/div>\n\t\t\t\t\t<\/div>\n\t\t\t\t<div class=\"pp-post-wrap pp-grid-item-wrap\">\n\t\t\t\t\t\t<div class=\"pp-post pp-grid-item\">\n\t\t\t\t\t\t<div class=\"pp-post-thumbnail\">\n\t\t\t<div class=\"pp-post-thumbnail-wrap\">\n\t\t\t\t<a href=\"https:\/\/www.konmison.com\/de\/fall\/bietet-ihnen-service-aus-einer-hand\/\"><img decoding=\"async\" width=\"1000\" height=\"667\" src=\"https:\/\/www.konmison.com\/wp-content\/uploads\/2022\/12\/1.jpg\" class=\"attachment-large size-large wp-image-12551\" alt=\"JF697 Fett Einfrieren Abnehmen Sculpt Maschine\" srcset=\"https:\/\/www.konmison.com\/wp-content\/uploads\/2022\/12\/1.jpg 1000w, https:\/\/www.konmison.com\/wp-content\/uploads\/2022\/12\/1-600x400.jpg 600w, https:\/\/www.konmison.com\/wp-content\/uploads\/2022\/12\/1-768x512.jpg 768w\" sizes=\"(max-width: 1000px) 100vw, 1000px\" \/><\/a>\t\t\t<\/div>\n\t\t<\/div>\n\t\t\n\t\t\t\t<div class=\"pp-post-content\">\n\t\t\t\t\t\t\t\t\t\t\t<h3 class=\"pp-post-title\">\n\t\t\t\t<a href=\"https:\/\/www.konmison.com\/de\/fall\/bietet-ihnen-service-aus-einer-hand\/\">Bietet Ihnen Service aus einer Hand<\/a>\t\t\t<\/h3>\n\t\t\t\t\t\t\t<div class=\"pp-post-excerpt\">\n\t\t\t<p>Eine neue Kundin in Singapur hat uns online gefunden. Sie wollte die Vacuum Fat Freezing Slimming Sculpt Machine (JF697). Au\u00dferdem wollte sie ...<\/p>\n\t\t<\/div>\n\t\t\t\t\t\t\t\t<\/div>\n\n\t\t\t\t\t\t\t<\/div>\n\t\t\t\t\t<\/div>\n\t\t\t\t<div class=\"pp-post-wrap pp-grid-item-wrap\">\n\t\t\t\t\t\t<div class=\"pp-post pp-grid-item\">\n\t\t\t\t\t\t<div class=\"pp-post-thumbnail\">\n\t\t\t<div class=\"pp-post-thumbnail-wrap\">\n\t\t\t\t<a href=\"https:\/\/www.konmison.com\/de\/fall\/kaufen-sie-eine-probe-zum-testen\/\"><img loading=\"lazy\" decoding=\"async\" width=\"1000\" height=\"667\" src=\"https:\/\/www.konmison.com\/wp-content\/uploads\/2022\/08\/vacuum-therapy-machine-FX045-3.jpg\" class=\"attachment-large size-large wp-image-2478\" alt=\"Vakuumtherapieger\u00e4t FX045 3\" srcset=\"https:\/\/www.konmison.com\/wp-content\/uploads\/2022\/08\/vacuum-therapy-machine-FX045-3.jpg 1000w, https:\/\/www.konmison.com\/wp-content\/uploads\/2022\/08\/vacuum-therapy-machine-FX045-3-600x400.jpg 600w, https:\/\/www.konmison.com\/wp-content\/uploads\/2022\/08\/vacuum-therapy-machine-FX045-3-768x512.jpg 768w\" sizes=\"(max-width: 1000px) 100vw, 1000px\" \/><\/a>\t\t\t<\/div>\n\t\t<\/div>\n\t\t\n\t\t\t\t<div class=\"pp-post-content\">\n\t\t\t\t\t\t\t\t\t\t\t<h3 class=\"pp-post-title\">\n\t\t\t\t<a href=\"https:\/\/www.konmison.com\/de\/fall\/kaufen-sie-eine-probe-zum-testen\/\">Kaufen Sie eine Probe zum Testen<\/a>\t\t\t<\/h3>\n\t\t\t\t\t\t\t<div class=\"pp-post-excerpt\">\n\t\t\t<p>Ein Kunde aus der Tschechischen Republik fand uns als Anbieter unter vielen Unternehmen im Internet. Nach der Kommunikation mit ...<\/p>\n\t\t<\/div>\n\t\t\t\t\t\t\t\t<\/div>\n\n\t\t\t\t\t\t\t<\/div>\n\t\t\t\t\t<\/div>\n\t\t\t\t<div class=\"pp-post-wrap pp-grid-item-wrap\">\n\t\t\t\t\t\t<div class=\"pp-post pp-grid-item\">\n\t\t\t\t\t\t<div class=\"pp-post-thumbnail\">\n\t\t\t<div class=\"pp-post-thumbnail-wrap\">\n\t\t\t\t<a href=\"https:\/\/www.konmison.com\/de\/fall\/die-pandemie-kann-uns-nicht-aufhalten\/\"><img loading=\"lazy\" decoding=\"async\" width=\"1000\" height=\"667\" src=\"https:\/\/www.konmison.com\/wp-content\/uploads\/2022\/12\/JF715-40K-cavitation-4.jpg\" class=\"attachment-large size-large wp-image-12476\" alt=\"JF715 40K Kavitation 4\" srcset=\"https:\/\/www.konmison.com\/wp-content\/uploads\/2022\/12\/JF715-40K-cavitation-4.jpg 1000w, https:\/\/www.konmison.com\/wp-content\/uploads\/2022\/12\/JF715-40K-cavitation-4-600x400.jpg 600w, https:\/\/www.konmison.com\/wp-content\/uploads\/2022\/12\/JF715-40K-cavitation-4-768x512.jpg 768w\" sizes=\"(max-width: 1000px) 100vw, 1000px\" \/><\/a>\t\t\t<\/div>\n\t\t<\/div>\n\t\t\n\t\t\t\t<div class=\"pp-post-content\">\n\t\t\t\t\t\t\t\t\t\t\t<h3 class=\"pp-post-title\">\n\t\t\t\t<a href=\"https:\/\/www.konmison.com\/de\/fall\/die-pandemie-kann-uns-nicht-aufhalten\/\">Die Pandemie kann uns NICHT aufhalten!<\/a>\t\t\t<\/h3>\n\t\t\t\t\t\t\t<div class=\"pp-post-excerpt\">\n\t\t\t<p>Die Mitarbeiterin Deisy aus Singapur hat uns online gefunden. Sie wollte ihrem Chef helfen, ein passendes St\u00fcck zu finden ...<\/p>\n\t\t<\/div>\n\t\t\t\t\t\t\t\t<\/div>\n\n\t\t\t\t\t\t\t<\/div>\n\t\t\t\t\t<\/div>\n\t\t\t\t<div class=\"pp-post-wrap pp-grid-item-wrap\">\n\t\t\t\t\t\t<div class=\"pp-post pp-grid-item\">\n\t\t\t\t\t\t<div class=\"pp-post-thumbnail\">\n\t\t\t<div class=\"pp-post-thumbnail-wrap\">\n\t\t\t\t<a href=\"https:\/\/www.konmison.com\/de\/fall\/enthalt-anweisungen-fur-sie\/\"><img loading=\"lazy\" decoding=\"async\" width=\"1000\" height=\"667\" src=\"https:\/\/www.konmison.com\/wp-content\/uploads\/2022\/07\/small-bubble-hydrafacial-machine-LB473-1-1.jpg\" class=\"attachment-large size-large wp-image-3078\" alt=\"Kleine Blasen-Hydrofacial-Maschine LB473 1 1\" srcset=\"https:\/\/www.konmison.com\/wp-content\/uploads\/2022\/07\/small-bubble-hydrafacial-machine-LB473-1-1.jpg 1000w, https:\/\/www.konmison.com\/wp-content\/uploads\/2022\/07\/small-bubble-hydrafacial-machine-LB473-1-1-600x400.jpg 600w, https:\/\/www.konmison.com\/wp-content\/uploads\/2022\/07\/small-bubble-hydrafacial-machine-LB473-1-1-768x512.jpg 768w\" sizes=\"(max-width: 1000px) 100vw, 1000px\" \/><\/a>\t\t\t<\/div>\n\t\t<\/div>\n\t\t\n\t\t\t\t<div class=\"pp-post-content\">\n\t\t\t\t\t\t\t\t\t\t\t<h3 class=\"pp-post-title\">\n\t\t\t\t<a href=\"https:\/\/www.konmison.com\/de\/fall\/enthalt-anweisungen-fur-sie\/\">Bietet Anweisungen f\u00fcr Sie<\/a>\t\t\t<\/h3>\n\t\t\t\t\t\t\t<div class=\"pp-post-excerpt\">\n\t\t\t<p>Wir haben eine Anfrage von einem australischen Kunden erhalten, der einen lokalen Salon besitzt. Er kam f\u00fcr Hilfe, um eine Wasser-Sauerstoff-Gesichtsbehandlung Beauty Machine kaufen.<\/p>\n\t\t<\/div>\n\t\t\t\t\t\t\t\t<\/div>\n\n\t\t\t\t\t\t\t<\/div>\n\t\t\t\t\t<\/div>\n\t\t\t\t\t\t\t\t\t<\/div>\n\t\t\t\n\t\t\t\n\t\t\t\n\t\t\t\n\t\t\t\t\t\t\t\t\t\t\t<div class=\"pp-posts-pagination-wrap pp-posts-pagination-bottom\">\n\t\t\t\t\t\t\t\t<nav class=\"pp-posts-pagination pp-posts-pagination-ajax elementor-pagination\" role=\"navigation\" aria-label=\"Paginierung\" data-total=\"3\">\n\t\t\t\t<span aria-current=\"page\" class=\"page-numbers current\">1<\/span>\n<a class=\"page-numbers\" href=\"https:\/\/www.konmison.com\/wp-json\/wp\/v2\/pages\/71\/page\/2\/\">2<\/a>\n<a class=\"page-numbers\" href=\"https:\/\/www.konmison.com\/wp-json\/wp\/v2\/pages\/71\/page\/3\/\">3<\/a>\n<a class=\"next page-numbers\" href=\"https:\/\/www.konmison.com\/wp-json\/wp\/v2\/pages\/71\/page\/2\/\">N\u00e4chste \"<\/a>\t\t\t<\/nav>\n\t\t\t\t\t\t\t<\/div>\n\t\t\t\t\t\t\t\t\t<\/div>\n\n\t\t\n\t\t\t\t<\/div>\n\t\t\t\t<\/div>\n\t\t\t\t\t<\/div>\n\t\t<\/div>\n\t\t\t\t\t<\/div>\n\t\t<\/section>\n\t\t\t\t<section class=\"elementor-section elementor-top-section elementor-element elementor-element-3b63626 elementor-section-full_width elementor-section-height-default elementor-section-height-default\" data-id=\"3b63626\" data-element_type=\"section\">\n\t\t\t\t\t\t<div class=\"elementor-container elementor-column-gap-default\">\n\t\t\t\t\t<div class=\"elementor-column elementor-col-100 elementor-top-column elementor-element elementor-element-57d04d5\" data-id=\"57d04d5\" data-element_type=\"column\">\n\t\t\t<div class=\"elementor-widget-wrap elementor-element-populated\">\n\t\t\t\t\t\t<div class=\"elementor-element elementor-element-2a877ff elementor-widget elementor-widget-template\" data-id=\"2a877ff\" data-element_type=\"widget\" data-widget_type=\"template.default\">\n\t\t\t\t<div class=\"elementor-widget-container\">\n\t\t\t\t\t<div class=\"elementor-template\">\n\t\t\t\t\t<div data-elementor-type=\"section\" data-elementor-id=\"409\" class=\"elementor elementor-409\" data-elementor-post-type=\"elementor_library\">\n\t\t\t\t\t<section class=\"elementor-section elementor-top-section elementor-element elementor-element-76a2c331 elementor-section-boxed elementor-section-height-default elementor-section-height-default\" data-id=\"76a2c331\" data-element_type=\"section\" data-settings=\"{&quot;background_background&quot;:&quot;gradient&quot;}\">\n\t\t\t\t\t\t<div class=\"elementor-container elementor-column-gap-default\">\n\t\t\t\t\t<div class=\"elementor-column elementor-col-100 elementor-top-column elementor-element elementor-element-28a0d243\" data-id=\"28a0d243\" data-element_type=\"column\">\n\t\t\t<div class=\"elementor-widget-wrap elementor-element-populated\">\n\t\t\t\t\t\t<div class=\"elementor-element elementor-element-75afcfbb elementor-widget elementor-widget-heading\" data-id=\"75afcfbb\" data-element_type=\"widget\" data-widget_type=\"heading.default\">\n\t\t\t\t<div class=\"elementor-widget-container\">\n\t\t\t<h2 class=\"elementor-heading-title elementor-size-default\">F\u00f6rdern Sie Ihr Sch\u00f6nheitsgesch\u00e4ft mit Konmison Technology<\/h2>\t\t<\/div>\n\t\t\t\t<\/div>\n\t\t\t\t<div class=\"elementor-element elementor-element-79548be4 elementor-icon-list--layout-inline elementor-align-center elementor-list-item-link-full_width elementor-widget elementor-widget-icon-list\" data-id=\"79548be4\" data-element_type=\"widget\" data-widget_type=\"icon-list.default\">\n\t\t\t\t<div class=\"elementor-widget-container\">\n\t\t\t\t\t<ul class=\"elementor-icon-list-items elementor-inline-items\">\n\t\t\t\t\t\t\t<li class=\"elementor-icon-list-item elementor-inline-item\">\n\t\t\t\t\t\t\t\t\t\t<span class=\"elementor-icon-list-text\">F\u00fcr Markeneigent\u00fcmer\/Gro\u00dfh\u00e4ndler\/H\u00e4ndler<\/span>\n\t\t\t\t\t\t\t\t\t<\/li>\n\t\t\t\t\t\t\t\t<li class=\"elementor-icon-list-item elementor-inline-item\">\n\t\t\t\t\t\t\t\t\t\t<span class=\"elementor-icon-list-text\">F\u00fcr Hautproduktunternehmen<\/span>\n\t\t\t\t\t\t\t\t\t<\/li>\n\t\t\t\t\t\t\t\t<li class=\"elementor-icon-list-item elementor-inline-item\">\n\t\t\t\t\t\t\t\t\t\t<span class=\"elementor-icon-list-text\">F\u00fcr Sch\u00f6nheitssalons\/Kliniken\/Spas<\/span>\n\t\t\t\t\t\t\t\t\t<\/li>\n\t\t\t\t\t\t<\/ul>\n\t\t\t\t<\/div>\n\t\t\t\t<\/div>\n\t\t\t\t<div class=\"elementor-element elementor-element-4da3b52f elementor-align-center elementor-widget elementor-widget-button\" data-id=\"4da3b52f\" data-element_type=\"widget\" data-widget_type=\"button.default\">\n\t\t\t\t<div class=\"elementor-widget-container\">\n\t\t\t\t\t<div class=\"elementor-button-wrapper\">\n\t\t\t<a class=\"elementor-button elementor-button-link elementor-size-md\" href=\"#elementor-action%3Aaction%3Dpopup%3Aopen%26settings%3DeyJpZCI6IjM0NCIsInRvZ2dsZSI6ZmFsc2V9\">\n\t\t\t\t\t\t<span class=\"elementor-button-content-wrapper\">\n\t\t\t\t\t\t\t\t\t<span class=\"elementor-button-text\">Kontakt<\/span>\n\t\t\t\t\t<\/span>\n\t\t\t\t\t<\/a>\n\t\t<\/div>\n\t\t\t\t<\/div>\n\t\t\t\t<\/div>\n\t\t\t\t\t<\/div>\n\t\t<\/div>\n\t\t\t\t\t<\/div>\n\t\t<\/section>\n\t\t\t\t<\/div>\n\t\t\t\t<\/div>\n\t\t\t\t<\/div>\n\t\t\t\t<\/div>\n\t\t\t\t\t<\/div>\n\t\t<\/div>\n\t\t\t\t\t<\/div>\n\t\t<\/section>\n\t\t\t\t<\/div>","protected":false},"excerpt":{"rendered":"<p>Case Name June 22, 2022 No Comments Lorem ipsum Lorem ipsum dolor amet locavore prism mumblecore art party 90's taiyaki vegan church-key direct trade ugh you probably haven't heard of them hot chicken tbh post-ironic. Farm-to-Table Bio humblebrag Schweinebauch Mann Zopf Fingerstache asymmetrische nachhaltige gr\u00fcne Saft. ... Read More Case Name Lorem ipsum Lorem [...]<\/p>","protected":false},"author":2,"featured_media":0,"parent":0,"menu_order":0,"comment_status":"closed","ping_status":"closed","template":"","meta":{"_seopress_robots_primary_cat":"","_seopress_titles_title":"","_seopress_titles_desc":"","_seopress_robots_index":"","footnotes":""},"class_list":["post-71","page","type-page","status-publish","hentry"],"acf":[],"_links":{"self":[{"href":"https:\/\/www.konmison.com\/de\/wp-json\/wp\/v2\/pages\/71","targetHints":{"allow":["GET"]}}],"collection":[{"href":"https:\/\/www.konmison.com\/de\/wp-json\/wp\/v2\/pages"}],"about":[{"href":"https:\/\/www.konmison.com\/de\/wp-json\/wp\/v2\/types\/page"}],"author":[{"embeddable":true,"href":"https:\/\/www.konmison.com\/de\/wp-json\/wp\/v2\/users\/2"}],"replies":[{"embeddable":true,"href":"https:\/\/www.konmison.com\/de\/wp-json\/wp\/v2\/comments?post=71"}],"version-history":[{"count":8,"href":"https:\/\/www.konmison.com\/de\/wp-json\/wp\/v2\/pages\/71\/revisions"}],"predecessor-version":[{"id":3019,"href":"https:\/\/www.konmison.com\/de\/wp-json\/wp\/v2\/pages\/71\/revisions\/3019"}],"wp:attachment":[{"href":"https:\/\/www.konmison.com\/de\/wp-json\/wp\/v2\/media?parent=71"}],"curies":[{"name":"wp","href":"https:\/\/api.w.org\/{rel}","templated":true}]}}