{"id":80,"date":"2022-05-30T10:10:01","date_gmt":"2022-05-30T02:10:01","guid":{"rendered":"https:\/\/www.konmison.com\/?page_id=80"},"modified":"2026-04-03T17:46:09","modified_gmt":"2026-04-03T09:46:09","slug":"nachrichten-blogs","status":"publish","type":"page","link":"https:\/\/www.konmison.com\/de\/nachrichten-blogs\/","title":{"rendered":"Nachrichten &amp; Blogs"},"content":{"rendered":"<div data-elementor-type=\"wp-page\" data-elementor-id=\"80\" class=\"elementor elementor-80\" data-elementor-post-type=\"page\">\n\t\t\t\t\t\t<section class=\"elementor-section elementor-top-section elementor-element elementor-element-07676a8 elementor-section-full_width elementor-section-height-default elementor-section-height-default\" data-id=\"07676a8\" data-element_type=\"section\">\n\t\t\t\t\t\t<div class=\"elementor-container elementor-column-gap-default\">\n\t\t\t\t\t<div class=\"elementor-column elementor-col-100 elementor-top-column elementor-element elementor-element-ee02516\" data-id=\"ee02516\" data-element_type=\"column\">\n\t\t\t<div class=\"elementor-widget-wrap elementor-element-populated\">\n\t\t\t\t\t\t<div class=\"elementor-element elementor-element-b321a55 elementor-widget elementor-widget-template\" data-id=\"b321a55\" data-element_type=\"widget\" data-widget_type=\"template.default\">\n\t\t\t\t<div class=\"elementor-widget-container\">\n\t\t\t\t\t<div class=\"elementor-template\">\n\t\t\t\t\t<div data-elementor-type=\"section\" data-elementor-id=\"295\" class=\"elementor elementor-295\" data-elementor-post-type=\"elementor_library\">\n\t\t\t\t\t<section class=\"elementor-section elementor-top-section elementor-element elementor-element-32659aa7 elementor-section-height-min-height elementor-section-boxed elementor-section-height-default elementor-section-items-middle\" data-id=\"32659aa7\" data-element_type=\"section\" data-settings=\"{&quot;background_background&quot;:&quot;classic&quot;,&quot;background_motion_fx_motion_fx_scrolling&quot;:&quot;yes&quot;,&quot;background_motion_fx_translateY_effect&quot;:&quot;yes&quot;,&quot;background_motion_fx_translateY_speed&quot;:{&quot;unit&quot;:&quot;px&quot;,&quot;size&quot;:3.6,&quot;sizes&quot;:[]},&quot;background_motion_fx_translateY_affectedRange&quot;:{&quot;unit&quot;:&quot;%&quot;,&quot;size&quot;:&quot;&quot;,&quot;sizes&quot;:{&quot;start&quot;:0,&quot;end&quot;:100}},&quot;background_motion_fx_devices&quot;:[&quot;desktop&quot;,&quot;tablet&quot;,&quot;mobile&quot;]}\">\n\t\t\t\t\t\t\t<div class=\"elementor-background-overlay\"><\/div>\n\t\t\t\t\t\t\t<div class=\"elementor-container elementor-column-gap-default\">\n\t\t\t\t\t<div class=\"elementor-column elementor-col-100 elementor-top-column elementor-element elementor-element-3733c9a8\" data-id=\"3733c9a8\" data-element_type=\"column\">\n\t\t\t<div class=\"elementor-widget-wrap elementor-element-populated\">\n\t\t\t\t\t\t<div class=\"elementor-element elementor-element-9702255 elementor-widget elementor-widget-pp-breadcrumbs\" data-id=\"9702255\" data-element_type=\"widget\" data-settings=\"{&quot;breadcrumbs_type&quot;:&quot;powerpack&quot;}\" data-widget_type=\"pp-breadcrumbs.default\">\n\t\t\t\t<div class=\"elementor-widget-container\">\n\t\t\t<ul class=\"pp-breadcrumbs pp-breadcrumbs-powerpack\">\t\t<li class=\"pp-breadcrumbs-item pp-breadcrumbs-item-home\">\n\t\t\t<a class=\"pp-breadcrumbs-crumb pp-breadcrumbs-crumb-link pp-breadcrumbs-crumb-home\" href=\"https:\/\/www.konmison.com\/de\" title=\"Startseite\">\n\t\t\t\t<span class=\"pp-breadcrumbs-text\">\n\t\t\t\t\t\t\t\t\t\tStartseite\t\t\t\t<\/span>\n\t\t\t<\/a>\n\t\t<\/li>\n\t\t<li class=\"pp-breadcrumbs-separator\">\t\t\t\t<span class='pp-separator-icon pp-icon'>\n\t\t\t\t\t<i aria-hidden=\"true\" class=\"fas fa-angle-right\"><\/i>\t\t\t\t<\/span>\n\t\t\t\t<\/li><\/ul>\t\t<\/div>\n\t\t\t\t<\/div>\n\t\t\t\t\t<\/div>\n\t\t<\/div>\n\t\t\t\t\t<\/div>\n\t\t<\/section>\n\t\t\t\t<\/div>\n\t\t\t\t<\/div>\n\t\t\t\t<\/div>\n\t\t\t\t<\/div>\n\t\t\t\t\t<\/div>\n\t\t<\/div>\n\t\t\t\t\t<\/div>\n\t\t<\/section>\n\t\t\t\t<section class=\"elementor-section elementor-top-section elementor-element elementor-element-efadc46 elementor-section-boxed elementor-section-height-default elementor-section-height-default\" data-id=\"efadc46\" data-element_type=\"section\">\n\t\t\t\t\t\t<div class=\"elementor-container elementor-column-gap-default\">\n\t\t\t\t\t<div class=\"elementor-column elementor-col-100 elementor-top-column elementor-element elementor-element-12e71e5\" data-id=\"12e71e5\" data-element_type=\"column\">\n\t\t\t<div class=\"elementor-widget-wrap elementor-element-populated\">\n\t\t\t\t\t\t<div class=\"elementor-element elementor-element-e271f43 elementor-grid-3 elementor-grid-tablet-2 elementor-grid-mobile-1 pp-post-filters-align-left elementor-widget elementor-widget-pp-posts\" data-id=\"e271f43\" data-element_type=\"widget\" data-widget_type=\"pp-posts.classic\">\n\t\t\t\t<div class=\"elementor-widget-container\">\n\t\t\t\t\t<div class=\"pp-post-filters-container\">\n\t\t\t\t\t\t<div class=\"pp-post-filters-wrap pp-post-filters-dropdown-no\">\n\t\t\t\t<ul class=\"pp-post-filters\">\n\t\t\t\t\t<li class=\"pp-post-filter pp-filter-current\" data-filter=\"*\" data-taxonomy=\"\">Alle<\/li>\n\t\t\t\t\t\t\t\t\t\t\t\t\t\t\t\t\t\t\t\t\t\t\t\t<li class=\"pp-post-filter\" data-filter=\".news\" data-taxonomy=\".category\">Nachrichten<\/li>\n\t\t\t\t\t\t\t\t\t\t\t\t\t\t\t\t\t\t\t\t\t\t\t\t\t\t<li class=\"pp-post-filter\" data-filter=\".howtouse\" data-taxonomy=\".category\">HowToUse<\/li>\n\t\t\t\t\t\t\t\t\t\t\t\t\t\t\t\t\t\t\t\t\t\t\t\t\t\t<li class=\"pp-post-filter\" data-filter=\".product-reviews\" data-taxonomy=\".category\">Produktbewertungen<\/li>\n\t\t\t\t\t\t\t\t\t\t\t\t\t\t\t\t\t\t\t\t\t\t\t\t\t\t<li class=\"pp-post-filter\" data-filter=\".q-a\" data-taxonomy=\".category\">FRAGEN UND ANTWORTEN<\/li>\n\t\t\t\t\t\t\t\t\t\t\t\t\t\t\t\t\t\t\t\t\t\t\t\t\t\t<li class=\"pp-post-filter\" data-filter=\".blogs\" data-taxonomy=\".category\">Blogs<\/li>\n\t\t\t\t\t\t\t\t\t\t\t<\/ul>\n\n\t\t\t\t\t\t\t<\/div>\n\t\t\t\t\t\t\t\t<\/div>\n\t\t\t\t<div class=\"pp-posts-container\">\n\t\t\t\n\t\t\t\t\t\t\t\t\t\t\n\t\t\t<div class=\"pp-posts pp-posts-skin-classic pp-elementor-grid pp-posts-grid\" data-query-type=\"custom\" data-layout=\"grid\" data-page=\"80\" data-skin=\"classic\">\n\t\t\t\t\t\t\t\t\t\t\t<div class=\"pp-post-wrap pp-grid-item-wrap post-83681 post type-post status-publish format-standard has-post-thumbnail hentry category-blogs\">\n\t\t\t\t\t\t<div class=\"pp-post pp-grid-item\">\n\t\t\t\t\t\t<div class=\"pp-post-thumbnail\">\n\t\t\t<div class=\"pp-post-thumbnail-wrap\">\n\t\t\t\t<a href=\"https:\/\/www.konmison.com\/de\/bad-thermage-side-effects\/\"><img fetchpriority=\"high\" decoding=\"async\" width=\"1024\" height=\"768\" src=\"https:\/\/www.konmison.com\/wp-content\/uploads\/2026\/03\/bad-thermage-side-effects-2.webp\" class=\"attachment-large size-large wp-image-83684\" alt=\"thermage\" srcset=\"https:\/\/www.konmison.com\/wp-content\/uploads\/2026\/03\/bad-thermage-side-effects-2.webp 1024w, https:\/\/www.konmison.com\/wp-content\/uploads\/2026\/03\/bad-thermage-side-effects-2-16x12.webp 16w\" sizes=\"(max-width: 1024px) 100vw, 1024px\" \/><\/a>\t\t\t<\/div>\n\t\t<\/div>\n\t\t\n\t\t\t\t\n\t\t\t\t<div class=\"pp-post-content\">\n\t\t\t\t\t\t\t\t\t\t\t<h3 class=\"pp-post-title\">\n\t\t\t\t<a href=\"https:\/\/www.konmison.com\/de\/bad-thermage-side-effects\/\">Schlechte Thermage-Nebenwirkungen: Echte Risiken, seltene Komplikationen und wie man sie vermeidet<\/a>\t\t\t<\/h3>\n\t\t\t\t\t\t\t<div class=\"pp-post-excerpt\">\n\t\t\t<p>Die Thermage-Behandlung, insbesondere die fortschrittliche Thermage FLX, ist das weltweit beliebteste nicht-invasive kosmetische Verfahren zur Hautstraffung und -liftung. Es hat sich im Laufe der Jahre aufgrund seiner F\u00e4higkeit, die Hautbeschaffenheit durch gute Faltenentfernung und Konturformung zu verbessern, weltweit durchgesetzt.<\/p>\n\t\t<\/div>\n\t\t\t\t\t\t\t\t<\/div>\n\n\t\t\t\t\t\t\t<\/div>\n\t\t\t\t\t<\/div>\n\t\t\t\t<div class=\"pp-post-wrap pp-grid-item-wrap post-83670 post type-post status-publish format-standard has-post-thumbnail hentry category-blogs\">\n\t\t\t\t\t\t<div class=\"pp-post pp-grid-item\">\n\t\t\t\t\t\t<div class=\"pp-post-thumbnail\">\n\t\t\t<div class=\"pp-post-thumbnail-wrap\">\n\t\t\t\t<a href=\"https:\/\/www.konmison.com\/de\/proven-marketing-plan-for-aesthetic-clinic\/\"><img decoding=\"async\" width=\"1024\" height=\"768\" src=\"https:\/\/www.konmison.com\/wp-content\/uploads\/2026\/03\/marketing-plan-for-aesthetic-clinic-1.webp\" class=\"attachment-large size-large wp-image-83677\" alt=\"Marketingplan f\u00fcr eine Sch\u00f6nheitsklinik\" srcset=\"https:\/\/www.konmison.com\/wp-content\/uploads\/2026\/03\/marketing-plan-for-aesthetic-clinic-1.webp 1024w, https:\/\/www.konmison.com\/wp-content\/uploads\/2026\/03\/marketing-plan-for-aesthetic-clinic-1-16x12.webp 16w\" sizes=\"(max-width: 1024px) 100vw, 1024px\" \/><\/a>\t\t\t<\/div>\n\t\t<\/div>\n\t\t\n\t\t\t\t\n\t\t\t\t<div class=\"pp-post-content\">\n\t\t\t\t\t\t\t\t\t\t\t<h3 class=\"pp-post-title\">\n\t\t\t\t<a href=\"https:\/\/www.konmison.com\/de\/proven-marketing-plan-for-aesthetic-clinic\/\">Bew\u00e4hrter Marketingplan f\u00fcr eine Sch\u00f6nheitsklinik: Leitfaden &amp; Vorlage<\/a>\t\t\t<\/h3>\n\t\t\t\t\t\t\t<div class=\"pp-post-excerpt\">\n\t\t\t<p>Auf dem heutigen wettbewerbsintensiven Markt f\u00fcr \u00c4sthetik und in der digitalen Welt reicht es nicht mehr aus, ein guter Arzt mit einer komfortablen Klinik oder einem Medical Spa zu sein, um mit seinem Gesch\u00e4ft f\u00fcr \u00c4sthetik zu gl\u00e4nzen. T\u00e4glich werden neue \u00c4sthetikpraxen er\u00f6ffnet, und Patienten, die medizinische \u00c4sthetik suchen, haben mehr denn je die Wahl.<\/p>\n\t\t<\/div>\n\t\t\t\t\t\t\t\t<\/div>\n\n\t\t\t\t\t\t\t<\/div>\n\t\t\t\t\t<\/div>\n\t\t\t\t<div class=\"pp-post-wrap pp-grid-item-wrap post-83661 post type-post status-publish format-standard has-post-thumbnail hentry category-blogs\">\n\t\t\t\t\t\t<div class=\"pp-post pp-grid-item\">\n\t\t\t\t\t\t<div class=\"pp-post-thumbnail\">\n\t\t\t<div class=\"pp-post-thumbnail-wrap\">\n\t\t\t\t<a href=\"https:\/\/www.konmison.com\/de\/best-hydrodermabrasion-machine\/\"><img decoding=\"async\" width=\"1024\" height=\"768\" src=\"https:\/\/www.konmison.com\/wp-content\/uploads\/2026\/03\/best-hydrodermabrasion-machine-1.webp\" class=\"attachment-large size-large wp-image-83668\" alt=\"beste Hydrodermabrasionsmaschine\" srcset=\"https:\/\/www.konmison.com\/wp-content\/uploads\/2026\/03\/best-hydrodermabrasion-machine-1.webp 1024w, https:\/\/www.konmison.com\/wp-content\/uploads\/2026\/03\/best-hydrodermabrasion-machine-1-16x12.webp 16w\" sizes=\"(max-width: 1024px) 100vw, 1024px\" \/><\/a>\t\t\t<\/div>\n\t\t<\/div>\n\t\t\n\t\t\t\t\n\t\t\t\t<div class=\"pp-post-content\">\n\t\t\t\t\t\t\t\t\t\t\t<h3 class=\"pp-post-title\">\n\t\t\t\t<a href=\"https:\/\/www.konmison.com\/de\/best-hydrodermabrasion-machine\/\">Beste Hydrodermabrasionsmaschine: Profi und Heimanwender<\/a>\t\t\t<\/h3>\n\t\t\t\t\t\t\t<div class=\"pp-post-excerpt\">\n\t\t\t<p>Die Popularit\u00e4t einer Technologie im Bereich der \u00e4sthetischen Hautpflege ist nie ein Zufall. Die Hydrodermabrasion ist zum Goldstandard vieler Gesichtsbehandlungen in der Sch\u00f6nheitsindustrie geworden, da sie die einzige Hautbehandlung ist, die das langfristige Dilemma zwischen hocheffizientem Peeling und Barriereschutz l\u00f6st und zu einer vollst\u00e4ndigen Hautverj\u00fcngung f\u00fchrt.<\/p>\n\t\t<\/div>\n\t\t\t\t\t\t\t\t<\/div>\n\n\t\t\t\t\t\t\t<\/div>\n\t\t\t\t\t<\/div>\n\t\t\t\t<div class=\"pp-post-wrap pp-grid-item-wrap post-83650 post type-post status-publish format-standard has-post-thumbnail hentry category-news\">\n\t\t\t\t\t\t<div class=\"pp-post pp-grid-item\">\n\t\t\t\t\t\t<div class=\"pp-post-thumbnail\">\n\t\t\t<div class=\"pp-post-thumbnail-wrap\">\n\t\t\t\t<a href=\"https:\/\/www.konmison.com\/de\/oxygen-facial-machine-price-guide\/\"><img loading=\"lazy\" decoding=\"async\" width=\"1024\" height=\"768\" src=\"https:\/\/www.konmison.com\/wp-content\/uploads\/2026\/03\/oxygen-facial-machine-1.webp\" class=\"attachment-large size-large wp-image-83656\" alt=\"Sauerstoff-Gesichtsbehandlungsger\u00e4t\" srcset=\"https:\/\/www.konmison.com\/wp-content\/uploads\/2026\/03\/oxygen-facial-machine-1.webp 1024w, https:\/\/www.konmison.com\/wp-content\/uploads\/2026\/03\/oxygen-facial-machine-1-16x12.webp 16w\" sizes=\"(max-width: 1024px) 100vw, 1024px\" \/><\/a>\t\t\t<\/div>\n\t\t<\/div>\n\t\t\n\t\t\t\t\n\t\t\t\t<div class=\"pp-post-content\">\n\t\t\t\t\t\t\t\t\t\t\t<h3 class=\"pp-post-title\">\n\t\t\t\t<a href=\"https:\/\/www.konmison.com\/de\/oxygen-facial-machine-price-guide\/\">Sauerstoff-Gesichtsbehandlungsger\u00e4t Preis: Von tragbar bis professionell<\/a>\t\t\t<\/h3>\n\t\t\t\t\t\t\t<div class=\"pp-post-excerpt\">\n\t\t\t<p>Die Sauerstoff-Gesichtsbehandlung ist zu einem beliebten Hautpflegeverfahren unter Hollywood-Prominenten und gew\u00f6hnlichen Hautpflegeliebhabern in der modernen Sch\u00f6nheits- und Spa-Industrie geworden. Aber sobald Sie beginnen, auf den Preis der Sauerstoff-Gesichtsbehandlung Maschine zu suchen, sind Sie in der Regel durch den riesigen Preisunterschied von zwischen 50 und 5000 Dollar verwirrt.<\/p>\n\t\t<\/div>\n\t\t\t\t\t\t\t\t<\/div>\n\n\t\t\t\t\t\t\t<\/div>\n\t\t\t\t\t<\/div>\n\t\t\t\t<div class=\"pp-post-wrap pp-grid-item-wrap post-83642 post type-post status-publish format-standard has-post-thumbnail hentry category-blogs\">\n\t\t\t\t\t\t<div class=\"pp-post pp-grid-item\">\n\t\t\t\t\t\t<div class=\"pp-post-thumbnail\">\n\t\t\t<div class=\"pp-post-thumbnail-wrap\">\n\t\t\t\t<a href=\"https:\/\/www.konmison.com\/de\/beauty-salon-business-plan-guide\/\"><img loading=\"lazy\" decoding=\"async\" width=\"1024\" height=\"768\" src=\"https:\/\/www.konmison.com\/wp-content\/uploads\/2026\/03\/beauty-salon-business-plan-1.webp\" class=\"attachment-large size-large wp-image-83648\" alt=\"Businessplan f\u00fcr Sch\u00f6nheitssalons\" srcset=\"https:\/\/www.konmison.com\/wp-content\/uploads\/2026\/03\/beauty-salon-business-plan-1.webp 1024w, https:\/\/www.konmison.com\/wp-content\/uploads\/2026\/03\/beauty-salon-business-plan-1-16x12.webp 16w\" sizes=\"(max-width: 1024px) 100vw, 1024px\" \/><\/a>\t\t\t<\/div>\n\t\t<\/div>\n\t\t\n\t\t\t\t\n\t\t\t\t<div class=\"pp-post-content\">\n\t\t\t\t\t\t\t\t\t\t\t<h3 class=\"pp-post-title\">\n\t\t\t\t<a href=\"https:\/\/www.konmison.com\/de\/beauty-salon-business-plan-guide\/\">Businessplan f\u00fcr Sch\u00f6nheitssalons: Vom Konzept zum Gewinn<\/a>\t\t\t<\/h3>\n\t\t\t\t\t\t\t<div class=\"pp-post-excerpt\">\n\t\t\t<p>Im Umfeld des derzeit florierenden globalen Sch\u00f6nheits- und Wellnessmarktes ist die Idee, einen erfolgreichen Salon zu gr\u00fcnden, f\u00fcr viele ein Traum.<\/p>\n\t\t<\/div>\n\t\t\t\t\t\t\t\t<\/div>\n\n\t\t\t\t\t\t\t<\/div>\n\t\t\t\t\t<\/div>\n\t\t\t\t<div class=\"pp-post-wrap pp-grid-item-wrap post-83631 post type-post status-publish format-standard has-post-thumbnail hentry category-blogs\">\n\t\t\t\t\t\t<div class=\"pp-post pp-grid-item\">\n\t\t\t\t\t\t<div class=\"pp-post-thumbnail\">\n\t\t\t<div class=\"pp-post-thumbnail-wrap\">\n\t\t\t\t<a href=\"https:\/\/www.konmison.com\/de\/best-ultrasonic-facial-machine\/\"><img loading=\"lazy\" decoding=\"async\" width=\"1024\" height=\"768\" src=\"https:\/\/www.konmison.com\/wp-content\/uploads\/2026\/03\/ultrasonic-facial-machine-3.webp\" class=\"attachment-large size-large wp-image-83636\" alt=\"Ultraschall-Gesichtsbehandlungsger\u00e4te\" srcset=\"https:\/\/www.konmison.com\/wp-content\/uploads\/2026\/03\/ultrasonic-facial-machine-3.webp 1024w, https:\/\/www.konmison.com\/wp-content\/uploads\/2026\/03\/ultrasonic-facial-machine-3-16x12.webp 16w\" sizes=\"(max-width: 1024px) 100vw, 1024px\" \/><\/a>\t\t\t<\/div>\n\t\t<\/div>\n\t\t\n\t\t\t\t\n\t\t\t\t<div class=\"pp-post-content\">\n\t\t\t\t\t\t\t\t\t\t\t<h3 class=\"pp-post-title\">\n\t\t\t\t<a href=\"https:\/\/www.konmison.com\/de\/best-ultrasonic-facial-machine\/\">Beste Ultraschall-Gesichtsbehandlungsger\u00e4te: Derm-Approved Picks f\u00fcr jeden Hauttyp<\/a>\t\t\t<\/h3>\n\t\t\t\t\t\t\t<div class=\"pp-post-excerpt\">\n\t\t\t<p>Ultraschallinnovationen sind in der modernen Hautpflegebranche nicht mehr nur den luxuri\u00f6sen Sch\u00f6nheitssalons vorbehalten. Der Markt f\u00fcr Sch\u00f6nheitsger\u00e4te f\u00fcr zu Hause explodiert, und die Verbraucher verlangen heute mehr denn je, dass sie zu Hause die gleichen Ergebnisse erzielen k\u00f6nnen wie in der Klinik. <\/p>\n\t\t<\/div>\n\t\t\t\t\t\t\t\t<\/div>\n\n\t\t\t\t\t\t\t<\/div>\n\t\t\t\t\t<\/div>\n\t\t\t\t\t\t\t\t\t<\/div>\n\t\t\t\n\t\t\t\n\t\t\t\n\t\t\t\n\t\t\t\t\t\t\t\t\t\t\t<div class=\"pp-posts-pagination-wrap pp-posts-pagination-bottom\">\n\t\t\t\t\t\t\t\t<nav class=\"pp-posts-pagination pp-posts-pagination-ajax elementor-pagination\" role=\"navigation\" aria-label=\"Paginierung\" data-total=\"48\">\n\t\t\t\t<span aria-current=\"page\" class=\"page-numbers current\">1<\/span>\n<a class=\"page-numbers\" href=\"https:\/\/www.konmison.com\/wp-json\/wp\/v2\/pages\/80\/page\/2\/\">2<\/a>\n<a class=\"page-numbers\" href=\"https:\/\/www.konmison.com\/wp-json\/wp\/v2\/pages\/80\/page\/3\/\">3<\/a>\n<span class=\"page-numbers dots\">...<\/span>\n<a class=\"page-numbers\" href=\"https:\/\/www.konmison.com\/wp-json\/wp\/v2\/pages\/80\/page\/48\/\">48<\/a>\n<a class=\"next page-numbers\" href=\"https:\/\/www.konmison.com\/wp-json\/wp\/v2\/pages\/80\/page\/2\/\">N\u00e4chste \"<\/a>\t\t\t<\/nav>\n\t\t\t\t\t\t\t<\/div>\n\t\t\t\t\t\t\t\t\t<\/div>\n\n\t\t\n\t\t\t\t<\/div>\n\t\t\t\t<\/div>\n\t\t\t\t\t<\/div>\n\t\t<\/div>\n\t\t\t\t\t<\/div>\n\t\t<\/section>\n\t\t\t\t<section class=\"elementor-section elementor-top-section elementor-element elementor-element-6851410 elementor-section-full_width elementor-section-height-default elementor-section-height-default\" data-id=\"6851410\" data-element_type=\"section\">\n\t\t\t\t\t\t<div class=\"elementor-container elementor-column-gap-default\">\n\t\t\t\t\t<div class=\"elementor-column elementor-col-100 elementor-top-column elementor-element elementor-element-ebb007d\" data-id=\"ebb007d\" data-element_type=\"column\">\n\t\t\t<div class=\"elementor-widget-wrap elementor-element-populated\">\n\t\t\t\t\t\t<div class=\"elementor-element elementor-element-12679b0 elementor-widget elementor-widget-template\" data-id=\"12679b0\" data-element_type=\"widget\" data-widget_type=\"template.default\">\n\t\t\t\t<div class=\"elementor-widget-container\">\n\t\t\t\t\t<div class=\"elementor-template\">\n\t\t\t\t\t<div data-elementor-type=\"section\" data-elementor-id=\"409\" class=\"elementor elementor-409\" data-elementor-post-type=\"elementor_library\">\n\t\t\t\t\t<section class=\"elementor-section elementor-top-section elementor-element elementor-element-76a2c331 elementor-section-boxed elementor-section-height-default elementor-section-height-default\" data-id=\"76a2c331\" data-element_type=\"section\" data-settings=\"{&quot;background_background&quot;:&quot;gradient&quot;}\">\n\t\t\t\t\t\t<div class=\"elementor-container elementor-column-gap-default\">\n\t\t\t\t\t<div class=\"elementor-column elementor-col-100 elementor-top-column elementor-element elementor-element-28a0d243\" data-id=\"28a0d243\" data-element_type=\"column\">\n\t\t\t<div class=\"elementor-widget-wrap elementor-element-populated\">\n\t\t\t\t\t\t<div class=\"elementor-element elementor-element-75afcfbb elementor-widget elementor-widget-heading\" data-id=\"75afcfbb\" data-element_type=\"widget\" data-widget_type=\"heading.default\">\n\t\t\t\t<div class=\"elementor-widget-container\">\n\t\t\t<h2 class=\"elementor-heading-title elementor-size-default\">F\u00f6rdern Sie Ihr Sch\u00f6nheitsgesch\u00e4ft mit Konmison Technology<\/h2>\t\t<\/div>\n\t\t\t\t<\/div>\n\t\t\t\t<div class=\"elementor-element elementor-element-79548be4 elementor-icon-list--layout-inline elementor-align-center elementor-list-item-link-full_width elementor-widget elementor-widget-icon-list\" data-id=\"79548be4\" data-element_type=\"widget\" data-widget_type=\"icon-list.default\">\n\t\t\t\t<div class=\"elementor-widget-container\">\n\t\t\t\t\t<ul class=\"elementor-icon-list-items elementor-inline-items\">\n\t\t\t\t\t\t\t<li class=\"elementor-icon-list-item elementor-inline-item\">\n\t\t\t\t\t\t\t\t\t\t<span class=\"elementor-icon-list-text\">F\u00fcr Markeneigent\u00fcmer\/Gro\u00dfh\u00e4ndler\/H\u00e4ndler<\/span>\n\t\t\t\t\t\t\t\t\t<\/li>\n\t\t\t\t\t\t\t\t<li class=\"elementor-icon-list-item elementor-inline-item\">\n\t\t\t\t\t\t\t\t\t\t<span class=\"elementor-icon-list-text\">F\u00fcr Hautproduktunternehmen<\/span>\n\t\t\t\t\t\t\t\t\t<\/li>\n\t\t\t\t\t\t\t\t<li class=\"elementor-icon-list-item elementor-inline-item\">\n\t\t\t\t\t\t\t\t\t\t<span class=\"elementor-icon-list-text\">F\u00fcr Sch\u00f6nheitssalons\/Kliniken\/Spas<\/span>\n\t\t\t\t\t\t\t\t\t<\/li>\n\t\t\t\t\t\t<\/ul>\n\t\t\t\t<\/div>\n\t\t\t\t<\/div>\n\t\t\t\t<div class=\"elementor-element elementor-element-4da3b52f elementor-align-center elementor-widget elementor-widget-button\" data-id=\"4da3b52f\" data-element_type=\"widget\" data-widget_type=\"button.default\">\n\t\t\t\t<div class=\"elementor-widget-container\">\n\t\t\t\t\t<div class=\"elementor-button-wrapper\">\n\t\t\t<a class=\"elementor-button elementor-button-link elementor-size-md\" href=\"#elementor-action%3Aaction%3Dpopup%3Aopen%26settings%3DeyJpZCI6IjM0NCIsInRvZ2dsZSI6ZmFsc2V9\">\n\t\t\t\t\t\t<span class=\"elementor-button-content-wrapper\">\n\t\t\t\t\t\t\t\t\t<span class=\"elementor-button-text\">Kontakt<\/span>\n\t\t\t\t\t<\/span>\n\t\t\t\t\t<\/a>\n\t\t<\/div>\n\t\t\t\t<\/div>\n\t\t\t\t<\/div>\n\t\t\t\t\t<\/div>\n\t\t<\/div>\n\t\t\t\t\t<\/div>\n\t\t<\/section>\n\t\t\t\t<\/div>\n\t\t\t\t<\/div>\n\t\t\t\t<\/div>\n\t\t\t\t<\/div>\n\t\t\t\t\t<\/div>\n\t\t<\/div>\n\t\t\t\t\t<\/div>\n\t\t<\/section>\n\t\t\t\t<\/div>","protected":false},"excerpt":{"rendered":"<p>Alle News HowToUse Produktbewertungen Q&amp;A Blogs Schlechte Thermage Nebenwirkungen: Echte Risiken, seltene Komplikationen und wie man sie vermeidet Die Thermage-Behandlung, insbesondere die fortschrittliche Thermage FLX, ist das weltweit beliebteste nicht-invasive kosmetische Verfahren zur Hautstraffung und -liftung. Es hat sich im Laufe der Jahre aufgrund seiner F\u00e4higkeit, die Haut zu straffen, weltweit durchgesetzt [...]<\/p>","protected":false},"author":2,"featured_media":0,"parent":0,"menu_order":0,"comment_status":"closed","ping_status":"closed","template":"","meta":{"_seopress_robots_primary_cat":"","_seopress_titles_title":"News and Blogs | Konmison","_seopress_titles_desc":"Looking for the next exhibition? Our news posts keep you up to date with our factory\u2019s latest developments and the new product lines that could improve your brand\u2019s efficiency.","_seopress_robots_index":"","footnotes":""},"class_list":["post-80","page","type-page","status-publish","hentry"],"acf":[],"_links":{"self":[{"href":"https:\/\/www.konmison.com\/de\/wp-json\/wp\/v2\/pages\/80","targetHints":{"allow":["GET"]}}],"collection":[{"href":"https:\/\/www.konmison.com\/de\/wp-json\/wp\/v2\/pages"}],"about":[{"href":"https:\/\/www.konmison.com\/de\/wp-json\/wp\/v2\/types\/page"}],"author":[{"embeddable":true,"href":"https:\/\/www.konmison.com\/de\/wp-json\/wp\/v2\/users\/2"}],"replies":[{"embeddable":true,"href":"https:\/\/www.konmison.com\/de\/wp-json\/wp\/v2\/comments?post=80"}],"version-history":[{"count":20,"href":"https:\/\/www.konmison.com\/de\/wp-json\/wp\/v2\/pages\/80\/revisions"}],"predecessor-version":[{"id":83728,"href":"https:\/\/www.konmison.com\/de\/wp-json\/wp\/v2\/pages\/80\/revisions\/83728"}],"wp:attachment":[{"href":"https:\/\/www.konmison.com\/de\/wp-json\/wp\/v2\/media?parent=80"}],"curies":[{"name":"wp","href":"https:\/\/api.w.org\/{rel}","templated":true}]}}