{"id":67,"date":"2022-05-30T10:06:46","date_gmt":"2022-05-30T02:06:46","guid":{"rendered":"https:\/\/www.konmison.com\/?page_id=67"},"modified":"2022-08-17T14:52:27","modified_gmt":"2022-08-17T06:52:27","slug":"potente-servicio-de-asistencia","status":"publish","type":"page","link":"https:\/\/www.konmison.com\/es\/potente-servicio-de-asistencia\/","title":{"rendered":"Potente servicio de asistencia"},"content":{"rendered":"<div data-elementor-type=\"wp-page\" data-elementor-id=\"67\" class=\"elementor elementor-67\" data-elementor-post-type=\"page\">\n\t\t\t\t\t\t<section class=\"elementor-section elementor-top-section elementor-element elementor-element-7cde6a7 elementor-section-full_width elementor-section-height-default elementor-section-height-default\" data-id=\"7cde6a7\" data-element_type=\"section\">\n\t\t\t\t\t\t<div class=\"elementor-container elementor-column-gap-default\">\n\t\t\t\t\t<div class=\"elementor-column elementor-col-100 elementor-top-column elementor-element elementor-element-4928ff6\" data-id=\"4928ff6\" data-element_type=\"column\">\n\t\t\t<div class=\"elementor-widget-wrap elementor-element-populated\">\n\t\t\t\t\t\t<div class=\"elementor-element elementor-element-74794ef elementor-widget elementor-widget-template\" data-id=\"74794ef\" data-element_type=\"widget\" data-widget_type=\"template.default\">\n\t\t\t\t<div class=\"elementor-widget-container\">\n\t\t\t\t\t<div class=\"elementor-template\">\n\t\t\t\t\t<div data-elementor-type=\"section\" data-elementor-id=\"295\" class=\"elementor elementor-295\" data-elementor-post-type=\"elementor_library\">\n\t\t\t\t\t<section class=\"elementor-section elementor-top-section elementor-element elementor-element-32659aa7 elementor-section-height-min-height elementor-section-boxed elementor-section-height-default elementor-section-items-middle\" data-id=\"32659aa7\" data-element_type=\"section\" data-settings=\"{&quot;background_background&quot;:&quot;classic&quot;,&quot;background_motion_fx_motion_fx_scrolling&quot;:&quot;yes&quot;,&quot;background_motion_fx_translateY_effect&quot;:&quot;yes&quot;,&quot;background_motion_fx_translateY_speed&quot;:{&quot;unit&quot;:&quot;px&quot;,&quot;size&quot;:3.6,&quot;sizes&quot;:[]},&quot;background_motion_fx_translateY_affectedRange&quot;:{&quot;unit&quot;:&quot;%&quot;,&quot;size&quot;:&quot;&quot;,&quot;sizes&quot;:{&quot;start&quot;:0,&quot;end&quot;:100}},&quot;background_motion_fx_devices&quot;:[&quot;desktop&quot;,&quot;tablet&quot;,&quot;mobile&quot;]}\">\n\t\t\t\t\t\t\t<div class=\"elementor-background-overlay\"><\/div>\n\t\t\t\t\t\t\t<div class=\"elementor-container elementor-column-gap-default\">\n\t\t\t\t\t<div class=\"elementor-column elementor-col-100 elementor-top-column elementor-element elementor-element-3733c9a8\" data-id=\"3733c9a8\" data-element_type=\"column\">\n\t\t\t<div class=\"elementor-widget-wrap elementor-element-populated\">\n\t\t\t\t\t\t<div class=\"elementor-element elementor-element-9702255 elementor-widget elementor-widget-pp-breadcrumbs\" data-id=\"9702255\" data-element_type=\"widget\" data-settings=\"{&quot;breadcrumbs_type&quot;:&quot;powerpack&quot;}\" data-widget_type=\"pp-breadcrumbs.default\">\n\t\t\t\t<div class=\"elementor-widget-container\">\n\t\t\t<ul class=\"pp-breadcrumbs pp-breadcrumbs-powerpack\">\t\t<li class=\"pp-breadcrumbs-item pp-breadcrumbs-item-home\">\n\t\t\t<a class=\"pp-breadcrumbs-crumb pp-breadcrumbs-crumb-link pp-breadcrumbs-crumb-home\" href=\"https:\/\/www.konmison.com\/es\" title=\"Inicio\">\n\t\t\t\t<span class=\"pp-breadcrumbs-text\">\n\t\t\t\t\t\t\t\t\t\tInicio\t\t\t\t<\/span>\n\t\t\t<\/a>\n\t\t<\/li>\n\t\t<li class=\"pp-breadcrumbs-separator\">\t\t\t\t<span class='pp-separator-icon pp-icon'>\n\t\t\t\t\t<i aria-hidden=\"true\" class=\"fas fa-angle-right\"><\/i>\t\t\t\t<\/span>\n\t\t\t\t<\/li><\/ul>\t\t<\/div>\n\t\t\t\t<\/div>\n\t\t\t\t\t<\/div>\n\t\t<\/div>\n\t\t\t\t\t<\/div>\n\t\t<\/section>\n\t\t\t\t<\/div>\n\t\t\t\t<\/div>\n\t\t\t\t<\/div>\n\t\t\t\t<\/div>\n\t\t\t\t\t<\/div>\n\t\t<\/div>\n\t\t\t\t\t<\/div>\n\t\t<\/section>\n\t\t\t\t<section class=\"elementor-section elementor-top-section elementor-element elementor-element-07702d3 elementor-reverse-tablet elementor-reverse-mobile elementor-section-boxed elementor-section-height-default elementor-section-height-default\" data-id=\"07702d3\" data-element_type=\"section\">\n\t\t\t\t\t\t<div class=\"elementor-container elementor-column-gap-default\">\n\t\t\t\t\t<div class=\"elementor-column elementor-col-50 elementor-top-column elementor-element elementor-element-7a5a9d7\" data-id=\"7a5a9d7\" data-element_type=\"column\">\n\t\t\t<div class=\"elementor-widget-wrap elementor-element-populated\">\n\t\t\t\t\t\t<div class=\"elementor-element elementor-element-584efd3 elementor-widget elementor-widget-heading\" data-id=\"584efd3\" data-element_type=\"widget\" data-widget_type=\"heading.default\">\n\t\t\t\t<div class=\"elementor-widget-container\">\n\t\t\t<h2 class=\"elementor-heading-title elementor-size-default\">Asesoramiento profesional y receptivo<\/h2>\t\t<\/div>\n\t\t\t\t<\/div>\n\t\t\t\t<div class=\"elementor-element elementor-element-0d753ff elementor-widget elementor-widget-text-editor\" data-id=\"0d753ff\" data-element_type=\"widget\" data-widget_type=\"text-editor.default\">\n\t\t\t\t<div class=\"elementor-widget-container\">\n\t\t\t\t\t\t\t<div id=\"u4562\" class=\"ax_default\" data-left=\"1\" data-top=\"561\" data-width=\"1399\" data-height=\"580\"><div id=\"u4566\" class=\"ax_default shape\"><div id=\"u4566_text\" class=\"text\"><p data-pm-slice=\"1 1 []\">Estamos disponibles 24 horas al d\u00eda, 7 d\u00edas a la semana, para responder a sus llamadas. Gracias a nuestra experiencia en diversos proyectos de equipos de belleza, nuestra consulta gratuita le proporcionar\u00e1 valiosos consejos y ayuda que pondr\u00e1n a su marca o negocio en la senda del crecimiento y el \u00e9xito. Proporcionamos recomendaciones profesionales sobre las m\u00e1quinas adecuadas para sus aplicaciones espec\u00edficas en funci\u00f3n de los efectos de tratamiento deseados, la plataforma de ventas, los grupos de clientes objetivo y el presupuesto.<\/p><\/div><\/div><\/div>\t\t\t\t\t\t<\/div>\n\t\t\t\t<\/div>\n\t\t\t\t\t<\/div>\n\t\t<\/div>\n\t\t\t\t<div class=\"elementor-column elementor-col-50 elementor-top-column elementor-element elementor-element-8536e49\" data-id=\"8536e49\" data-element_type=\"column\">\n\t\t\t<div class=\"elementor-widget-wrap elementor-element-populated\">\n\t\t\t\t\t\t<div class=\"elementor-element elementor-element-687f6a4 elementor-widget elementor-widget-image\" data-id=\"687f6a4\" data-element_type=\"widget\" data-widget_type=\"image.default\">\n\t\t\t\t<div class=\"elementor-widget-container\">\n\t\t\t\t\t\t\t\t\t\t\t\t\t<img fetchpriority=\"high\" decoding=\"async\" width=\"1280\" height=\"720\" src=\"https:\/\/www.konmison.com\/wp-content\/uploads\/2022\/06\/\u670d\u52a1\u56e2\u961f.jpg\" class=\"attachment-large size-large wp-image-467\" alt=\"equipo de servicio de konmison&#039;s\" \/>\t\t\t\t\t\t\t\t\t\t\t\t\t<\/div>\n\t\t\t\t<\/div>\n\t\t\t\t\t<\/div>\n\t\t<\/div>\n\t\t\t\t\t<\/div>\n\t\t<\/section>\n\t\t\t\t<section class=\"elementor-section elementor-top-section elementor-element elementor-element-cc9dc04 elementor-section-boxed elementor-section-height-default elementor-section-height-default\" data-id=\"cc9dc04\" data-element_type=\"section\">\n\t\t\t\t\t\t<div class=\"elementor-container elementor-column-gap-default\">\n\t\t\t\t\t<div class=\"elementor-column elementor-col-50 elementor-top-column elementor-element elementor-element-dd2559d\" data-id=\"dd2559d\" data-element_type=\"column\">\n\t\t\t<div class=\"elementor-widget-wrap elementor-element-populated\">\n\t\t\t\t\t\t<div class=\"elementor-element elementor-element-ba1e999 elementor-widget elementor-widget-image\" data-id=\"ba1e999\" data-element_type=\"widget\" data-widget_type=\"image.default\">\n\t\t\t\t<div class=\"elementor-widget-container\">\n\t\t\t\t\t\t\t\t\t\t\t\t\t<img decoding=\"async\" width=\"1000\" height=\"667\" src=\"https:\/\/www.konmison.com\/wp-content\/uploads\/2022\/07\/P03-S02-\u4e24\u4f4d\u5de5\u4f5c\u4eba\u5458\u5728\u8ba8\u8bba\u5ba2\u6237\u7684\u8349\u56fe.jpg\" class=\"attachment-large size-large wp-image-1232\" alt=\"Dos miembros del personal discuten el boceto de un cliente\" \/>\t\t\t\t\t\t\t\t\t\t\t\t\t<\/div>\n\t\t\t\t<\/div>\n\t\t\t\t\t<\/div>\n\t\t<\/div>\n\t\t\t\t<div class=\"elementor-column elementor-col-50 elementor-top-column elementor-element elementor-element-7b58f9d\" data-id=\"7b58f9d\" data-element_type=\"column\">\n\t\t\t<div class=\"elementor-widget-wrap elementor-element-populated\">\n\t\t\t\t\t\t<div class=\"elementor-element elementor-element-99b1a25 elementor-widget elementor-widget-heading\" data-id=\"99b1a25\" data-element_type=\"widget\" data-widget_type=\"heading.default\">\n\t\t\t\t<div class=\"elementor-widget-container\">\n\t\t\t<h2 class=\"elementor-heading-title elementor-size-default\">Asistencia intensiva para sus proyectos personalizados<\/h2>\t\t<\/div>\n\t\t\t\t<\/div>\n\t\t\t\t<div class=\"elementor-element elementor-element-ad754c9 elementor-widget elementor-widget-text-editor\" data-id=\"ad754c9\" data-element_type=\"widget\" data-widget_type=\"text-editor.default\">\n\t\t\t\t<div class=\"elementor-widget-container\">\n\t\t\t\t\t\t\t<div id=\"u4562\" class=\"ax_default\" data-left=\"1\" data-top=\"561\" data-width=\"1399\" data-height=\"580\"><div id=\"u4566\" class=\"ax_default shape\"><div id=\"u4566_text\" class=\"text\"><div id=\"u4571\" class=\"ax_default shape\"><div id=\"u4571_text\" class=\"text\"><p data-pm-slice=\"1 1 []\">Al haber trabajado antes con muchas marcas, nuestros equipos profesionales de I+D y dise\u00f1o saben c\u00f3mo desarrollar nuevos equipos de belleza desde cero o transformar los dise\u00f1os de su marca ya existentes en productos. Junto con nuestra gran capacidad de producci\u00f3n y nuestra s\u00f3lida cadena de suministro, ofrecemos una soluci\u00f3n integral para su personalizaci\u00f3n y producci\u00f3n de dispositivos de belleza de gama alta.<\/p><\/div><\/div><\/div><\/div><\/div>\t\t\t\t\t\t<\/div>\n\t\t\t\t<\/div>\n\t\t\t\t<div class=\"elementor-element elementor-element-422d481 elementor-widget elementor-widget-button\" data-id=\"422d481\" data-element_type=\"widget\" data-widget_type=\"button.default\">\n\t\t\t\t<div class=\"elementor-widget-container\">\n\t\t\t\t\t<div class=\"elementor-button-wrapper\">\n\t\t\t<a class=\"elementor-button elementor-button-link elementor-size-md\" href=\"https:\/\/www.konmison.com\/es\/oem-odm\/\">\n\t\t\t\t\t\t<span class=\"elementor-button-content-wrapper\">\n\t\t\t\t\t\t\t\t\t<span class=\"elementor-button-text\">M\u00e1s informaci\u00f3n sobre OEM y ODM<\/span>\n\t\t\t\t\t<\/span>\n\t\t\t\t\t<\/a>\n\t\t<\/div>\n\t\t\t\t<\/div>\n\t\t\t\t<\/div>\n\t\t\t\t\t<\/div>\n\t\t<\/div>\n\t\t\t\t\t<\/div>\n\t\t<\/section>\n\t\t\t\t<section class=\"elementor-section elementor-top-section elementor-element elementor-element-f3445ca elementor-reverse-tablet elementor-reverse-mobile elementor-section-boxed elementor-section-height-default elementor-section-height-default\" data-id=\"f3445ca\" data-element_type=\"section\">\n\t\t\t\t\t\t<div class=\"elementor-container elementor-column-gap-default\">\n\t\t\t\t\t<div class=\"elementor-column elementor-col-50 elementor-top-column elementor-element elementor-element-20fc64b\" data-id=\"20fc64b\" data-element_type=\"column\">\n\t\t\t<div class=\"elementor-widget-wrap elementor-element-populated\">\n\t\t\t\t\t\t<div class=\"elementor-element elementor-element-3eefa7d elementor-widget elementor-widget-heading\" data-id=\"3eefa7d\" data-element_type=\"widget\" data-widget_type=\"heading.default\">\n\t\t\t\t<div class=\"elementor-widget-container\">\n\t\t\t<h2 class=\"elementor-heading-title elementor-size-default\">Esmerado servicio posventa<\/h2>\t\t<\/div>\n\t\t\t\t<\/div>\n\t\t\t\t<div class=\"elementor-element elementor-element-86d98d3 elementor-widget elementor-widget-text-editor\" data-id=\"86d98d3\" data-element_type=\"widget\" data-widget_type=\"text-editor.default\">\n\t\t\t\t<div class=\"elementor-widget-container\">\n\t\t\t\t\t\t\t<div id=\"u4562\" class=\"ax_default\" data-left=\"1\" data-top=\"561\" data-width=\"1399\" data-height=\"580\"><div id=\"u4566\" class=\"ax_default shape\"><div id=\"u4566_text\" class=\"text\"><div id=\"u4577\" class=\"ax_default shape\"><div id=\"u4577_text\" class=\"text\"><p>Nuestros servicios no se detienen en la entrega. Tras recibir su consulta, nuestro equipo t\u00e9cnico especializado soluciona el problema. Prometemos responder inmediatamente y resolver su problema en 12 horas.<\/p><\/div><\/div><\/div><\/div><\/div>\t\t\t\t\t\t<\/div>\n\t\t\t\t<\/div>\n\t\t\t\t<div class=\"elementor-element elementor-element-e33f5c5 elementor-icon-list--layout-traditional elementor-list-item-link-full_width elementor-widget elementor-widget-icon-list\" data-id=\"e33f5c5\" data-element_type=\"widget\" data-widget_type=\"icon-list.default\">\n\t\t\t\t<div class=\"elementor-widget-container\">\n\t\t\t\t\t<ul class=\"elementor-icon-list-items\">\n\t\t\t\t\t\t\t<li class=\"elementor-icon-list-item\">\n\t\t\t\t\t\t\t\t\t\t\t<span class=\"elementor-icon-list-icon\">\n\t\t\t\t\t\t\t<i aria-hidden=\"true\" class=\"fas fa-dot-circle\"><\/i>\t\t\t\t\t\t<\/span>\n\t\t\t\t\t\t\t\t\t\t<span class=\"elementor-icon-list-text\">Un stock suficiente de piezas de repuesto resuelve los problemas de desgaste o aver\u00edas en un abrir y cerrar de ojos<\/span>\n\t\t\t\t\t\t\t\t\t<\/li>\n\t\t\t\t\t\t\t\t<li class=\"elementor-icon-list-item\">\n\t\t\t\t\t\t\t\t\t\t\t<span class=\"elementor-icon-list-icon\">\n\t\t\t\t\t\t\t<i aria-hidden=\"true\" class=\"fas fa-dot-circle\"><\/i>\t\t\t\t\t\t<\/span>\n\t\t\t\t\t\t\t\t\t\t<span class=\"elementor-icon-list-text\">1 a\u00f1o de garant\u00eda para toda la m\u00e1quina, 3 meses de garant\u00eda para las piezas<\/span>\n\t\t\t\t\t\t\t\t\t<\/li>\n\t\t\t\t\t\t\t\t<li class=\"elementor-icon-list-item\">\n\t\t\t\t\t\t\t\t\t\t\t<span class=\"elementor-icon-list-icon\">\n\t\t\t\t\t\t\t<i aria-hidden=\"true\" class=\"fas fa-dot-circle\"><\/i>\t\t\t\t\t\t<\/span>\n\t\t\t\t\t\t\t\t\t\t<span class=\"elementor-icon-list-text\">V\u00eddeos did\u00e1cticos y manuales de instrucciones de eficacia probada para sus operadores<\/span>\n\t\t\t\t\t\t\t\t\t<\/li>\n\t\t\t\t\t\t<\/ul>\n\t\t\t\t<\/div>\n\t\t\t\t<\/div>\n\t\t\t\t\t<\/div>\n\t\t<\/div>\n\t\t\t\t<div class=\"elementor-column elementor-col-50 elementor-top-column elementor-element elementor-element-9049c45\" data-id=\"9049c45\" data-element_type=\"column\">\n\t\t\t<div class=\"elementor-widget-wrap elementor-element-populated\">\n\t\t\t\t\t\t<div class=\"elementor-element elementor-element-134fca0 elementor-widget elementor-widget-image\" data-id=\"134fca0\" data-element_type=\"widget\" data-widget_type=\"image.default\">\n\t\t\t\t<div class=\"elementor-widget-container\">\n\t\t\t\t\t\t\t\t\t\t\t\t\t<img decoding=\"async\" width=\"1000\" height=\"667\" src=\"https:\/\/www.konmison.com\/wp-content\/uploads\/2022\/07\/P03-1-S03-\u552e\u540e\u56e2\u961f\u5728\u5de5\u4f4d\u56de\u590d\u5ba2\u6237\u7684\u95ee\u9898.jpg\" class=\"attachment-large size-large wp-image-1241\" alt=\"El equipo posventa responde a las preguntas de los clientes en el puesto de trabajo\" \/>\t\t\t\t\t\t\t\t\t\t\t\t\t<\/div>\n\t\t\t\t<\/div>\n\t\t\t\t\t<\/div>\n\t\t<\/div>\n\t\t\t\t\t<\/div>\n\t\t<\/section>\n\t\t\t\t<section class=\"elementor-section elementor-top-section elementor-element elementor-element-ce18bbe elementor-section-boxed elementor-section-height-default elementor-section-height-default\" data-id=\"ce18bbe\" data-element_type=\"section\">\n\t\t\t\t\t\t<div class=\"elementor-container elementor-column-gap-default\">\n\t\t\t\t\t<div class=\"elementor-column elementor-col-100 elementor-top-column elementor-element elementor-element-e93cb93\" data-id=\"e93cb93\" data-element_type=\"column\">\n\t\t\t<div class=\"elementor-widget-wrap elementor-element-populated\">\n\t\t\t\t\t\t<div class=\"elementor-element elementor-element-a4ed088 elementor-widget elementor-widget-heading\" data-id=\"a4ed088\" data-element_type=\"widget\" data-widget_type=\"heading.default\">\n\t\t\t\t<div class=\"elementor-widget-container\">\n\t\t\t<h2 class=\"elementor-heading-title elementor-size-default\">M\u00faltiples servicios de apoyo espec\u00edficos para empresas<\/h2>\t\t<\/div>\n\t\t\t\t<\/div>\n\t\t\t\t\t<\/div>\n\t\t<\/div>\n\t\t\t\t\t<\/div>\n\t\t<\/section>\n\t\t\t\t<section class=\"elementor-section elementor-top-section elementor-element elementor-element-1ac7300 elementor-section-boxed elementor-section-height-default elementor-section-height-default\" data-id=\"1ac7300\" data-element_type=\"section\">\n\t\t\t\t\t\t<div class=\"elementor-container elementor-column-gap-default\">\n\t\t\t\t\t<div class=\"elementor-column elementor-col-33 elementor-top-column elementor-element elementor-element-b42a4db\" data-id=\"b42a4db\" data-element_type=\"column\">\n\t\t\t<div class=\"elementor-widget-wrap elementor-element-populated\">\n\t\t\t\t\t\t<div class=\"elementor-element elementor-element-3e0f56a elementor-widget elementor-widget-heading\" data-id=\"3e0f56a\" data-element_type=\"widget\" data-widget_type=\"heading.default\">\n\t\t\t\t<div class=\"elementor-widget-container\">\n\t\t\t<h3 class=\"elementor-heading-title elementor-size-default\">Para marcas y mayoristas<\/h3>\t\t<\/div>\n\t\t\t\t<\/div>\n\t\t\t\t<div class=\"elementor-element elementor-element-767421e elementor-widget elementor-widget-text-editor\" data-id=\"767421e\" data-element_type=\"widget\" data-widget_type=\"text-editor.default\">\n\t\t\t\t<div class=\"elementor-widget-container\">\n\t\t\t\t\t\t\t<div id=\"u4589\" class=\"ax_default\" data-left=\"146\" data-top=\"2530\" data-width=\"332\" data-height=\"227\"><div id=\"u4591\" class=\"ax_default shape\"><div id=\"u4591_text\" class=\"text\"><p>Hemos desarrollado una serie de aparatos de belleza multiefecto y ofrecemos rentables programas OEM para satisfacer las necesidades de marcas de belleza y mayoristas. Adem\u00e1s, nuestras s\u00f3lidas relaciones con proveedores anteriores y nuestra propia f\u00e1brica nos permiten ofrecerle un suministro constante de equipos de belleza de alta calidad.<\/p><\/div><\/div><\/div>\t\t\t\t\t\t<\/div>\n\t\t\t\t<\/div>\n\t\t\t\t\t<\/div>\n\t\t<\/div>\n\t\t\t\t<div class=\"elementor-column elementor-col-33 elementor-top-column elementor-element elementor-element-97d85b0\" data-id=\"97d85b0\" data-element_type=\"column\">\n\t\t\t<div class=\"elementor-widget-wrap elementor-element-populated\">\n\t\t\t\t\t\t<div class=\"elementor-element elementor-element-d7da7a6 elementor-widget elementor-widget-heading\" data-id=\"d7da7a6\" data-element_type=\"widget\" data-widget_type=\"heading.default\">\n\t\t\t\t<div class=\"elementor-widget-container\">\n\t\t\t<h3 class=\"elementor-heading-title elementor-size-default\">Para productos de piel inc<\/h3>\t\t<\/div>\n\t\t\t\t<\/div>\n\t\t\t\t<div class=\"elementor-element elementor-element-992779b elementor-widget elementor-widget-text-editor\" data-id=\"992779b\" data-element_type=\"widget\" data-widget_type=\"text-editor.default\">\n\t\t\t\t<div class=\"elementor-widget-container\">\n\t\t\t\t\t\t\t<div id=\"u4589\" class=\"ax_default\" data-left=\"146\" data-top=\"2530\" data-width=\"332\" data-height=\"227\"><div id=\"u4591\" class=\"ax_default shape\"><div id=\"u4591_text\" class=\"text\"><div id=\"u4592\" class=\"ax_default\" data-left=\"542\" data-top=\"2530\" data-width=\"340\" data-height=\"179\"><div id=\"u4594\" class=\"ax_default shape\"><div id=\"u4594_text\" class=\"text\"><p>Konmison colabora estrechamente con usted para adaptar nuestros equipos a sus productos para el cuidado de la piel, maximizando los resultados del cuidado de la piel. Gracias a nuestra amplia experiencia, creamos una soluci\u00f3n integral para el cuidado de la piel que impulsa su negocio.<\/p><\/div><\/div><\/div><\/div><\/div><\/div>\t\t\t\t\t\t<\/div>\n\t\t\t\t<\/div>\n\t\t\t\t\t<\/div>\n\t\t<\/div>\n\t\t\t\t<div class=\"elementor-column elementor-col-33 elementor-top-column elementor-element elementor-element-494d7fe\" data-id=\"494d7fe\" data-element_type=\"column\">\n\t\t\t<div class=\"elementor-widget-wrap elementor-element-populated\">\n\t\t\t\t\t\t<div class=\"elementor-element elementor-element-35467ab elementor-widget elementor-widget-heading\" data-id=\"35467ab\" data-element_type=\"widget\" data-widget_type=\"heading.default\">\n\t\t\t\t<div class=\"elementor-widget-container\">\n\t\t\t<h3 class=\"elementor-heading-title elementor-size-default\">Para salones de belleza<\/h3>\t\t<\/div>\n\t\t\t\t<\/div>\n\t\t\t\t<div class=\"elementor-element elementor-element-e89acb2 elementor-widget elementor-widget-text-editor\" data-id=\"e89acb2\" data-element_type=\"widget\" data-widget_type=\"text-editor.default\">\n\t\t\t\t<div class=\"elementor-widget-container\">\n\t\t\t\t\t\t\t<div id=\"u4589\" class=\"ax_default\" data-left=\"146\" data-top=\"2530\" data-width=\"332\" data-height=\"227\"><div id=\"u4591\" class=\"ax_default shape\"><div id=\"u4591_text\" class=\"text\"><div id=\"u4584\" class=\"ax_default\" data-left=\"122\" data-top=\"2374\" data-width=\"1178\" data-height=\"482\"><div id=\"u4595\" class=\"ax_default\" data-left=\"947\" data-top=\"2530\" data-width=\"326\" data-height=\"228\"><div id=\"u4597\" class=\"ax_default shape\"><div id=\"u4597_text\" class=\"text\"><p>Nuestras m\u00e1quinas de belleza de alto rendimiento, que requieren poco mantenimiento, ayudar\u00e1n a su sal\u00f3n de belleza o cl\u00ednica est\u00e9tica a rentabilizar r\u00e1pidamente la inversi\u00f3n. Adem\u00e1s, podr\u00e1 disfrutar de nuestro fiable servicio posventa, desde formaci\u00f3n de operarios hasta asistencia t\u00e9cnica.<\/p><\/div><\/div><\/div><\/div><\/div><\/div><\/div>\t\t\t\t\t\t<\/div>\n\t\t\t\t<\/div>\n\t\t\t\t\t<\/div>\n\t\t<\/div>\n\t\t\t\t\t<\/div>\n\t\t<\/section>\n\t\t\t\t<\/div>","protected":false},"excerpt":{"rendered":"<p>Consulta profesional y receptiva Estamos disponibles 24 horas al d\u00eda, 7 d\u00edas a la semana, para responder a sus llamadas. Bas\u00e1ndonos en nuestra experiencia en diversos proyectos de equipos de belleza, nuestra consulta gratuita le proporcionar\u00e1 valiosos consejos y ayuda que pondr\u00e1n a su marca o negocio en la senda del crecimiento y el \u00e9xito. Proporcionamos recomendaciones profesionales sobre las m\u00e1quinas adecuadas [...]<\/p>","protected":false},"author":2,"featured_media":0,"parent":0,"menu_order":0,"comment_status":"closed","ping_status":"closed","template":"","meta":{"_seopress_robots_primary_cat":"","_seopress_titles_title":"Powerful Support | Konmison","_seopress_titles_desc":"We review your ideas in depth to create feasible beauty machinery customized for various brands. After the sale, our technical support remains to address any quality issues.","_seopress_robots_index":"","footnotes":""},"class_list":["post-67","page","type-page","status-publish","hentry"],"acf":[],"_links":{"self":[{"href":"https:\/\/www.konmison.com\/es\/wp-json\/wp\/v2\/pages\/67","targetHints":{"allow":["GET"]}}],"collection":[{"href":"https:\/\/www.konmison.com\/es\/wp-json\/wp\/v2\/pages"}],"about":[{"href":"https:\/\/www.konmison.com\/es\/wp-json\/wp\/v2\/types\/page"}],"author":[{"embeddable":true,"href":"https:\/\/www.konmison.com\/es\/wp-json\/wp\/v2\/users\/2"}],"replies":[{"embeddable":true,"href":"https:\/\/www.konmison.com\/es\/wp-json\/wp\/v2\/comments?post=67"}],"version-history":[{"count":26,"href":"https:\/\/www.konmison.com\/es\/wp-json\/wp\/v2\/pages\/67\/revisions"}],"predecessor-version":[{"id":3283,"href":"https:\/\/www.konmison.com\/es\/wp-json\/wp\/v2\/pages\/67\/revisions\/3283"}],"wp:attachment":[{"href":"https:\/\/www.konmison.com\/es\/wp-json\/wp\/v2\/media?parent=67"}],"curies":[{"name":"wp","href":"https:\/\/api.w.org\/{rel}","templated":true}]}}