{"id":71,"date":"2022-05-30T10:06:53","date_gmt":"2022-05-30T02:06:53","guid":{"rendered":"https:\/\/www.konmison.com\/?page_id=71"},"modified":"2022-06-23T22:28:44","modified_gmt":"2022-06-23T14:28:44","slug":"cas-reussis","status":"publish","type":"page","link":"https:\/\/www.konmison.com\/fr\/cas-reussis\/","title":{"rendered":"Cas r\u00e9ussis"},"content":{"rendered":"<div data-elementor-type=\"wp-page\" data-elementor-id=\"71\" class=\"elementor elementor-71\" data-elementor-post-type=\"page\">\n\t\t\t\t\t\t<section class=\"elementor-section elementor-top-section elementor-element elementor-element-03f6e5c elementor-section-full_width elementor-section-height-default elementor-section-height-default\" data-id=\"03f6e5c\" data-element_type=\"section\">\n\t\t\t\t\t\t<div class=\"elementor-container elementor-column-gap-default\">\n\t\t\t\t\t<div class=\"elementor-column elementor-col-100 elementor-top-column elementor-element elementor-element-7f5281e\" data-id=\"7f5281e\" data-element_type=\"column\">\n\t\t\t<div class=\"elementor-widget-wrap elementor-element-populated\">\n\t\t\t\t\t\t<div class=\"elementor-element elementor-element-ab69302 elementor-widget elementor-widget-template\" data-id=\"ab69302\" data-element_type=\"widget\" data-widget_type=\"template.default\">\n\t\t\t\t<div class=\"elementor-widget-container\">\n\t\t\t\t\t<div class=\"elementor-template\">\n\t\t\t\t\t<div data-elementor-type=\"section\" data-elementor-id=\"295\" class=\"elementor elementor-295\" data-elementor-post-type=\"elementor_library\">\n\t\t\t\t\t<section class=\"elementor-section elementor-top-section elementor-element elementor-element-32659aa7 elementor-section-height-min-height elementor-section-boxed elementor-section-height-default elementor-section-items-middle\" data-id=\"32659aa7\" data-element_type=\"section\" data-settings=\"{&quot;background_background&quot;:&quot;classic&quot;,&quot;background_motion_fx_motion_fx_scrolling&quot;:&quot;yes&quot;,&quot;background_motion_fx_translateY_effect&quot;:&quot;yes&quot;,&quot;background_motion_fx_translateY_speed&quot;:{&quot;unit&quot;:&quot;px&quot;,&quot;size&quot;:3.6,&quot;sizes&quot;:[]},&quot;background_motion_fx_translateY_affectedRange&quot;:{&quot;unit&quot;:&quot;%&quot;,&quot;size&quot;:&quot;&quot;,&quot;sizes&quot;:{&quot;start&quot;:0,&quot;end&quot;:100}},&quot;background_motion_fx_devices&quot;:[&quot;desktop&quot;,&quot;tablet&quot;,&quot;mobile&quot;]}\">\n\t\t\t\t\t\t\t<div class=\"elementor-background-overlay\"><\/div>\n\t\t\t\t\t\t\t<div class=\"elementor-container elementor-column-gap-default\">\n\t\t\t\t\t<div class=\"elementor-column elementor-col-100 elementor-top-column elementor-element elementor-element-3733c9a8\" data-id=\"3733c9a8\" data-element_type=\"column\">\n\t\t\t<div class=\"elementor-widget-wrap elementor-element-populated\">\n\t\t\t\t\t\t<div class=\"elementor-element elementor-element-9702255 elementor-widget elementor-widget-pp-breadcrumbs\" data-id=\"9702255\" data-element_type=\"widget\" data-settings=\"{&quot;breadcrumbs_type&quot;:&quot;powerpack&quot;}\" data-widget_type=\"pp-breadcrumbs.default\">\n\t\t\t\t<div class=\"elementor-widget-container\">\n\t\t\t<ul class=\"pp-breadcrumbs pp-breadcrumbs-powerpack\">\t\t<li class=\"pp-breadcrumbs-item pp-breadcrumbs-item-home\">\n\t\t\t<a class=\"pp-breadcrumbs-crumb pp-breadcrumbs-crumb-link pp-breadcrumbs-crumb-home\" href=\"https:\/\/www.konmison.com\/fr\" title=\"Accueil\">\n\t\t\t\t<span class=\"pp-breadcrumbs-text\">\n\t\t\t\t\t\t\t\t\t\tAccueil\t\t\t\t<\/span>\n\t\t\t<\/a>\n\t\t<\/li>\n\t\t<li class=\"pp-breadcrumbs-separator\">\t\t\t\t<span class='pp-separator-icon pp-icon'>\n\t\t\t\t\t<i aria-hidden=\"true\" class=\"fas fa-angle-right\"><\/i>\t\t\t\t<\/span>\n\t\t\t\t<\/li><\/ul>\t\t<\/div>\n\t\t\t\t<\/div>\n\t\t\t\t\t<\/div>\n\t\t<\/div>\n\t\t\t\t\t<\/div>\n\t\t<\/section>\n\t\t\t\t<\/div>\n\t\t\t\t<\/div>\n\t\t\t\t<\/div>\n\t\t\t\t<\/div>\n\t\t\t\t\t<\/div>\n\t\t<\/div>\n\t\t\t\t\t<\/div>\n\t\t<\/section>\n\t\t\t\t<section class=\"elementor-section elementor-top-section elementor-element elementor-element-bc992d4 elementor-section-boxed elementor-section-height-default elementor-section-height-default\" data-id=\"bc992d4\" data-element_type=\"section\">\n\t\t\t\t\t\t<div class=\"elementor-container elementor-column-gap-default\">\n\t\t\t\t\t<div class=\"elementor-column elementor-col-100 elementor-top-column elementor-element elementor-element-e6df60b\" data-id=\"e6df60b\" data-element_type=\"column\">\n\t\t\t<div class=\"elementor-widget-wrap elementor-element-populated\">\n\t\t\t\t\t\t<div class=\"elementor-element elementor-element-ef2d7da elementor-grid-1 elementor-grid-tablet-1 elementor-grid-mobile-1 pp-posts-image-stack-mobile pp-post-thumbnail-align-left elementor-widget elementor-widget-pp-posts\" data-id=\"ef2d7da\" data-element_type=\"widget\" data-settings=\"{&quot;news_columns&quot;:&quot;1&quot;,&quot;news_columns_tablet&quot;:&quot;1&quot;,&quot;news_columns_mobile&quot;:&quot;1&quot;}\" data-widget_type=\"pp-posts.news\">\n\t\t\t\t<div class=\"elementor-widget-container\">\n\t\t\t\t\t<div class=\"pp-posts-container\">\n\t\t\t\n\t\t\t\t\t\t\t\t\t\t\n\t\t\t<div class=\"pp-posts pp-posts-skin-news pp-elementor-grid pp-posts-grid\" data-query-type=\"custom\" data-layout=\"grid\" data-page=\"71\" data-skin=\"news\">\n\t\t\t\t\t\t\t\t\t\t\t<div class=\"pp-post-wrap pp-grid-item-wrap\">\n\t\t\t\t\t\t<div class=\"pp-post pp-grid-item\">\n\t\t\t\t\t\t<div class=\"pp-post-thumbnail\">\n\t\t\t<div class=\"pp-post-thumbnail-wrap\">\n\t\t\t\t<a href=\"https:\/\/www.konmison.com\/fr\/cas\/quen-est-il-de-la-personnalisation-de-la-langue-dans-le-systeme-de-la-machine\/\"><img fetchpriority=\"high\" decoding=\"async\" width=\"1000\" height=\"667\" src=\"https:\/\/www.konmison.com\/wp-content\/uploads\/2023\/02\/JF238-slimming-machine.jpg\" class=\"attachment-large size-large wp-image-14108\" alt=\"Machine d&#039;amincissement JF238\" srcset=\"https:\/\/www.konmison.com\/wp-content\/uploads\/2023\/02\/JF238-slimming-machine.jpg 1000w, https:\/\/www.konmison.com\/wp-content\/uploads\/2023\/02\/JF238-slimming-machine-600x400.jpg 600w, https:\/\/www.konmison.com\/wp-content\/uploads\/2023\/02\/JF238-slimming-machine-768x512.jpg 768w\" sizes=\"(max-width: 1000px) 100vw, 1000px\" \/><\/a>\t\t\t<\/div>\n\t\t<\/div>\n\t\t\t\t\t\t<div class=\"pp-post-content\">\n\t\t\t\t\t\t\t\t\t\t\t<h2 class=\"pp-post-title\">\n\t\t\t\t<a href=\"https:\/\/www.konmison.com\/fr\/cas\/quen-est-il-de-la-personnalisation-de-la-langue-dans-le-systeme-de-la-machine\/\">Qu'en est-il de la personnalisation de votre langue dans le syst\u00e8me de la machine ?<\/a>\t\t\t<\/h2>\n\t\t\t\t\t\t\t\t\t<div class=\"pp-post-meta\">\n\t\t\t\t\t\t\t\t<span class=\"pp-post-date\">\n\t\t\t\t\t\t<span class=\"pp-meta-text\">\n\t\t\t\t10 f\u00e9vrier 2023\t\t\t<\/span>\n\t\t<\/span>\n\t\t<span class=\"pp-meta-separator\"><\/span>\n\t\t\t\t\t\t\t\t<span class=\"pp-post-comments\">\n\t\t\t\t\t\t<span class=\"pp-meta-text\">\n\t\t\t\tAucun commentaire\t\t\t<\/span>\n\t\t<\/span>\n\t\t<span class=\"pp-meta-separator\"><\/span>\n\t\t\t\t\t\t\t<\/div>\n\t\t\t\t\t\t\t<div class=\"pp-post-excerpt\">\n\t\t\t<p>De nombreux clients nous choisissent \u00e0 nouveau apr\u00e8s une seule commande, ce qui suffit \u00e0 prouver la force de KONMISON. En nous choisissant, vous b\u00e9n\u00e9ficierez d'un service complet.<\/p>\n\t\t<\/div>\n\t\t\t\t\t\t\t\t<a class=\"pp-posts-button elementor-button elementor-size-md\" href=\"https:\/\/www.konmison.com\/fr\/cas\/quen-est-il-de-la-personnalisation-de-la-langue-dans-le-systeme-de-la-machine\/\">\n\t\t\t\t\t\t\t\t\t\t<span class=\"pp-button-text\">\n\t\t\t\t\tLire la suite\t\t\t\t<\/span>\n\t\t\t\t\t\t\t\t\t<span class=\"pp-button-icon elementor-button-icon elementor-align-icon-right\">\n\t\t\t\t\t\t\t<\/span>\n\t\t\t\t\t<\/a>\n\t\t\t\t\t\t\t\t<\/div>\n\t\t\t<\/div>\n\t\t\t\t\t<\/div>\n\t\t\t\t\t\t\t\t\t<\/div>\n\t\t\t\n\t\t\t\n\t\t\t\n\t\t\t\n\t\t\t\t\t\t\t\t\t\t\t\t<\/div>\n\n\t\t\n\t\t\t\t<\/div>\n\t\t\t\t<\/div>\n\t\t\t\t\t<\/div>\n\t\t<\/div>\n\t\t\t\t\t<\/div>\n\t\t<\/section>\n\t\t\t\t<section class=\"elementor-section elementor-top-section elementor-element elementor-element-6c5858d elementor-section-boxed elementor-section-height-default elementor-section-height-default\" data-id=\"6c5858d\" data-element_type=\"section\">\n\t\t\t\t\t\t<div class=\"elementor-container elementor-column-gap-default\">\n\t\t\t\t\t<div class=\"elementor-column elementor-col-100 elementor-top-column elementor-element elementor-element-c20b06f\" data-id=\"c20b06f\" data-element_type=\"column\">\n\t\t\t<div class=\"elementor-widget-wrap elementor-element-populated\">\n\t\t\t\t\t\t<div class=\"elementor-element elementor-element-11fa1d7 elementor-grid-3 elementor-grid-tablet-2 elementor-grid-mobile-1 elementor-widget elementor-widget-pp-posts\" data-id=\"11fa1d7\" data-element_type=\"widget\" data-widget_type=\"pp-posts.card\">\n\t\t\t\t<div class=\"elementor-widget-container\">\n\t\t\t\t\t<div class=\"pp-posts-container\">\n\t\t\t\n\t\t\t\t\t\t\t\t\t\t\n\t\t\t<div class=\"pp-posts pp-posts-skin-card pp-elementor-grid pp-posts-grid\" data-query-type=\"custom\" data-layout=\"grid\" data-page=\"71\" data-skin=\"card\">\n\t\t\t\t\t\t\t\t\t\t\t<div class=\"pp-post-wrap pp-grid-item-wrap\">\n\t\t\t\t\t\t<div class=\"pp-post pp-grid-item\">\n\t\t\t\t\t\t<div class=\"pp-post-thumbnail\">\n\t\t\t<div class=\"pp-post-thumbnail-wrap\">\n\t\t\t\t<a href=\"https:\/\/www.konmison.com\/fr\/cas\/quen-est-il-de-la-personnalisation-de-la-langue-dans-le-systeme-de-la-machine\/\"><img fetchpriority=\"high\" decoding=\"async\" width=\"1000\" height=\"667\" src=\"https:\/\/www.konmison.com\/wp-content\/uploads\/2023\/02\/JF238-slimming-machine.jpg\" class=\"attachment-large size-large wp-image-14108\" alt=\"Machine d&#039;amincissement JF238\" srcset=\"https:\/\/www.konmison.com\/wp-content\/uploads\/2023\/02\/JF238-slimming-machine.jpg 1000w, https:\/\/www.konmison.com\/wp-content\/uploads\/2023\/02\/JF238-slimming-machine-600x400.jpg 600w, https:\/\/www.konmison.com\/wp-content\/uploads\/2023\/02\/JF238-slimming-machine-768x512.jpg 768w\" sizes=\"(max-width: 1000px) 100vw, 1000px\" \/><\/a>\t\t\t<\/div>\n\t\t<\/div>\n\t\t\n\t\t\t\t<div class=\"pp-post-content\">\n\t\t\t\t\t\t\t\t\t\t\t<h3 class=\"pp-post-title\">\n\t\t\t\t<a href=\"https:\/\/www.konmison.com\/fr\/cas\/quen-est-il-de-la-personnalisation-de-la-langue-dans-le-systeme-de-la-machine\/\">Qu'en est-il de la personnalisation de votre langue dans le syst\u00e8me de la machine ?<\/a>\t\t\t<\/h3>\n\t\t\t\t\t\t\t<div class=\"pp-post-excerpt\">\n\t\t\t<p>De nombreux clients nous choisissent \u00e0 nouveau apr\u00e8s une seule commande, ce qui suffit \u00e0 prouver la force de KONMISON. En nous choisissant, vous b\u00e9n\u00e9ficierez d'un service complet.<\/p>\n\t\t<\/div>\n\t\t\t\t\t\t\t\t<\/div>\n\n\t\t\t\t\t\t\t<\/div>\n\t\t\t\t\t<\/div>\n\t\t\t\t<div class=\"pp-post-wrap pp-grid-item-wrap\">\n\t\t\t\t\t\t<div class=\"pp-post pp-grid-item\">\n\t\t\t\t\t\t<div class=\"pp-post-thumbnail\">\n\t\t\t<div class=\"pp-post-thumbnail-wrap\">\n\t\t\t\t<a href=\"https:\/\/www.konmison.com\/fr\/cas\/comment-reagir-en-cas-de-panne-de-la-machine\/\"><img decoding=\"async\" width=\"1000\" height=\"667\" src=\"https:\/\/www.konmison.com\/wp-content\/uploads\/2023\/02\/Hair-removal.jpg\" class=\"attachment-large size-large wp-image-13877\" alt=\"\u00c9pilation\" srcset=\"https:\/\/www.konmison.com\/wp-content\/uploads\/2023\/02\/Hair-removal.jpg 1000w, https:\/\/www.konmison.com\/wp-content\/uploads\/2023\/02\/Hair-removal-600x400.jpg 600w, https:\/\/www.konmison.com\/wp-content\/uploads\/2023\/02\/Hair-removal-768x512.jpg 768w\" sizes=\"(max-width: 1000px) 100vw, 1000px\" \/><\/a>\t\t\t<\/div>\n\t\t<\/div>\n\t\t\n\t\t\t\t<div class=\"pp-post-content\">\n\t\t\t\t\t\t\t\t\t\t\t<h3 class=\"pp-post-title\">\n\t\t\t\t<a href=\"https:\/\/www.konmison.com\/fr\/cas\/comment-reagir-en-cas-de-panne-de-la-machine\/\">Comment faire face \u00e0 la panne de la machine ?<\/a>\t\t\t<\/h3>\n\t\t\t\t\t\t\t<div class=\"pp-post-excerpt\">\n\t\t\t<p>Tout produit peut avoir des probl\u00e8mes d'apr\u00e8s-vente, m\u00eame les produits haut de gamme. La fa\u00e7on de devenir un fournisseur de haute qualit\u00e9 ne se refl\u00e8te pas seulement dans le prix et les produits, mais aussi dans le service apr\u00e8s-vente. <\/p>\n\t\t<\/div>\n\t\t\t\t\t\t\t\t<\/div>\n\n\t\t\t\t\t\t\t<\/div>\n\t\t\t\t\t<\/div>\n\t\t\t\t<div class=\"pp-post-wrap pp-grid-item-wrap\">\n\t\t\t\t\t\t<div class=\"pp-post pp-grid-item\">\n\t\t\t\t\t\t<div class=\"pp-post-thumbnail\">\n\t\t\t<div class=\"pp-post-thumbnail-wrap\">\n\t\t\t\t<a href=\"https:\/\/www.konmison.com\/fr\/cas\/vous-offre-un-service-unique\/\"><img decoding=\"async\" width=\"1000\" height=\"667\" src=\"https:\/\/www.konmison.com\/wp-content\/uploads\/2022\/12\/1.jpg\" class=\"attachment-large size-large wp-image-12551\" alt=\"JF697 Machine \u00e0 sculpter et \u00e0 congeler les graisses\" srcset=\"https:\/\/www.konmison.com\/wp-content\/uploads\/2022\/12\/1.jpg 1000w, https:\/\/www.konmison.com\/wp-content\/uploads\/2022\/12\/1-600x400.jpg 600w, https:\/\/www.konmison.com\/wp-content\/uploads\/2022\/12\/1-768x512.jpg 768w\" sizes=\"(max-width: 1000px) 100vw, 1000px\" \/><\/a>\t\t\t<\/div>\n\t\t<\/div>\n\t\t\n\t\t\t\t<div class=\"pp-post-content\">\n\t\t\t\t\t\t\t\t\t\t\t<h3 class=\"pp-post-title\">\n\t\t\t\t<a href=\"https:\/\/www.konmison.com\/fr\/cas\/vous-offre-un-service-unique\/\">Un service unique pour vous<\/a>\t\t\t<\/h3>\n\t\t\t\t\t\t\t<div class=\"pp-post-excerpt\">\n\t\t\t<p>Une nouvelle cliente de Singapour nous a trouv\u00e9s en ligne. Elle voulait l'appareil de sculpture et de cong\u00e9lation des graisses sous vide (JF697). De plus, elle ...<\/p>\n\t\t<\/div>\n\t\t\t\t\t\t\t\t<\/div>\n\n\t\t\t\t\t\t\t<\/div>\n\t\t\t\t\t<\/div>\n\t\t\t\t<div class=\"pp-post-wrap pp-grid-item-wrap\">\n\t\t\t\t\t\t<div class=\"pp-post pp-grid-item\">\n\t\t\t\t\t\t<div class=\"pp-post-thumbnail\">\n\t\t\t<div class=\"pp-post-thumbnail-wrap\">\n\t\t\t\t<a href=\"https:\/\/www.konmison.com\/fr\/cas\/acheter-un-echantillon-pour-le-tester\/\"><img loading=\"lazy\" decoding=\"async\" width=\"1000\" height=\"667\" src=\"https:\/\/www.konmison.com\/wp-content\/uploads\/2022\/08\/vacuum-therapy-machine-FX045-3.jpg\" class=\"attachment-large size-large wp-image-2478\" alt=\"machine de th\u00e9rapie par le vide FX045 3\" srcset=\"https:\/\/www.konmison.com\/wp-content\/uploads\/2022\/08\/vacuum-therapy-machine-FX045-3.jpg 1000w, https:\/\/www.konmison.com\/wp-content\/uploads\/2022\/08\/vacuum-therapy-machine-FX045-3-600x400.jpg 600w, https:\/\/www.konmison.com\/wp-content\/uploads\/2022\/08\/vacuum-therapy-machine-FX045-3-768x512.jpg 768w\" sizes=\"(max-width: 1000px) 100vw, 1000px\" \/><\/a>\t\t\t<\/div>\n\t\t<\/div>\n\t\t\n\t\t\t\t<div class=\"pp-post-content\">\n\t\t\t\t\t\t\t\t\t\t\t<h3 class=\"pp-post-title\">\n\t\t\t\t<a href=\"https:\/\/www.konmison.com\/fr\/cas\/acheter-un-echantillon-pour-le-tester\/\">Acheter un \u00e9chantillon pour le tester<\/a>\t\t\t<\/h3>\n\t\t\t\t\t\t\t<div class=\"pp-post-excerpt\">\n\t\t\t<p>Un client de la R\u00e9publique tch\u00e8que nous a trouv\u00e9s comme fournisseur parmi de nombreuses entreprises sur Internet. Apr\u00e8s avoir communiqu\u00e9 avec ...<\/p>\n\t\t<\/div>\n\t\t\t\t\t\t\t\t<\/div>\n\n\t\t\t\t\t\t\t<\/div>\n\t\t\t\t\t<\/div>\n\t\t\t\t<div class=\"pp-post-wrap pp-grid-item-wrap\">\n\t\t\t\t\t\t<div class=\"pp-post pp-grid-item\">\n\t\t\t\t\t\t<div class=\"pp-post-thumbnail\">\n\t\t\t<div class=\"pp-post-thumbnail-wrap\">\n\t\t\t\t<a href=\"https:\/\/www.konmison.com\/fr\/cas\/la-pandemie-ne-peut-pas-nous-arreter\/\"><img loading=\"lazy\" decoding=\"async\" width=\"1000\" height=\"667\" src=\"https:\/\/www.konmison.com\/wp-content\/uploads\/2022\/12\/JF715-40K-cavitation-4.jpg\" class=\"attachment-large size-large wp-image-12476\" alt=\"JF715 40K cavitation 4\" srcset=\"https:\/\/www.konmison.com\/wp-content\/uploads\/2022\/12\/JF715-40K-cavitation-4.jpg 1000w, https:\/\/www.konmison.com\/wp-content\/uploads\/2022\/12\/JF715-40K-cavitation-4-600x400.jpg 600w, https:\/\/www.konmison.com\/wp-content\/uploads\/2022\/12\/JF715-40K-cavitation-4-768x512.jpg 768w\" sizes=\"(max-width: 1000px) 100vw, 1000px\" \/><\/a>\t\t\t<\/div>\n\t\t<\/div>\n\t\t\n\t\t\t\t<div class=\"pp-post-content\">\n\t\t\t\t\t\t\t\t\t\t\t<h3 class=\"pp-post-title\">\n\t\t\t\t<a href=\"https:\/\/www.konmison.com\/fr\/cas\/la-pandemie-ne-peut-pas-nous-arreter\/\">La pand\u00e9mie ne peut pas nous arr\u00eater !<\/a>\t\t\t<\/h3>\n\t\t\t\t\t\t\t<div class=\"pp-post-excerpt\">\n\t\t\t<p>Une employ\u00e9e de Singapour, Deisy, nous a trouv\u00e9s en ligne. Elle voulait aider son patron \u00e0 trouver une pi\u00e8ce ...<\/p>\n\t\t<\/div>\n\t\t\t\t\t\t\t\t<\/div>\n\n\t\t\t\t\t\t\t<\/div>\n\t\t\t\t\t<\/div>\n\t\t\t\t<div class=\"pp-post-wrap pp-grid-item-wrap\">\n\t\t\t\t\t\t<div class=\"pp-post pp-grid-item\">\n\t\t\t\t\t\t<div class=\"pp-post-thumbnail\">\n\t\t\t<div class=\"pp-post-thumbnail-wrap\">\n\t\t\t\t<a href=\"https:\/\/www.konmison.com\/fr\/cas\/fournit-des-instructions-pour-vous\/\"><img loading=\"lazy\" decoding=\"async\" width=\"1000\" height=\"667\" src=\"https:\/\/www.konmison.com\/wp-content\/uploads\/2022\/07\/small-bubble-hydrafacial-machine-LB473-1-1.jpg\" class=\"attachment-large size-large wp-image-3078\" alt=\"petite machine hydrafaciale \u00e0 bulles LB473 1 1\" srcset=\"https:\/\/www.konmison.com\/wp-content\/uploads\/2022\/07\/small-bubble-hydrafacial-machine-LB473-1-1.jpg 1000w, https:\/\/www.konmison.com\/wp-content\/uploads\/2022\/07\/small-bubble-hydrafacial-machine-LB473-1-1-600x400.jpg 600w, https:\/\/www.konmison.com\/wp-content\/uploads\/2022\/07\/small-bubble-hydrafacial-machine-LB473-1-1-768x512.jpg 768w\" sizes=\"(max-width: 1000px) 100vw, 1000px\" \/><\/a>\t\t\t<\/div>\n\t\t<\/div>\n\t\t\n\t\t\t\t<div class=\"pp-post-content\">\n\t\t\t\t\t\t\t\t\t\t\t<h3 class=\"pp-post-title\">\n\t\t\t\t<a href=\"https:\/\/www.konmison.com\/fr\/cas\/fournit-des-instructions-pour-vous\/\">Fournit des instructions pour vous<\/a>\t\t\t<\/h3>\n\t\t\t\t\t\t\t<div class=\"pp-post-excerpt\">\n\t\t\t<p>Nous avons re\u00e7u une demande d'un client australien qui poss\u00e8de un salon de coiffure local. Il nous a demand\u00e9 de l'aide pour l'achat d'une machine de beaut\u00e9 faciale \u00e0 eau oxyg\u00e9n\u00e9e.<\/p>\n\t\t<\/div>\n\t\t\t\t\t\t\t\t<\/div>\n\n\t\t\t\t\t\t\t<\/div>\n\t\t\t\t\t<\/div>\n\t\t\t\t\t\t\t\t\t<\/div>\n\t\t\t\n\t\t\t\n\t\t\t\n\t\t\t\n\t\t\t\t\t\t\t\t\t\t\t<div class=\"pp-posts-pagination-wrap pp-posts-pagination-bottom\">\n\t\t\t\t\t\t\t\t<nav class=\"pp-posts-pagination pp-posts-pagination-ajax elementor-pagination\" role=\"navigation\" aria-label=\"Pagination\" data-total=\"3\">\n\t\t\t\t<span aria-current=\"page\" class=\"page-numbers current\">1<\/span>\n<a class=\"page-numbers\" href=\"https:\/\/www.konmison.com\/wp-json\/wp\/v2\/pages\/71\/page\/2\/\">2<\/a>\n<a class=\"page-numbers\" href=\"https:\/\/www.konmison.com\/wp-json\/wp\/v2\/pages\/71\/page\/3\/\">3<\/a>\n<a class=\"next page-numbers\" href=\"https:\/\/www.konmison.com\/wp-json\/wp\/v2\/pages\/71\/page\/2\/\">Suivant \"<\/a>\t\t\t<\/nav>\n\t\t\t\t\t\t\t<\/div>\n\t\t\t\t\t\t\t\t\t<\/div>\n\n\t\t\n\t\t\t\t<\/div>\n\t\t\t\t<\/div>\n\t\t\t\t\t<\/div>\n\t\t<\/div>\n\t\t\t\t\t<\/div>\n\t\t<\/section>\n\t\t\t\t<section class=\"elementor-section elementor-top-section elementor-element elementor-element-3b63626 elementor-section-full_width elementor-section-height-default elementor-section-height-default\" data-id=\"3b63626\" data-element_type=\"section\">\n\t\t\t\t\t\t<div class=\"elementor-container elementor-column-gap-default\">\n\t\t\t\t\t<div class=\"elementor-column elementor-col-100 elementor-top-column elementor-element elementor-element-57d04d5\" data-id=\"57d04d5\" data-element_type=\"column\">\n\t\t\t<div class=\"elementor-widget-wrap elementor-element-populated\">\n\t\t\t\t\t\t<div class=\"elementor-element elementor-element-2a877ff elementor-widget elementor-widget-template\" data-id=\"2a877ff\" data-element_type=\"widget\" data-widget_type=\"template.default\">\n\t\t\t\t<div class=\"elementor-widget-container\">\n\t\t\t\t\t<div class=\"elementor-template\">\n\t\t\t\t\t<div data-elementor-type=\"section\" data-elementor-id=\"409\" class=\"elementor elementor-409\" data-elementor-post-type=\"elementor_library\">\n\t\t\t\t\t<section class=\"elementor-section elementor-top-section elementor-element elementor-element-76a2c331 elementor-section-boxed elementor-section-height-default elementor-section-height-default\" data-id=\"76a2c331\" data-element_type=\"section\" data-settings=\"{&quot;background_background&quot;:&quot;gradient&quot;}\">\n\t\t\t\t\t\t<div class=\"elementor-container elementor-column-gap-default\">\n\t\t\t\t\t<div class=\"elementor-column elementor-col-100 elementor-top-column elementor-element elementor-element-28a0d243\" data-id=\"28a0d243\" data-element_type=\"column\">\n\t\t\t<div class=\"elementor-widget-wrap elementor-element-populated\">\n\t\t\t\t\t\t<div class=\"elementor-element elementor-element-75afcfbb elementor-widget elementor-widget-heading\" data-id=\"75afcfbb\" data-element_type=\"widget\" data-widget_type=\"heading.default\">\n\t\t\t\t<div class=\"elementor-widget-container\">\n\t\t\t<h2 class=\"elementor-heading-title elementor-size-default\">Promouvoir votre entreprise de beaut\u00e9 gr\u00e2ce \u00e0 la technologie Konmison<\/h2>\t\t<\/div>\n\t\t\t\t<\/div>\n\t\t\t\t<div class=\"elementor-element elementor-element-79548be4 elementor-icon-list--layout-inline elementor-align-center elementor-list-item-link-full_width elementor-widget elementor-widget-icon-list\" data-id=\"79548be4\" data-element_type=\"widget\" data-widget_type=\"icon-list.default\">\n\t\t\t\t<div class=\"elementor-widget-container\">\n\t\t\t\t\t<ul class=\"elementor-icon-list-items elementor-inline-items\">\n\t\t\t\t\t\t\t<li class=\"elementor-icon-list-item elementor-inline-item\">\n\t\t\t\t\t\t\t\t\t\t<span class=\"elementor-icon-list-text\">Pour les propri\u00e9taires de marques, les grossistes et les n\u00e9gociants<\/span>\n\t\t\t\t\t\t\t\t\t<\/li>\n\t\t\t\t\t\t\t\t<li class=\"elementor-icon-list-item elementor-inline-item\">\n\t\t\t\t\t\t\t\t\t\t<span class=\"elementor-icon-list-text\">Pour les entreprises de produits pour la peau<\/span>\n\t\t\t\t\t\t\t\t\t<\/li>\n\t\t\t\t\t\t\t\t<li class=\"elementor-icon-list-item elementor-inline-item\">\n\t\t\t\t\t\t\t\t\t\t<span class=\"elementor-icon-list-text\">Pour les salons de beaut\u00e9\/cliniques\/spas<\/span>\n\t\t\t\t\t\t\t\t\t<\/li>\n\t\t\t\t\t\t<\/ul>\n\t\t\t\t<\/div>\n\t\t\t\t<\/div>\n\t\t\t\t<div class=\"elementor-element elementor-element-4da3b52f elementor-align-center elementor-widget elementor-widget-button\" data-id=\"4da3b52f\" data-element_type=\"widget\" data-widget_type=\"button.default\">\n\t\t\t\t<div class=\"elementor-widget-container\">\n\t\t\t\t\t<div class=\"elementor-button-wrapper\">\n\t\t\t<a class=\"elementor-button elementor-button-link elementor-size-md\" href=\"#elementor-action%3Aaction%3Dpopup%3Aopen%26settings%3DeyJpZCI6IjM0NCIsInRvZ2dsZSI6ZmFsc2V9\">\n\t\t\t\t\t\t<span class=\"elementor-button-content-wrapper\">\n\t\t\t\t\t\t\t\t\t<span class=\"elementor-button-text\">Nous contacter<\/span>\n\t\t\t\t\t<\/span>\n\t\t\t\t\t<\/a>\n\t\t<\/div>\n\t\t\t\t<\/div>\n\t\t\t\t<\/div>\n\t\t\t\t\t<\/div>\n\t\t<\/div>\n\t\t\t\t\t<\/div>\n\t\t<\/section>\n\t\t\t\t<\/div>\n\t\t\t\t<\/div>\n\t\t\t\t<\/div>\n\t\t\t\t<\/div>\n\t\t\t\t\t<\/div>\n\t\t<\/div>\n\t\t\t\t\t<\/div>\n\t\t<\/section>\n\t\t\t\t<\/div>","protected":false},"excerpt":{"rendered":"<p>Case Name June 22, 2022 No Comments Lorem ipsum Lorem ipsum dolor amet locavore prism mumblecore art party 90's taiyaki vegan church-key direct trade ugh you probably haven't heard of them hot chicken tbh post-ironic. La ferme \u00e0 la table biologique humblebrag poitrine de porc homme tresse fingerstache asym\u00e9trique durable jus vert. ... Read More Case Name Lorem ipsum Lorem [...]<\/p>","protected":false},"author":2,"featured_media":0,"parent":0,"menu_order":0,"comment_status":"closed","ping_status":"closed","template":"","meta":{"_seopress_robots_primary_cat":"","_seopress_titles_title":"","_seopress_titles_desc":"","_seopress_robots_index":"","footnotes":""},"class_list":["post-71","page","type-page","status-publish","hentry"],"acf":[],"_links":{"self":[{"href":"https:\/\/www.konmison.com\/fr\/wp-json\/wp\/v2\/pages\/71","targetHints":{"allow":["GET"]}}],"collection":[{"href":"https:\/\/www.konmison.com\/fr\/wp-json\/wp\/v2\/pages"}],"about":[{"href":"https:\/\/www.konmison.com\/fr\/wp-json\/wp\/v2\/types\/page"}],"author":[{"embeddable":true,"href":"https:\/\/www.konmison.com\/fr\/wp-json\/wp\/v2\/users\/2"}],"replies":[{"embeddable":true,"href":"https:\/\/www.konmison.com\/fr\/wp-json\/wp\/v2\/comments?post=71"}],"version-history":[{"count":8,"href":"https:\/\/www.konmison.com\/fr\/wp-json\/wp\/v2\/pages\/71\/revisions"}],"predecessor-version":[{"id":3019,"href":"https:\/\/www.konmison.com\/fr\/wp-json\/wp\/v2\/pages\/71\/revisions\/3019"}],"wp:attachment":[{"href":"https:\/\/www.konmison.com\/fr\/wp-json\/wp\/v2\/media?parent=71"}],"curies":[{"name":"wp","href":"https:\/\/api.w.org\/{rel}","templated":true}]}}