{"id":80,"date":"2022-05-30T10:10:01","date_gmt":"2022-05-30T02:10:01","guid":{"rendered":"https:\/\/www.konmison.com\/?page_id=80"},"modified":"2026-04-03T17:46:09","modified_gmt":"2026-04-03T09:46:09","slug":"blogs-dinformation","status":"publish","type":"page","link":"https:\/\/www.konmison.com\/fr\/blogs-dinformation\/","title":{"rendered":"Nouvelles et blogs"},"content":{"rendered":"<div data-elementor-type=\"wp-page\" data-elementor-id=\"80\" class=\"elementor elementor-80\" data-elementor-post-type=\"page\">\n\t\t\t\t\t\t<section class=\"elementor-section elementor-top-section elementor-element elementor-element-07676a8 elementor-section-full_width elementor-section-height-default elementor-section-height-default\" data-id=\"07676a8\" data-element_type=\"section\">\n\t\t\t\t\t\t<div class=\"elementor-container elementor-column-gap-default\">\n\t\t\t\t\t<div class=\"elementor-column elementor-col-100 elementor-top-column elementor-element elementor-element-ee02516\" data-id=\"ee02516\" data-element_type=\"column\">\n\t\t\t<div class=\"elementor-widget-wrap elementor-element-populated\">\n\t\t\t\t\t\t<div class=\"elementor-element elementor-element-b321a55 elementor-widget elementor-widget-template\" data-id=\"b321a55\" data-element_type=\"widget\" data-widget_type=\"template.default\">\n\t\t\t\t<div class=\"elementor-widget-container\">\n\t\t\t\t\t<div class=\"elementor-template\">\n\t\t\t\t\t<div data-elementor-type=\"section\" data-elementor-id=\"295\" class=\"elementor elementor-295\" data-elementor-post-type=\"elementor_library\">\n\t\t\t\t\t<section class=\"elementor-section elementor-top-section elementor-element elementor-element-32659aa7 elementor-section-height-min-height elementor-section-boxed elementor-section-height-default elementor-section-items-middle\" data-id=\"32659aa7\" data-element_type=\"section\" data-settings=\"{&quot;background_background&quot;:&quot;classic&quot;,&quot;background_motion_fx_motion_fx_scrolling&quot;:&quot;yes&quot;,&quot;background_motion_fx_translateY_effect&quot;:&quot;yes&quot;,&quot;background_motion_fx_translateY_speed&quot;:{&quot;unit&quot;:&quot;px&quot;,&quot;size&quot;:3.6,&quot;sizes&quot;:[]},&quot;background_motion_fx_translateY_affectedRange&quot;:{&quot;unit&quot;:&quot;%&quot;,&quot;size&quot;:&quot;&quot;,&quot;sizes&quot;:{&quot;start&quot;:0,&quot;end&quot;:100}},&quot;background_motion_fx_devices&quot;:[&quot;desktop&quot;,&quot;tablet&quot;,&quot;mobile&quot;]}\">\n\t\t\t\t\t\t\t<div class=\"elementor-background-overlay\"><\/div>\n\t\t\t\t\t\t\t<div class=\"elementor-container elementor-column-gap-default\">\n\t\t\t\t\t<div class=\"elementor-column elementor-col-100 elementor-top-column elementor-element elementor-element-3733c9a8\" data-id=\"3733c9a8\" data-element_type=\"column\">\n\t\t\t<div class=\"elementor-widget-wrap elementor-element-populated\">\n\t\t\t\t\t\t<div class=\"elementor-element elementor-element-9702255 elementor-widget elementor-widget-pp-breadcrumbs\" data-id=\"9702255\" data-element_type=\"widget\" data-settings=\"{&quot;breadcrumbs_type&quot;:&quot;powerpack&quot;}\" data-widget_type=\"pp-breadcrumbs.default\">\n\t\t\t\t<div class=\"elementor-widget-container\">\n\t\t\t<ul class=\"pp-breadcrumbs pp-breadcrumbs-powerpack\">\t\t<li class=\"pp-breadcrumbs-item pp-breadcrumbs-item-home\">\n\t\t\t<a class=\"pp-breadcrumbs-crumb pp-breadcrumbs-crumb-link pp-breadcrumbs-crumb-home\" href=\"https:\/\/www.konmison.com\/fr\" title=\"Accueil\">\n\t\t\t\t<span class=\"pp-breadcrumbs-text\">\n\t\t\t\t\t\t\t\t\t\tAccueil\t\t\t\t<\/span>\n\t\t\t<\/a>\n\t\t<\/li>\n\t\t<li class=\"pp-breadcrumbs-separator\">\t\t\t\t<span class='pp-separator-icon pp-icon'>\n\t\t\t\t\t<i aria-hidden=\"true\" class=\"fas fa-angle-right\"><\/i>\t\t\t\t<\/span>\n\t\t\t\t<\/li><\/ul>\t\t<\/div>\n\t\t\t\t<\/div>\n\t\t\t\t\t<\/div>\n\t\t<\/div>\n\t\t\t\t\t<\/div>\n\t\t<\/section>\n\t\t\t\t<\/div>\n\t\t\t\t<\/div>\n\t\t\t\t<\/div>\n\t\t\t\t<\/div>\n\t\t\t\t\t<\/div>\n\t\t<\/div>\n\t\t\t\t\t<\/div>\n\t\t<\/section>\n\t\t\t\t<section class=\"elementor-section elementor-top-section elementor-element elementor-element-efadc46 elementor-section-boxed elementor-section-height-default elementor-section-height-default\" data-id=\"efadc46\" data-element_type=\"section\">\n\t\t\t\t\t\t<div class=\"elementor-container elementor-column-gap-default\">\n\t\t\t\t\t<div class=\"elementor-column elementor-col-100 elementor-top-column elementor-element elementor-element-12e71e5\" data-id=\"12e71e5\" data-element_type=\"column\">\n\t\t\t<div class=\"elementor-widget-wrap elementor-element-populated\">\n\t\t\t\t\t\t<div class=\"elementor-element elementor-element-e271f43 elementor-grid-3 elementor-grid-tablet-2 elementor-grid-mobile-1 pp-post-filters-align-left elementor-widget elementor-widget-pp-posts\" data-id=\"e271f43\" data-element_type=\"widget\" data-widget_type=\"pp-posts.classic\">\n\t\t\t\t<div class=\"elementor-widget-container\">\n\t\t\t\t\t<div class=\"pp-post-filters-container\">\n\t\t\t\t\t\t<div class=\"pp-post-filters-wrap pp-post-filters-dropdown-no\">\n\t\t\t\t<ul class=\"pp-post-filters\">\n\t\t\t\t\t<li class=\"pp-post-filter pp-filter-current\" data-filter=\"*\" data-taxonomy=\"\">Tous<\/li>\n\t\t\t\t\t\t\t\t\t\t\t\t\t\t\t\t\t\t\t\t\t\t\t\t<li class=\"pp-post-filter\" data-filter=\".news\" data-taxonomy=\".category\">Actualit\u00e9s<\/li>\n\t\t\t\t\t\t\t\t\t\t\t\t\t\t\t\t\t\t\t\t\t\t\t\t\t\t<li class=\"pp-post-filter\" data-filter=\".howtouse\" data-taxonomy=\".category\">Mode d'emploi<\/li>\n\t\t\t\t\t\t\t\t\t\t\t\t\t\t\t\t\t\t\t\t\t\t\t\t\t\t<li class=\"pp-post-filter\" data-filter=\".product-reviews\" data-taxonomy=\".category\">Commentaires sur les produits<\/li>\n\t\t\t\t\t\t\t\t\t\t\t\t\t\t\t\t\t\t\t\t\t\t\t\t\t\t<li class=\"pp-post-filter\" data-filter=\".q-a\" data-taxonomy=\".category\">Q&amp;R<\/li>\n\t\t\t\t\t\t\t\t\t\t\t\t\t\t\t\t\t\t\t\t\t\t\t\t\t\t<li class=\"pp-post-filter\" data-filter=\".blogs\" data-taxonomy=\".category\">Blogs<\/li>\n\t\t\t\t\t\t\t\t\t\t\t<\/ul>\n\n\t\t\t\t\t\t\t<\/div>\n\t\t\t\t\t\t\t\t<\/div>\n\t\t\t\t<div class=\"pp-posts-container\">\n\t\t\t\n\t\t\t\t\t\t\t\t\t\t\n\t\t\t<div class=\"pp-posts pp-posts-skin-classic pp-elementor-grid pp-posts-grid\" data-query-type=\"custom\" data-layout=\"grid\" data-page=\"80\" data-skin=\"classic\">\n\t\t\t\t\t\t\t\t\t\t\t<div class=\"pp-post-wrap pp-grid-item-wrap post-83681 post type-post status-publish format-standard has-post-thumbnail hentry category-blogs\">\n\t\t\t\t\t\t<div class=\"pp-post pp-grid-item\">\n\t\t\t\t\t\t<div class=\"pp-post-thumbnail\">\n\t\t\t<div class=\"pp-post-thumbnail-wrap\">\n\t\t\t\t<a href=\"https:\/\/www.konmison.com\/fr\/bad-thermage-side-effects\/\"><img fetchpriority=\"high\" decoding=\"async\" width=\"1024\" height=\"768\" src=\"https:\/\/www.konmison.com\/wp-content\/uploads\/2026\/03\/bad-thermage-side-effects-2.webp\" class=\"attachment-large size-large wp-image-83684\" alt=\"thermage\" srcset=\"https:\/\/www.konmison.com\/wp-content\/uploads\/2026\/03\/bad-thermage-side-effects-2.webp 1024w, https:\/\/www.konmison.com\/wp-content\/uploads\/2026\/03\/bad-thermage-side-effects-2-16x12.webp 16w\" sizes=\"(max-width: 1024px) 100vw, 1024px\" \/><\/a>\t\t\t<\/div>\n\t\t<\/div>\n\t\t\n\t\t\t\t\n\t\t\t\t<div class=\"pp-post-content\">\n\t\t\t\t\t\t\t\t\t\t\t<h3 class=\"pp-post-title\">\n\t\t\t\t<a href=\"https:\/\/www.konmison.com\/fr\/bad-thermage-side-effects\/\">Mauvais effets secondaires du Thermage : Risques r\u00e9els, complications rares et comment les \u00e9viter<\/a>\t\t\t<\/h3>\n\t\t\t\t\t\t\t<div class=\"pp-post-excerpt\">\n\t\t\t<p>Le traitement Thermage, et plus particuli\u00e8rement le Thermage FLX, est la proc\u00e9dure cosm\u00e9tique non invasive de resserrement et de lifting de la peau la plus populaire au monde. Au fil des ans, il est devenu populaire dans le monde entier en raison de sa capacit\u00e9 \u00e0 am\u00e9liorer la texture de la peau gr\u00e2ce \u00e0 une bonne \u00e9limination des rides et \u00e0 des effets de modelage des contours.<\/p>\n\t\t<\/div>\n\t\t\t\t\t\t\t\t<\/div>\n\n\t\t\t\t\t\t\t<\/div>\n\t\t\t\t\t<\/div>\n\t\t\t\t<div class=\"pp-post-wrap pp-grid-item-wrap post-83670 post type-post status-publish format-standard has-post-thumbnail hentry category-blogs\">\n\t\t\t\t\t\t<div class=\"pp-post pp-grid-item\">\n\t\t\t\t\t\t<div class=\"pp-post-thumbnail\">\n\t\t\t<div class=\"pp-post-thumbnail-wrap\">\n\t\t\t\t<a href=\"https:\/\/www.konmison.com\/fr\/proven-marketing-plan-for-aesthetic-clinic\/\"><img decoding=\"async\" width=\"1024\" height=\"768\" src=\"https:\/\/www.konmison.com\/wp-content\/uploads\/2026\/03\/marketing-plan-for-aesthetic-clinic-1.webp\" class=\"attachment-large size-large wp-image-83677\" alt=\"plan de marketing pour une clinique esth\u00e9tique\" srcset=\"https:\/\/www.konmison.com\/wp-content\/uploads\/2026\/03\/marketing-plan-for-aesthetic-clinic-1.webp 1024w, https:\/\/www.konmison.com\/wp-content\/uploads\/2026\/03\/marketing-plan-for-aesthetic-clinic-1-16x12.webp 16w\" sizes=\"(max-width: 1024px) 100vw, 1024px\" \/><\/a>\t\t\t<\/div>\n\t\t<\/div>\n\t\t\n\t\t\t\t\n\t\t\t\t<div class=\"pp-post-content\">\n\t\t\t\t\t\t\t\t\t\t\t<h3 class=\"pp-post-title\">\n\t\t\t\t<a href=\"https:\/\/www.konmison.com\/fr\/proven-marketing-plan-for-aesthetic-clinic\/\">Plan marketing \u00e9prouv\u00e9 pour une clinique d'esth\u00e9tique : Guide et mod\u00e8le<\/a>\t\t\t<\/h3>\n\t\t\t\t\t\t\t<div class=\"pp-post-excerpt\">\n\t\t\t<p>Sur le march\u00e9 concurrentiel actuel de l'esth\u00e9tique et dans le monde num\u00e9rique, il ne suffit pas d'\u00eatre un bon praticien m\u00e9dical disposant d'une clinique ou d'un spa m\u00e9dical confortable pour faire briller son entreprise d'esth\u00e9tique. De nouveaux cabinets d'esth\u00e9tique s'ouvrent chaque jour et les patients \u00e0 la recherche d'une esth\u00e9tique m\u00e9dicale ont plus que jamais l'embarras du choix.<\/p>\n\t\t<\/div>\n\t\t\t\t\t\t\t\t<\/div>\n\n\t\t\t\t\t\t\t<\/div>\n\t\t\t\t\t<\/div>\n\t\t\t\t<div class=\"pp-post-wrap pp-grid-item-wrap post-83661 post type-post status-publish format-standard has-post-thumbnail hentry category-blogs\">\n\t\t\t\t\t\t<div class=\"pp-post pp-grid-item\">\n\t\t\t\t\t\t<div class=\"pp-post-thumbnail\">\n\t\t\t<div class=\"pp-post-thumbnail-wrap\">\n\t\t\t\t<a href=\"https:\/\/www.konmison.com\/fr\/best-hydrodermabrasion-machine\/\"><img decoding=\"async\" width=\"1024\" height=\"768\" src=\"https:\/\/www.konmison.com\/wp-content\/uploads\/2026\/03\/best-hydrodermabrasion-machine-1.webp\" class=\"attachment-large size-large wp-image-83668\" alt=\"meilleure machine d&#039;hydrodermabrasion\" srcset=\"https:\/\/www.konmison.com\/wp-content\/uploads\/2026\/03\/best-hydrodermabrasion-machine-1.webp 1024w, https:\/\/www.konmison.com\/wp-content\/uploads\/2026\/03\/best-hydrodermabrasion-machine-1-16x12.webp 16w\" sizes=\"(max-width: 1024px) 100vw, 1024px\" \/><\/a>\t\t\t<\/div>\n\t\t<\/div>\n\t\t\n\t\t\t\t\n\t\t\t\t<div class=\"pp-post-content\">\n\t\t\t\t\t\t\t\t\t\t\t<h3 class=\"pp-post-title\">\n\t\t\t\t<a href=\"https:\/\/www.konmison.com\/fr\/best-hydrodermabrasion-machine\/\">Meilleur appareil d'hydrodermabrasion : Choix des professionnels et des particuliers<\/a>\t\t\t<\/h3>\n\t\t\t\t\t\t\t<div class=\"pp-post-excerpt\">\n\t\t\t<p>La popularit\u00e9 d'une technologie dans le domaine des soins esth\u00e9tiques n'est jamais le fruit du hasard. L'hydrodermabrasion est devenue l'\u00e9talon-or de nombreux traitements du visage dans l'industrie de la beaut\u00e9, car c'est le seul traitement de la peau qui r\u00e9sout le dilemme \u00e0 long terme entre l'exfoliation \u00e0 haute efficacit\u00e9 et la protection de la barri\u00e8re, ce qui entra\u00eene un rajeunissement total de la peau.<\/p>\n\t\t<\/div>\n\t\t\t\t\t\t\t\t<\/div>\n\n\t\t\t\t\t\t\t<\/div>\n\t\t\t\t\t<\/div>\n\t\t\t\t<div class=\"pp-post-wrap pp-grid-item-wrap post-83650 post type-post status-publish format-standard has-post-thumbnail hentry category-news\">\n\t\t\t\t\t\t<div class=\"pp-post pp-grid-item\">\n\t\t\t\t\t\t<div class=\"pp-post-thumbnail\">\n\t\t\t<div class=\"pp-post-thumbnail-wrap\">\n\t\t\t\t<a href=\"https:\/\/www.konmison.com\/fr\/oxygen-facial-machine-price-guide\/\"><img loading=\"lazy\" decoding=\"async\" width=\"1024\" height=\"768\" src=\"https:\/\/www.konmison.com\/wp-content\/uploads\/2026\/03\/oxygen-facial-machine-1.webp\" class=\"attachment-large size-large wp-image-83656\" alt=\"machine \u00e0 oxyg\u00e8ne pour le visage\" srcset=\"https:\/\/www.konmison.com\/wp-content\/uploads\/2026\/03\/oxygen-facial-machine-1.webp 1024w, https:\/\/www.konmison.com\/wp-content\/uploads\/2026\/03\/oxygen-facial-machine-1-16x12.webp 16w\" sizes=\"(max-width: 1024px) 100vw, 1024px\" \/><\/a>\t\t\t<\/div>\n\t\t<\/div>\n\t\t\n\t\t\t\t\n\t\t\t\t<div class=\"pp-post-content\">\n\t\t\t\t\t\t\t\t\t\t\t<h3 class=\"pp-post-title\">\n\t\t\t\t<a href=\"https:\/\/www.konmison.com\/fr\/oxygen-facial-machine-price-guide\/\">Prix de la machine faciale \u00e0 oxyg\u00e8ne : Du portable au professionnel<\/a>\t\t\t<\/h3>\n\t\t\t\t\t\t\t<div class=\"pp-post-excerpt\">\n\t\t\t<p>Le soin du visage \u00e0 l'oxyg\u00e8ne est devenu une proc\u00e9dure de soin de la peau tr\u00e8s populaire parmi les c\u00e9l\u00e9brit\u00e9s hollywoodiennes et les amateurs de soins de la peau dans l'industrie moderne de la beaut\u00e9 et des spas. Mais lorsque vous commencez \u00e0 chercher le prix d'un appareil de traitement facial \u00e0 l'oxyg\u00e8ne, vous \u00eates g\u00e9n\u00e9ralement d\u00e9concert\u00e9 par l'\u00e9norme diff\u00e9rence de prix qui se situe entre 50 et 5000 dollars.<\/p>\n\t\t<\/div>\n\t\t\t\t\t\t\t\t<\/div>\n\n\t\t\t\t\t\t\t<\/div>\n\t\t\t\t\t<\/div>\n\t\t\t\t<div class=\"pp-post-wrap pp-grid-item-wrap post-83642 post type-post status-publish format-standard has-post-thumbnail hentry category-blogs\">\n\t\t\t\t\t\t<div class=\"pp-post pp-grid-item\">\n\t\t\t\t\t\t<div class=\"pp-post-thumbnail\">\n\t\t\t<div class=\"pp-post-thumbnail-wrap\">\n\t\t\t\t<a href=\"https:\/\/www.konmison.com\/fr\/beauty-salon-business-plan-guide\/\"><img loading=\"lazy\" decoding=\"async\" width=\"1024\" height=\"768\" src=\"https:\/\/www.konmison.com\/wp-content\/uploads\/2026\/03\/beauty-salon-business-plan-1.webp\" class=\"attachment-large size-large wp-image-83648\" alt=\"plan d&#039;affaires d&#039;un salon de beaut\u00e9\" srcset=\"https:\/\/www.konmison.com\/wp-content\/uploads\/2026\/03\/beauty-salon-business-plan-1.webp 1024w, https:\/\/www.konmison.com\/wp-content\/uploads\/2026\/03\/beauty-salon-business-plan-1-16x12.webp 16w\" sizes=\"(max-width: 1024px) 100vw, 1024px\" \/><\/a>\t\t\t<\/div>\n\t\t<\/div>\n\t\t\n\t\t\t\t\n\t\t\t\t<div class=\"pp-post-content\">\n\t\t\t\t\t\t\t\t\t\t\t<h3 class=\"pp-post-title\">\n\t\t\t\t<a href=\"https:\/\/www.konmison.com\/fr\/beauty-salon-business-plan-guide\/\">Plan d'affaires d'un salon de beaut\u00e9 : Du concept \u00e0 la rentabilit\u00e9<\/a>\t\t\t<\/h3>\n\t\t\t\t\t\t\t<div class=\"pp-post-excerpt\">\n\t\t\t<p>Dans le contexte actuel de prosp\u00e9rit\u00e9 du march\u00e9 mondial de la beaut\u00e9 et du bien-\u00eatre, l'id\u00e9e de cr\u00e9er un salon de coiffure prosp\u00e8re est un r\u00eave pour beaucoup.<\/p>\n\t\t<\/div>\n\t\t\t\t\t\t\t\t<\/div>\n\n\t\t\t\t\t\t\t<\/div>\n\t\t\t\t\t<\/div>\n\t\t\t\t<div class=\"pp-post-wrap pp-grid-item-wrap post-83631 post type-post status-publish format-standard has-post-thumbnail hentry category-blogs\">\n\t\t\t\t\t\t<div class=\"pp-post pp-grid-item\">\n\t\t\t\t\t\t<div class=\"pp-post-thumbnail\">\n\t\t\t<div class=\"pp-post-thumbnail-wrap\">\n\t\t\t\t<a href=\"https:\/\/www.konmison.com\/fr\/best-ultrasonic-facial-machine\/\"><img loading=\"lazy\" decoding=\"async\" width=\"1024\" height=\"768\" src=\"https:\/\/www.konmison.com\/wp-content\/uploads\/2026\/03\/ultrasonic-facial-machine-3.webp\" class=\"attachment-large size-large wp-image-83636\" alt=\"machines \u00e0 ultrasons pour le visage\" srcset=\"https:\/\/www.konmison.com\/wp-content\/uploads\/2026\/03\/ultrasonic-facial-machine-3.webp 1024w, https:\/\/www.konmison.com\/wp-content\/uploads\/2026\/03\/ultrasonic-facial-machine-3-16x12.webp 16w\" sizes=\"(max-width: 1024px) 100vw, 1024px\" \/><\/a>\t\t\t<\/div>\n\t\t<\/div>\n\t\t\n\t\t\t\t\n\t\t\t\t<div class=\"pp-post-content\">\n\t\t\t\t\t\t\t\t\t\t\t<h3 class=\"pp-post-title\">\n\t\t\t\t<a href=\"https:\/\/www.konmison.com\/fr\/best-ultrasonic-facial-machine\/\">Les meilleurs appareils \u00e0 ultrasons pour le visage : Des choix approuv\u00e9s par les dermatologues pour chaque type de peau<\/a>\t\t\t<\/h3>\n\t\t\t\t\t\t\t<div class=\"pp-post-excerpt\">\n\t\t\t<p>L'innovation ultrasonique n'est plus l'apanage des salons de beaut\u00e9 de luxe dans le domaine de la technologie contemporaine des soins de la peau. Alors que le march\u00e9 des appareils de beaut\u00e9 \u00e0 domicile explose, les consommateurs exigent plus que jamais d'obtenir le m\u00eame type de r\u00e9sultats qu'en clinique, dans le confort de leur propre maison. <\/p>\n\t\t<\/div>\n\t\t\t\t\t\t\t\t<\/div>\n\n\t\t\t\t\t\t\t<\/div>\n\t\t\t\t\t<\/div>\n\t\t\t\t\t\t\t\t\t<\/div>\n\t\t\t\n\t\t\t\n\t\t\t\n\t\t\t\n\t\t\t\t\t\t\t\t\t\t\t<div class=\"pp-posts-pagination-wrap pp-posts-pagination-bottom\">\n\t\t\t\t\t\t\t\t<nav class=\"pp-posts-pagination pp-posts-pagination-ajax elementor-pagination\" role=\"navigation\" aria-label=\"Pagination\" data-total=\"48\">\n\t\t\t\t<span aria-current=\"page\" class=\"page-numbers current\">1<\/span>\n<a class=\"page-numbers\" href=\"https:\/\/www.konmison.com\/wp-json\/wp\/v2\/pages\/80\/page\/2\/\">2<\/a>\n<a class=\"page-numbers\" href=\"https:\/\/www.konmison.com\/wp-json\/wp\/v2\/pages\/80\/page\/3\/\">3<\/a>\n<span class=\"page-numbers dots\">...<\/span>\n<a class=\"page-numbers\" href=\"https:\/\/www.konmison.com\/wp-json\/wp\/v2\/pages\/80\/page\/48\/\">48<\/a>\n<a class=\"next page-numbers\" href=\"https:\/\/www.konmison.com\/wp-json\/wp\/v2\/pages\/80\/page\/2\/\">Suivant \"<\/a>\t\t\t<\/nav>\n\t\t\t\t\t\t\t<\/div>\n\t\t\t\t\t\t\t\t\t<\/div>\n\n\t\t\n\t\t\t\t<\/div>\n\t\t\t\t<\/div>\n\t\t\t\t\t<\/div>\n\t\t<\/div>\n\t\t\t\t\t<\/div>\n\t\t<\/section>\n\t\t\t\t<section class=\"elementor-section elementor-top-section elementor-element elementor-element-6851410 elementor-section-full_width elementor-section-height-default elementor-section-height-default\" data-id=\"6851410\" data-element_type=\"section\">\n\t\t\t\t\t\t<div class=\"elementor-container elementor-column-gap-default\">\n\t\t\t\t\t<div class=\"elementor-column elementor-col-100 elementor-top-column elementor-element elementor-element-ebb007d\" data-id=\"ebb007d\" data-element_type=\"column\">\n\t\t\t<div class=\"elementor-widget-wrap elementor-element-populated\">\n\t\t\t\t\t\t<div class=\"elementor-element elementor-element-12679b0 elementor-widget elementor-widget-template\" data-id=\"12679b0\" data-element_type=\"widget\" data-widget_type=\"template.default\">\n\t\t\t\t<div class=\"elementor-widget-container\">\n\t\t\t\t\t<div class=\"elementor-template\">\n\t\t\t\t\t<div data-elementor-type=\"section\" data-elementor-id=\"409\" class=\"elementor elementor-409\" data-elementor-post-type=\"elementor_library\">\n\t\t\t\t\t<section class=\"elementor-section elementor-top-section elementor-element elementor-element-76a2c331 elementor-section-boxed elementor-section-height-default elementor-section-height-default\" data-id=\"76a2c331\" data-element_type=\"section\" data-settings=\"{&quot;background_background&quot;:&quot;gradient&quot;}\">\n\t\t\t\t\t\t<div class=\"elementor-container elementor-column-gap-default\">\n\t\t\t\t\t<div class=\"elementor-column elementor-col-100 elementor-top-column elementor-element elementor-element-28a0d243\" data-id=\"28a0d243\" data-element_type=\"column\">\n\t\t\t<div class=\"elementor-widget-wrap elementor-element-populated\">\n\t\t\t\t\t\t<div class=\"elementor-element elementor-element-75afcfbb elementor-widget elementor-widget-heading\" data-id=\"75afcfbb\" data-element_type=\"widget\" data-widget_type=\"heading.default\">\n\t\t\t\t<div class=\"elementor-widget-container\">\n\t\t\t<h2 class=\"elementor-heading-title elementor-size-default\">Promouvoir votre entreprise de beaut\u00e9 gr\u00e2ce \u00e0 la technologie Konmison<\/h2>\t\t<\/div>\n\t\t\t\t<\/div>\n\t\t\t\t<div class=\"elementor-element elementor-element-79548be4 elementor-icon-list--layout-inline elementor-align-center elementor-list-item-link-full_width elementor-widget elementor-widget-icon-list\" data-id=\"79548be4\" data-element_type=\"widget\" data-widget_type=\"icon-list.default\">\n\t\t\t\t<div class=\"elementor-widget-container\">\n\t\t\t\t\t<ul class=\"elementor-icon-list-items elementor-inline-items\">\n\t\t\t\t\t\t\t<li class=\"elementor-icon-list-item elementor-inline-item\">\n\t\t\t\t\t\t\t\t\t\t<span class=\"elementor-icon-list-text\">Pour les propri\u00e9taires de marques, les grossistes et les n\u00e9gociants<\/span>\n\t\t\t\t\t\t\t\t\t<\/li>\n\t\t\t\t\t\t\t\t<li class=\"elementor-icon-list-item elementor-inline-item\">\n\t\t\t\t\t\t\t\t\t\t<span class=\"elementor-icon-list-text\">Pour les entreprises de produits pour la peau<\/span>\n\t\t\t\t\t\t\t\t\t<\/li>\n\t\t\t\t\t\t\t\t<li class=\"elementor-icon-list-item elementor-inline-item\">\n\t\t\t\t\t\t\t\t\t\t<span class=\"elementor-icon-list-text\">Pour les salons de beaut\u00e9\/cliniques\/spas<\/span>\n\t\t\t\t\t\t\t\t\t<\/li>\n\t\t\t\t\t\t<\/ul>\n\t\t\t\t<\/div>\n\t\t\t\t<\/div>\n\t\t\t\t<div class=\"elementor-element elementor-element-4da3b52f elementor-align-center elementor-widget elementor-widget-button\" data-id=\"4da3b52f\" data-element_type=\"widget\" data-widget_type=\"button.default\">\n\t\t\t\t<div class=\"elementor-widget-container\">\n\t\t\t\t\t<div class=\"elementor-button-wrapper\">\n\t\t\t<a class=\"elementor-button elementor-button-link elementor-size-md\" href=\"#elementor-action%3Aaction%3Dpopup%3Aopen%26settings%3DeyJpZCI6IjM0NCIsInRvZ2dsZSI6ZmFsc2V9\">\n\t\t\t\t\t\t<span class=\"elementor-button-content-wrapper\">\n\t\t\t\t\t\t\t\t\t<span class=\"elementor-button-text\">Nous contacter<\/span>\n\t\t\t\t\t<\/span>\n\t\t\t\t\t<\/a>\n\t\t<\/div>\n\t\t\t\t<\/div>\n\t\t\t\t<\/div>\n\t\t\t\t\t<\/div>\n\t\t<\/div>\n\t\t\t\t\t<\/div>\n\t\t<\/section>\n\t\t\t\t<\/div>\n\t\t\t\t<\/div>\n\t\t\t\t<\/div>\n\t\t\t\t<\/div>\n\t\t\t\t\t<\/div>\n\t\t<\/div>\n\t\t\t\t\t<\/div>\n\t\t<\/section>\n\t\t\t\t<\/div>","protected":false},"excerpt":{"rendered":"<p>Toutes les actualit\u00e9s Mode d'emploi Critiques de produits Q&amp;R Blogs Mauvais effets secondaires de Thermage : Les risques r\u00e9els, les complications rares et comment les \u00e9viter Le traitement Thermage, et plus particuli\u00e8rement le Thermage FLX, est la proc\u00e9dure cosm\u00e9tique non invasive de resserrement et de lifting de la peau la plus populaire au monde. Au fil des ans, il est devenu populaire dans le monde entier en raison de sa capacit\u00e9 \u00e0 [...]<\/p>","protected":false},"author":2,"featured_media":0,"parent":0,"menu_order":0,"comment_status":"closed","ping_status":"closed","template":"","meta":{"_seopress_robots_primary_cat":"","_seopress_titles_title":"News and Blogs | Konmison","_seopress_titles_desc":"Looking for the next exhibition? Our news posts keep you up to date with our factory\u2019s latest developments and the new product lines that could improve your brand\u2019s efficiency.","_seopress_robots_index":"","footnotes":""},"class_list":["post-80","page","type-page","status-publish","hentry"],"acf":[],"_links":{"self":[{"href":"https:\/\/www.konmison.com\/fr\/wp-json\/wp\/v2\/pages\/80","targetHints":{"allow":["GET"]}}],"collection":[{"href":"https:\/\/www.konmison.com\/fr\/wp-json\/wp\/v2\/pages"}],"about":[{"href":"https:\/\/www.konmison.com\/fr\/wp-json\/wp\/v2\/types\/page"}],"author":[{"embeddable":true,"href":"https:\/\/www.konmison.com\/fr\/wp-json\/wp\/v2\/users\/2"}],"replies":[{"embeddable":true,"href":"https:\/\/www.konmison.com\/fr\/wp-json\/wp\/v2\/comments?post=80"}],"version-history":[{"count":20,"href":"https:\/\/www.konmison.com\/fr\/wp-json\/wp\/v2\/pages\/80\/revisions"}],"predecessor-version":[{"id":83728,"href":"https:\/\/www.konmison.com\/fr\/wp-json\/wp\/v2\/pages\/80\/revisions\/83728"}],"wp:attachment":[{"href":"https:\/\/www.konmison.com\/fr\/wp-json\/wp\/v2\/media?parent=80"}],"curies":[{"name":"wp","href":"https:\/\/api.w.org\/{rel}","templated":true}]}}