{"id":80,"date":"2022-05-30T10:10:01","date_gmt":"2022-05-30T02:10:01","guid":{"rendered":"https:\/\/www.konmison.com\/?page_id=80"},"modified":"2026-04-03T17:46:09","modified_gmt":"2026-04-03T09:46:09","slug":"blog-di-notizie","status":"publish","type":"page","link":"https:\/\/www.konmison.com\/it\/blog-di-notizie\/","title":{"rendered":"Notizie e blog"},"content":{"rendered":"<div data-elementor-type=\"wp-page\" data-elementor-id=\"80\" class=\"elementor elementor-80\" data-elementor-post-type=\"page\">\n\t\t\t\t\t\t<section class=\"elementor-section elementor-top-section elementor-element elementor-element-07676a8 elementor-section-full_width elementor-section-height-default elementor-section-height-default\" data-id=\"07676a8\" data-element_type=\"section\">\n\t\t\t\t\t\t<div class=\"elementor-container elementor-column-gap-default\">\n\t\t\t\t\t<div class=\"elementor-column elementor-col-100 elementor-top-column elementor-element elementor-element-ee02516\" data-id=\"ee02516\" data-element_type=\"column\">\n\t\t\t<div class=\"elementor-widget-wrap elementor-element-populated\">\n\t\t\t\t\t\t<div class=\"elementor-element elementor-element-b321a55 elementor-widget elementor-widget-template\" data-id=\"b321a55\" data-element_type=\"widget\" data-widget_type=\"template.default\">\n\t\t\t\t<div class=\"elementor-widget-container\">\n\t\t\t\t\t<div class=\"elementor-template\">\n\t\t\t\t\t<div data-elementor-type=\"section\" data-elementor-id=\"295\" class=\"elementor elementor-295\" data-elementor-post-type=\"elementor_library\">\n\t\t\t\t\t<section class=\"elementor-section elementor-top-section elementor-element elementor-element-32659aa7 elementor-section-height-min-height elementor-section-boxed elementor-section-height-default elementor-section-items-middle\" data-id=\"32659aa7\" data-element_type=\"section\" data-settings=\"{&quot;background_background&quot;:&quot;classic&quot;,&quot;background_motion_fx_motion_fx_scrolling&quot;:&quot;yes&quot;,&quot;background_motion_fx_translateY_effect&quot;:&quot;yes&quot;,&quot;background_motion_fx_translateY_speed&quot;:{&quot;unit&quot;:&quot;px&quot;,&quot;size&quot;:3.6,&quot;sizes&quot;:[]},&quot;background_motion_fx_translateY_affectedRange&quot;:{&quot;unit&quot;:&quot;%&quot;,&quot;size&quot;:&quot;&quot;,&quot;sizes&quot;:{&quot;start&quot;:0,&quot;end&quot;:100}},&quot;background_motion_fx_devices&quot;:[&quot;desktop&quot;,&quot;tablet&quot;,&quot;mobile&quot;]}\">\n\t\t\t\t\t\t\t<div class=\"elementor-background-overlay\"><\/div>\n\t\t\t\t\t\t\t<div class=\"elementor-container elementor-column-gap-default\">\n\t\t\t\t\t<div class=\"elementor-column elementor-col-100 elementor-top-column elementor-element elementor-element-3733c9a8\" data-id=\"3733c9a8\" data-element_type=\"column\">\n\t\t\t<div class=\"elementor-widget-wrap elementor-element-populated\">\n\t\t\t\t\t\t<div class=\"elementor-element elementor-element-9702255 elementor-widget elementor-widget-pp-breadcrumbs\" data-id=\"9702255\" data-element_type=\"widget\" data-settings=\"{&quot;breadcrumbs_type&quot;:&quot;powerpack&quot;}\" data-widget_type=\"pp-breadcrumbs.default\">\n\t\t\t\t<div class=\"elementor-widget-container\">\n\t\t\t<ul class=\"pp-breadcrumbs pp-breadcrumbs-powerpack\">\t\t<li class=\"pp-breadcrumbs-item pp-breadcrumbs-item-home\">\n\t\t\t<a class=\"pp-breadcrumbs-crumb pp-breadcrumbs-crumb-link pp-breadcrumbs-crumb-home\" href=\"https:\/\/www.konmison.com\/it\" title=\"Casa\">\n\t\t\t\t<span class=\"pp-breadcrumbs-text\">\n\t\t\t\t\t\t\t\t\t\tCasa\t\t\t\t<\/span>\n\t\t\t<\/a>\n\t\t<\/li>\n\t\t<li class=\"pp-breadcrumbs-separator\">\t\t\t\t<span class='pp-separator-icon pp-icon'>\n\t\t\t\t\t<i aria-hidden=\"true\" class=\"fas fa-angle-right\"><\/i>\t\t\t\t<\/span>\n\t\t\t\t<\/li><\/ul>\t\t<\/div>\n\t\t\t\t<\/div>\n\t\t\t\t\t<\/div>\n\t\t<\/div>\n\t\t\t\t\t<\/div>\n\t\t<\/section>\n\t\t\t\t<\/div>\n\t\t\t\t<\/div>\n\t\t\t\t<\/div>\n\t\t\t\t<\/div>\n\t\t\t\t\t<\/div>\n\t\t<\/div>\n\t\t\t\t\t<\/div>\n\t\t<\/section>\n\t\t\t\t<section class=\"elementor-section elementor-top-section elementor-element elementor-element-efadc46 elementor-section-boxed elementor-section-height-default elementor-section-height-default\" data-id=\"efadc46\" data-element_type=\"section\">\n\t\t\t\t\t\t<div class=\"elementor-container elementor-column-gap-default\">\n\t\t\t\t\t<div class=\"elementor-column elementor-col-100 elementor-top-column elementor-element elementor-element-12e71e5\" data-id=\"12e71e5\" data-element_type=\"column\">\n\t\t\t<div class=\"elementor-widget-wrap elementor-element-populated\">\n\t\t\t\t\t\t<div class=\"elementor-element elementor-element-e271f43 elementor-grid-3 elementor-grid-tablet-2 elementor-grid-mobile-1 pp-post-filters-align-left elementor-widget elementor-widget-pp-posts\" data-id=\"e271f43\" data-element_type=\"widget\" data-widget_type=\"pp-posts.classic\">\n\t\t\t\t<div class=\"elementor-widget-container\">\n\t\t\t\t\t<div class=\"pp-post-filters-container\">\n\t\t\t\t\t\t<div class=\"pp-post-filters-wrap pp-post-filters-dropdown-no\">\n\t\t\t\t<ul class=\"pp-post-filters\">\n\t\t\t\t\t<li class=\"pp-post-filter pp-filter-current\" data-filter=\"*\" data-taxonomy=\"\">Tutti<\/li>\n\t\t\t\t\t\t\t\t\t\t\t\t\t\t\t\t\t\t\t\t\t\t\t\t<li class=\"pp-post-filter\" data-filter=\".news\" data-taxonomy=\".category\">Notizie<\/li>\n\t\t\t\t\t\t\t\t\t\t\t\t\t\t\t\t\t\t\t\t\t\t\t\t\t\t<li class=\"pp-post-filter\" data-filter=\".howtouse\" data-taxonomy=\".category\">Come si usa<\/li>\n\t\t\t\t\t\t\t\t\t\t\t\t\t\t\t\t\t\t\t\t\t\t\t\t\t\t<li class=\"pp-post-filter\" data-filter=\".product-reviews\" data-taxonomy=\".category\">Recensioni dei prodotti<\/li>\n\t\t\t\t\t\t\t\t\t\t\t\t\t\t\t\t\t\t\t\t\t\t\t\t\t\t<li class=\"pp-post-filter\" data-filter=\".q-a\" data-taxonomy=\".category\">DOMANDE E RISPOSTE<\/li>\n\t\t\t\t\t\t\t\t\t\t\t\t\t\t\t\t\t\t\t\t\t\t\t\t\t\t<li class=\"pp-post-filter\" data-filter=\".blogs\" data-taxonomy=\".category\">Blog<\/li>\n\t\t\t\t\t\t\t\t\t\t\t<\/ul>\n\n\t\t\t\t\t\t\t<\/div>\n\t\t\t\t\t\t\t\t<\/div>\n\t\t\t\t<div class=\"pp-posts-container\">\n\t\t\t\n\t\t\t\t\t\t\t\t\t\t\n\t\t\t<div class=\"pp-posts pp-posts-skin-classic pp-elementor-grid pp-posts-grid\" data-query-type=\"custom\" data-layout=\"grid\" data-page=\"80\" data-skin=\"classic\">\n\t\t\t\t\t\t\t\t\t\t\t<div class=\"pp-post-wrap pp-grid-item-wrap post-83681 post type-post status-publish format-standard has-post-thumbnail hentry category-blogs\">\n\t\t\t\t\t\t<div class=\"pp-post pp-grid-item\">\n\t\t\t\t\t\t<div class=\"pp-post-thumbnail\">\n\t\t\t<div class=\"pp-post-thumbnail-wrap\">\n\t\t\t\t<a href=\"https:\/\/www.konmison.com\/it\/bad-thermage-side-effects\/\"><img fetchpriority=\"high\" decoding=\"async\" width=\"1024\" height=\"768\" src=\"https:\/\/www.konmison.com\/wp-content\/uploads\/2026\/03\/bad-thermage-side-effects-2.webp\" class=\"attachment-large size-large wp-image-83684\" alt=\"thermage\" srcset=\"https:\/\/www.konmison.com\/wp-content\/uploads\/2026\/03\/bad-thermage-side-effects-2.webp 1024w, https:\/\/www.konmison.com\/wp-content\/uploads\/2026\/03\/bad-thermage-side-effects-2-16x12.webp 16w\" sizes=\"(max-width: 1024px) 100vw, 1024px\" \/><\/a>\t\t\t<\/div>\n\t\t<\/div>\n\t\t\n\t\t\t\t\n\t\t\t\t<div class=\"pp-post-content\">\n\t\t\t\t\t\t\t\t\t\t\t<h3 class=\"pp-post-title\">\n\t\t\t\t<a href=\"https:\/\/www.konmison.com\/it\/bad-thermage-side-effects\/\">Effetti collaterali del Thermage: Rischi reali, complicazioni rare e come evitarle<\/a>\t\t\t<\/h3>\n\t\t\t\t\t\t\t<div class=\"pp-post-excerpt\">\n\t\t\t<p>Il trattamento Thermage, in particolare l'avanzato Thermage FLX, \u00e8 la procedura cosmetica non invasiva di rassodamento e sollevamento della pelle pi\u00f9 diffusa al mondo. Nel corso degli anni si \u00e8 diffuso in tutto il mondo grazie alla sua capacit\u00e0 di migliorare la struttura della pelle attraverso la rimozione delle rughe e il modellamento dei contorni.<\/p>\n\t\t<\/div>\n\t\t\t\t\t\t\t\t<\/div>\n\n\t\t\t\t\t\t\t<\/div>\n\t\t\t\t\t<\/div>\n\t\t\t\t<div class=\"pp-post-wrap pp-grid-item-wrap post-83670 post type-post status-publish format-standard has-post-thumbnail hentry category-blogs\">\n\t\t\t\t\t\t<div class=\"pp-post pp-grid-item\">\n\t\t\t\t\t\t<div class=\"pp-post-thumbnail\">\n\t\t\t<div class=\"pp-post-thumbnail-wrap\">\n\t\t\t\t<a href=\"https:\/\/www.konmison.com\/it\/proven-marketing-plan-for-aesthetic-clinic\/\"><img decoding=\"async\" width=\"1024\" height=\"768\" src=\"https:\/\/www.konmison.com\/wp-content\/uploads\/2026\/03\/marketing-plan-for-aesthetic-clinic-1.webp\" class=\"attachment-large size-large wp-image-83677\" alt=\"Piano di marketing per clinica estetica\" srcset=\"https:\/\/www.konmison.com\/wp-content\/uploads\/2026\/03\/marketing-plan-for-aesthetic-clinic-1.webp 1024w, https:\/\/www.konmison.com\/wp-content\/uploads\/2026\/03\/marketing-plan-for-aesthetic-clinic-1-16x12.webp 16w\" sizes=\"(max-width: 1024px) 100vw, 1024px\" \/><\/a>\t\t\t<\/div>\n\t\t<\/div>\n\t\t\n\t\t\t\t\n\t\t\t\t<div class=\"pp-post-content\">\n\t\t\t\t\t\t\t\t\t\t\t<h3 class=\"pp-post-title\">\n\t\t\t\t<a href=\"https:\/\/www.konmison.com\/it\/proven-marketing-plan-for-aesthetic-clinic\/\">Piano di marketing comprovato per la clinica estetica: Guida e modello<\/a>\t\t\t<\/h3>\n\t\t\t\t\t\t\t<div class=\"pp-post-excerpt\">\n\t\t\t<p>Nell'attuale mercato competitivo dell'estetica e nel mondo digitale, essere un buon medico con una clinica o un centro benessere confortevole non \u00e8 sufficiente per far brillare la vostra attivit\u00e0 di estetica. Ogni giorno vengono aperti nuovi studi estetici e i pazienti che cercano un trattamento medico-estetico hanno pi\u00f9 che mai pi\u00f9 opzioni.<\/p>\n\t\t<\/div>\n\t\t\t\t\t\t\t\t<\/div>\n\n\t\t\t\t\t\t\t<\/div>\n\t\t\t\t\t<\/div>\n\t\t\t\t<div class=\"pp-post-wrap pp-grid-item-wrap post-83661 post type-post status-publish format-standard has-post-thumbnail hentry category-blogs\">\n\t\t\t\t\t\t<div class=\"pp-post pp-grid-item\">\n\t\t\t\t\t\t<div class=\"pp-post-thumbnail\">\n\t\t\t<div class=\"pp-post-thumbnail-wrap\">\n\t\t\t\t<a href=\"https:\/\/www.konmison.com\/it\/best-hydrodermabrasion-machine\/\"><img decoding=\"async\" width=\"1024\" height=\"768\" src=\"https:\/\/www.konmison.com\/wp-content\/uploads\/2026\/03\/best-hydrodermabrasion-machine-1.webp\" class=\"attachment-large size-large wp-image-83668\" alt=\"migliore macchina per idrodermoabrasione\" srcset=\"https:\/\/www.konmison.com\/wp-content\/uploads\/2026\/03\/best-hydrodermabrasion-machine-1.webp 1024w, https:\/\/www.konmison.com\/wp-content\/uploads\/2026\/03\/best-hydrodermabrasion-machine-1-16x12.webp 16w\" sizes=\"(max-width: 1024px) 100vw, 1024px\" \/><\/a>\t\t\t<\/div>\n\t\t<\/div>\n\t\t\n\t\t\t\t\n\t\t\t\t<div class=\"pp-post-content\">\n\t\t\t\t\t\t\t\t\t\t\t<h3 class=\"pp-post-title\">\n\t\t\t\t<a href=\"https:\/\/www.konmison.com\/it\/best-hydrodermabrasion-machine\/\">La migliore macchina per l'idrodermoabrasione: Scelte professionali e domestiche<\/a>\t\t\t<\/h3>\n\t\t\t\t\t\t\t<div class=\"pp-post-excerpt\">\n\t\t\t<p>La popolarit\u00e0 di una tecnologia nell'ambito della cura estetica della pelle non \u00e8 mai una coincidenza. L'idrodermoabrasione \u00e8 diventata il gold standard di molti trattamenti per il viso nell'industria della bellezza, poich\u00e9 \u00e8 l'unico trattamento cutaneo che risolve il dilemma a lungo termine tra l'esfoliazione ad alta efficienza e la protezione della barriera, ottenendo un ringiovanimento totale della pelle.<\/p>\n\t\t<\/div>\n\t\t\t\t\t\t\t\t<\/div>\n\n\t\t\t\t\t\t\t<\/div>\n\t\t\t\t\t<\/div>\n\t\t\t\t<div class=\"pp-post-wrap pp-grid-item-wrap post-83650 post type-post status-publish format-standard has-post-thumbnail hentry category-news\">\n\t\t\t\t\t\t<div class=\"pp-post pp-grid-item\">\n\t\t\t\t\t\t<div class=\"pp-post-thumbnail\">\n\t\t\t<div class=\"pp-post-thumbnail-wrap\">\n\t\t\t\t<a href=\"https:\/\/www.konmison.com\/it\/oxygen-facial-machine-price-guide\/\"><img loading=\"lazy\" decoding=\"async\" width=\"1024\" height=\"768\" src=\"https:\/\/www.konmison.com\/wp-content\/uploads\/2026\/03\/oxygen-facial-machine-1.webp\" class=\"attachment-large size-large wp-image-83656\" alt=\"macchina per ossigeno per il viso\" srcset=\"https:\/\/www.konmison.com\/wp-content\/uploads\/2026\/03\/oxygen-facial-machine-1.webp 1024w, https:\/\/www.konmison.com\/wp-content\/uploads\/2026\/03\/oxygen-facial-machine-1-16x12.webp 16w\" sizes=\"(max-width: 1024px) 100vw, 1024px\" \/><\/a>\t\t\t<\/div>\n\t\t<\/div>\n\t\t\n\t\t\t\t\n\t\t\t\t<div class=\"pp-post-content\">\n\t\t\t\t\t\t\t\t\t\t\t<h3 class=\"pp-post-title\">\n\t\t\t\t<a href=\"https:\/\/www.konmison.com\/it\/oxygen-facial-machine-price-guide\/\">Prezzo della macchina per il viso all'ossigeno: Da portatile a professionale<\/a>\t\t\t<\/h3>\n\t\t\t\t\t\t\t<div class=\"pp-post-excerpt\">\n\t\t\t<p>L'Oxygen Facial \u00e8 diventata una procedura di cura della pelle popolare tra le celebrit\u00e0 di Hollywood e i comuni amanti della cura della pelle nel moderno settore della bellezza e delle terme. Ma una volta che si inizia a cercare il prezzo della macchina per il viso all'ossigeno, di solito si \u00e8 confusi dall'enorme differenza di prezzo, tra i 50 e i 5000 dollari.<\/p>\n\t\t<\/div>\n\t\t\t\t\t\t\t\t<\/div>\n\n\t\t\t\t\t\t\t<\/div>\n\t\t\t\t\t<\/div>\n\t\t\t\t<div class=\"pp-post-wrap pp-grid-item-wrap post-83642 post type-post status-publish format-standard has-post-thumbnail hentry category-blogs\">\n\t\t\t\t\t\t<div class=\"pp-post pp-grid-item\">\n\t\t\t\t\t\t<div class=\"pp-post-thumbnail\">\n\t\t\t<div class=\"pp-post-thumbnail-wrap\">\n\t\t\t\t<a href=\"https:\/\/www.konmison.com\/it\/beauty-salon-business-plan-guide\/\"><img loading=\"lazy\" decoding=\"async\" width=\"1024\" height=\"768\" src=\"https:\/\/www.konmison.com\/wp-content\/uploads\/2026\/03\/beauty-salon-business-plan-1.webp\" class=\"attachment-large size-large wp-image-83648\" alt=\"piano aziendale del salone di bellezza\" srcset=\"https:\/\/www.konmison.com\/wp-content\/uploads\/2026\/03\/beauty-salon-business-plan-1.webp 1024w, https:\/\/www.konmison.com\/wp-content\/uploads\/2026\/03\/beauty-salon-business-plan-1-16x12.webp 16w\" sizes=\"(max-width: 1024px) 100vw, 1024px\" \/><\/a>\t\t\t<\/div>\n\t\t<\/div>\n\t\t\n\t\t\t\t\n\t\t\t\t<div class=\"pp-post-content\">\n\t\t\t\t\t\t\t\t\t\t\t<h3 class=\"pp-post-title\">\n\t\t\t\t<a href=\"https:\/\/www.konmison.com\/it\/beauty-salon-business-plan-guide\/\">Piano d'impresa del salone di bellezza: Dal concetto al profitto<\/a>\t\t\t<\/h3>\n\t\t\t\t\t\t\t<div class=\"pp-post-excerpt\">\n\t\t\t<p>Nell'ambiente dell'attuale fiorente mercato globale della bellezza e del benessere, l'idea di aprire un salone di successo \u00e8 un sogno per molti.<\/p>\n\t\t<\/div>\n\t\t\t\t\t\t\t\t<\/div>\n\n\t\t\t\t\t\t\t<\/div>\n\t\t\t\t\t<\/div>\n\t\t\t\t<div class=\"pp-post-wrap pp-grid-item-wrap post-83631 post type-post status-publish format-standard has-post-thumbnail hentry category-blogs\">\n\t\t\t\t\t\t<div class=\"pp-post pp-grid-item\">\n\t\t\t\t\t\t<div class=\"pp-post-thumbnail\">\n\t\t\t<div class=\"pp-post-thumbnail-wrap\">\n\t\t\t\t<a href=\"https:\/\/www.konmison.com\/it\/best-ultrasonic-facial-machine\/\"><img loading=\"lazy\" decoding=\"async\" width=\"1024\" height=\"768\" src=\"https:\/\/www.konmison.com\/wp-content\/uploads\/2026\/03\/ultrasonic-facial-machine-3.webp\" class=\"attachment-large size-large wp-image-83636\" alt=\"macchine per il viso a ultrasuoni\" srcset=\"https:\/\/www.konmison.com\/wp-content\/uploads\/2026\/03\/ultrasonic-facial-machine-3.webp 1024w, https:\/\/www.konmison.com\/wp-content\/uploads\/2026\/03\/ultrasonic-facial-machine-3-16x12.webp 16w\" sizes=\"(max-width: 1024px) 100vw, 1024px\" \/><\/a>\t\t\t<\/div>\n\t\t<\/div>\n\t\t\n\t\t\t\t\n\t\t\t\t<div class=\"pp-post-content\">\n\t\t\t\t\t\t\t\t\t\t\t<h3 class=\"pp-post-title\">\n\t\t\t\t<a href=\"https:\/\/www.konmison.com\/it\/best-ultrasonic-facial-machine\/\">Le migliori macchine per il viso a ultrasuoni: Scelte approvate da Derm per ogni tipo di pelle<\/a>\t\t\t<\/h3>\n\t\t\t\t\t\t\t<div class=\"pp-post-excerpt\">\n\t\t\t<p>L'innovazione a ultrasuoni non \u00e8 pi\u00f9 una prerogativa dei saloni di bellezza di lusso nell'arena della tecnologia per la cura della pelle contemporanea. Con l'esplosione del mercato dei dispositivi di bellezza per uso domestico, i consumatori chiedono pi\u00f9 che mai di ottenere lo stesso tipo di risultati che otterrebbero in clinica nel comfort della propria casa. <\/p>\n\t\t<\/div>\n\t\t\t\t\t\t\t\t<\/div>\n\n\t\t\t\t\t\t\t<\/div>\n\t\t\t\t\t<\/div>\n\t\t\t\t\t\t\t\t\t<\/div>\n\t\t\t\n\t\t\t\n\t\t\t\n\t\t\t\n\t\t\t\t\t\t\t\t\t\t\t<div class=\"pp-posts-pagination-wrap pp-posts-pagination-bottom\">\n\t\t\t\t\t\t\t\t<nav class=\"pp-posts-pagination pp-posts-pagination-ajax elementor-pagination\" role=\"navigation\" aria-label=\"Paginazione\" data-total=\"48\">\n\t\t\t\t<span aria-current=\"page\" class=\"page-numbers current\">1<\/span>\n<a class=\"page-numbers\" href=\"https:\/\/www.konmison.com\/wp-json\/wp\/v2\/pages\/80\/page\/2\/\">2<\/a>\n<a class=\"page-numbers\" href=\"https:\/\/www.konmison.com\/wp-json\/wp\/v2\/pages\/80\/page\/3\/\">3<\/a>\n<span class=\"page-numbers dots\">...<\/span>\n<a class=\"page-numbers\" href=\"https:\/\/www.konmison.com\/wp-json\/wp\/v2\/pages\/80\/page\/48\/\">48<\/a>\n<a class=\"next page-numbers\" href=\"https:\/\/www.konmison.com\/wp-json\/wp\/v2\/pages\/80\/page\/2\/\">Successivo \"<\/a>\t\t\t<\/nav>\n\t\t\t\t\t\t\t<\/div>\n\t\t\t\t\t\t\t\t\t<\/div>\n\n\t\t\n\t\t\t\t<\/div>\n\t\t\t\t<\/div>\n\t\t\t\t\t<\/div>\n\t\t<\/div>\n\t\t\t\t\t<\/div>\n\t\t<\/section>\n\t\t\t\t<section class=\"elementor-section elementor-top-section elementor-element elementor-element-6851410 elementor-section-full_width elementor-section-height-default elementor-section-height-default\" data-id=\"6851410\" data-element_type=\"section\">\n\t\t\t\t\t\t<div class=\"elementor-container elementor-column-gap-default\">\n\t\t\t\t\t<div class=\"elementor-column elementor-col-100 elementor-top-column elementor-element elementor-element-ebb007d\" data-id=\"ebb007d\" data-element_type=\"column\">\n\t\t\t<div class=\"elementor-widget-wrap elementor-element-populated\">\n\t\t\t\t\t\t<div class=\"elementor-element elementor-element-12679b0 elementor-widget elementor-widget-template\" data-id=\"12679b0\" data-element_type=\"widget\" data-widget_type=\"template.default\">\n\t\t\t\t<div class=\"elementor-widget-container\">\n\t\t\t\t\t<div class=\"elementor-template\">\n\t\t\t\t\t<div data-elementor-type=\"section\" data-elementor-id=\"409\" class=\"elementor elementor-409\" data-elementor-post-type=\"elementor_library\">\n\t\t\t\t\t<section class=\"elementor-section elementor-top-section elementor-element elementor-element-76a2c331 elementor-section-boxed elementor-section-height-default elementor-section-height-default\" data-id=\"76a2c331\" data-element_type=\"section\" data-settings=\"{&quot;background_background&quot;:&quot;gradient&quot;}\">\n\t\t\t\t\t\t<div class=\"elementor-container elementor-column-gap-default\">\n\t\t\t\t\t<div class=\"elementor-column elementor-col-100 elementor-top-column elementor-element elementor-element-28a0d243\" data-id=\"28a0d243\" data-element_type=\"column\">\n\t\t\t<div class=\"elementor-widget-wrap elementor-element-populated\">\n\t\t\t\t\t\t<div class=\"elementor-element elementor-element-75afcfbb elementor-widget elementor-widget-heading\" data-id=\"75afcfbb\" data-element_type=\"widget\" data-widget_type=\"heading.default\">\n\t\t\t\t<div class=\"elementor-widget-container\">\n\t\t\t<h2 class=\"elementor-heading-title elementor-size-default\">Promuovere l'attivit\u00e0 di bellezza con la tecnologia Konmison<\/h2>\t\t<\/div>\n\t\t\t\t<\/div>\n\t\t\t\t<div class=\"elementor-element elementor-element-79548be4 elementor-icon-list--layout-inline elementor-align-center elementor-list-item-link-full_width elementor-widget elementor-widget-icon-list\" data-id=\"79548be4\" data-element_type=\"widget\" data-widget_type=\"icon-list.default\">\n\t\t\t\t<div class=\"elementor-widget-container\">\n\t\t\t\t\t<ul class=\"elementor-icon-list-items elementor-inline-items\">\n\t\t\t\t\t\t\t<li class=\"elementor-icon-list-item elementor-inline-item\">\n\t\t\t\t\t\t\t\t\t\t<span class=\"elementor-icon-list-text\">Per i proprietari di marchi\/grossisti\/commercianti<\/span>\n\t\t\t\t\t\t\t\t\t<\/li>\n\t\t\t\t\t\t\t\t<li class=\"elementor-icon-list-item elementor-inline-item\">\n\t\t\t\t\t\t\t\t\t\t<span class=\"elementor-icon-list-text\">Per le aziende di prodotti per la pelle<\/span>\n\t\t\t\t\t\t\t\t\t<\/li>\n\t\t\t\t\t\t\t\t<li class=\"elementor-icon-list-item elementor-inline-item\">\n\t\t\t\t\t\t\t\t\t\t<span class=\"elementor-icon-list-text\">Per saloni di bellezza\/cliniche\/centri benessere<\/span>\n\t\t\t\t\t\t\t\t\t<\/li>\n\t\t\t\t\t\t<\/ul>\n\t\t\t\t<\/div>\n\t\t\t\t<\/div>\n\t\t\t\t<div class=\"elementor-element elementor-element-4da3b52f elementor-align-center elementor-widget elementor-widget-button\" data-id=\"4da3b52f\" data-element_type=\"widget\" data-widget_type=\"button.default\">\n\t\t\t\t<div class=\"elementor-widget-container\">\n\t\t\t\t\t<div class=\"elementor-button-wrapper\">\n\t\t\t<a class=\"elementor-button elementor-button-link elementor-size-md\" href=\"#elementor-action%3Aaction%3Dpopup%3Aopen%26settings%3DeyJpZCI6IjM0NCIsInRvZ2dsZSI6ZmFsc2V9\">\n\t\t\t\t\t\t<span class=\"elementor-button-content-wrapper\">\n\t\t\t\t\t\t\t\t\t<span class=\"elementor-button-text\">Contatto<\/span>\n\t\t\t\t\t<\/span>\n\t\t\t\t\t<\/a>\n\t\t<\/div>\n\t\t\t\t<\/div>\n\t\t\t\t<\/div>\n\t\t\t\t\t<\/div>\n\t\t<\/div>\n\t\t\t\t\t<\/div>\n\t\t<\/section>\n\t\t\t\t<\/div>\n\t\t\t\t<\/div>\n\t\t\t\t<\/div>\n\t\t\t\t<\/div>\n\t\t\t\t\t<\/div>\n\t\t<\/div>\n\t\t\t\t\t<\/div>\n\t\t<\/section>\n\t\t\t\t<\/div>","protected":false},"excerpt":{"rendered":"<p>Tutte le notizie Come si usa Recensioni sui prodotti Domande e Risposte Blog Cattivi effetti collaterali di Thermage: Rischi reali, complicazioni rare e come evitarli Il trattamento Thermage, in particolare l'avanzato Thermage FLX, \u00e8 la procedura cosmetica non invasiva di rafforzamento e sollevamento della pelle pi\u00f9 diffusa al mondo. Nel corso degli anni si \u00e8 diffuso in tutto il mondo grazie alla sua capacit\u00e0 di [...]<\/p>","protected":false},"author":2,"featured_media":0,"parent":0,"menu_order":0,"comment_status":"closed","ping_status":"closed","template":"","meta":{"_seopress_robots_primary_cat":"","_seopress_titles_title":"News and Blogs | Konmison","_seopress_titles_desc":"Looking for the next exhibition? Our news posts keep you up to date with our factory\u2019s latest developments and the new product lines that could improve your brand\u2019s efficiency.","_seopress_robots_index":"","footnotes":""},"class_list":["post-80","page","type-page","status-publish","hentry"],"acf":[],"_links":{"self":[{"href":"https:\/\/www.konmison.com\/it\/wp-json\/wp\/v2\/pages\/80","targetHints":{"allow":["GET"]}}],"collection":[{"href":"https:\/\/www.konmison.com\/it\/wp-json\/wp\/v2\/pages"}],"about":[{"href":"https:\/\/www.konmison.com\/it\/wp-json\/wp\/v2\/types\/page"}],"author":[{"embeddable":true,"href":"https:\/\/www.konmison.com\/it\/wp-json\/wp\/v2\/users\/2"}],"replies":[{"embeddable":true,"href":"https:\/\/www.konmison.com\/it\/wp-json\/wp\/v2\/comments?post=80"}],"version-history":[{"count":20,"href":"https:\/\/www.konmison.com\/it\/wp-json\/wp\/v2\/pages\/80\/revisions"}],"predecessor-version":[{"id":83728,"href":"https:\/\/www.konmison.com\/it\/wp-json\/wp\/v2\/pages\/80\/revisions\/83728"}],"wp:attachment":[{"href":"https:\/\/www.konmison.com\/it\/wp-json\/wp\/v2\/media?parent=80"}],"curies":[{"name":"wp","href":"https:\/\/api.w.org\/{rel}","templated":true}]}}